{"id":605,"date":"2022-05-10T09:48:23","date_gmt":"2022-05-10T09:48:23","guid":{"rendered":"https:\/\/mandalailu.ee\/?post_type=product&#038;p=605"},"modified":"2024-11-27T17:44:56","modified_gmt":"2024-11-27T17:44:56","slug":"kaevoru-7","status":"publish","type":"product","link":"https:\/\/mandalailu.ee\/en\/product\/kaevoru-7\/","title":{"rendered":"Muutust loov k\u00e4ev\u00f5ru"},"content":{"rendered":"<h2 style=\"text-align: left;\">Muutust loov k\u00e4ev\u00f5ru:<\/h2>\n<ul>\n<li><strong>BOTSWANA AHHAAT<\/strong> on kristall, mis toob suuri muutusi. P\u00e4ikeseloojangu kristall loojub muutuste kallaste taha, tuues kaasa maandavaid lainetusi ja uusi hiilgavaid ideid. Botswana Ahhaat on eriti kasulik, kui tunned end paigal seisvat. Tema \u00f5rn ja toitev energia aitab Sul leida eesm\u00e4rgi ja uue j\u00f5u. Ta on s\u00fcdame hingekivi.<\/li>\n<li><strong>TIIGRISILM<\/strong> pakub kaitset, toob esile Su tugevused ning teeb Sind julgemaks. Tiigrisilm on toeks negatiivse energia puhastamisel ja enesehinnangu t\u00f5stmisel. Tiigrisilma eesm\u00e4rk on \u00fchenduse loomine kolme madalama t\u0161akraga. Need kolm t\u0161akrat (juurt\u0161akra, p\u00e4ikesep\u00f5imik ja sakraalt\u0161akra) aitavad Sul end maandada ning \u00e4ratada Sinus v\u00f5itleja hinge. &#8220;Selle Malaga loon \u00fchenduse end sisemise julgusega ning astun sammu l\u00e4hemale seistes iseenda eest &#8220;<\/li>\n<li><strong>KVARTS<\/strong>id\u00a0on tervendamise teel \u00fcks v\u00f5imsamaid kristalle. Seet\u00f5ttu nimetatakse neid sageli ka \u201ctervendamise kuningaks\u201d. Kanna Kvartsi kui tunned, et Su energiad on blokeeritud v\u00f5i meeleolud k\u00f5iguvad pigem negatiivsele poolele.<\/li>\n<li><strong>M\u00c4EKRISTALL<\/strong>i peetakse meistertervendajaks, millel on tasakaalustavad ning energiav\u00f5imendavad omadused. See on suurep\u00e4rane kristall seisva energia taas liikumisse suunamiseks. M\u00e4ekristall on vaimse ja emotsionaalse selguse toojaks ning hea abiline keskendumisel. Ta t\u00f6\u00f6tab mitmem\u00f5\u00f5tmelistel tasandil. M\u00e4ekristalli peetakse hinge s\u00fcgavpuhastajaks. \u00d6eldakse, et see n\u00e4itab ja ravib f\u00fc\u00fcsilise keha ja\/v\u00f5i aura ummistusi v\u00f5i n\u00f5rkusi.<\/li>\n<li>Sinine <strong>KALTSEDOON<\/strong> rahustab Sinu emotsionaae ja on siin selleks, et aidata Sul edastada oma t\u00f5elisi m\u00f5tteid ja ideid. See julgustab s\u00fcgavamaid arutelusid oma l\u00e4hedastega. Kaltsedoon on hea toetaja ka meditatsioonis.<\/li>\n<\/ul>\n<p>Leia &#8220;Muutust loov k\u00e4ev\u00f5ru&#8221; juurde ka sobiv kalakee <a href=\"https:\/\/mandalailu.ee\/en\/product\/mala-palvehelmed-10\/\"><strong>SIIT<\/strong><\/a><\/p>\n<ul>\n<li>K\u00f5ik Minu ehted on 100% k\u00e4sit\u00f6\u00f6 ning ainueksemplarid, loodud puhtast armastusest ning loomisj\u00f5ust, l\u00e4bi kanalduse, Tema kandjale.<\/li>\n<li>Minu ehted kannavad endas naiselikku ilu, poolv\u00e4\u00e4riskivide toetust ning p\u00fchitsetud v\u00e4ge.<\/li>\n<li>Enne uude koju j\u00f5udmist on ehe energeetiliselt puhastatud ja laetud.<\/li>\n<\/ul>\n<div class=\"woocommerce-tabs\">\n<div>\n<div>Muutust loov k\u00e4ev\u00f5ru: K\u00e4rt Lumiste<\/div>\n<\/div>\n<div><b>Ole hoitud, l\u00e4bi armastuse<\/b><\/div>\n<\/div>","protected":false},"excerpt":{"rendered":"<blockquote><p>\u201eMuutus ei pea alati olema kaos vaid rahulikud sammud v\u00f5i hetk vaikuses&#8221;<\/p><\/blockquote>\n<ul>\n<li><strong>BOTSWANA AHHAAT<\/strong><\/li>\n<li><strong>TIIGRISILM<\/strong><\/li>\n<li><strong>KVARTS<\/strong><\/li>\n<li><strong>M\u00c4EKRISTALL<\/strong><\/li>\n<li><strong>KALTSEDOON<\/strong><\/li>\n<li>P\u00e4rlite suurus on 8 mm<\/li>\n<\/ul>\n<p><strong>PS!<\/strong> pildil olev kaelakee <strong>ei kuulu<\/strong> k\u00e4ev\u00f5ru hinna sisse. Selle v\u00f5id juurde soetada<a href=\"https:\/\/mandalailu.ee\/en\/product\/mala-palvehelmed-10\/\"><strong> SIIT\u00a0<\/strong><\/a><\/p>\n<p>Kui antud k\u00e4ev\u00f5ru Sind k\u00f5netab, on selle s\u00f5num m\u00f5eldud just Sulle. See on Sinu oma. Tunne ta \u00e4ra. L\u00e4bi oma s\u00fcdame.<\/p>\n<p>Oma ehteid luues on mul kindel teadmine, et igal valmival ehtel on tegelikult juba loomise ajal omanik olemas. Ta lihtsalt ei tea veel, et tema soovide ja taotlustega ehe on just sel hetkel kuskil end loomas. See on kanaldus. See on usaldus. See on energia. Mina k\u00fcsin universumilt juhiseid ja tema saadab need. Mispeale loon Sinu ehte siia ellu just Sulle vajalike kristallide ja taotlustega. Nii lihtne see ongi. Sinu \u00fclesanne on vaid oma ehe \u00e4ra tunda. L\u00e4bi oma s\u00fcdame.<\/p>","protected":false},"featured_media":1691,"template":"","meta":{"_acf_changed":false},"product_brand":[],"product_cat":[32],"product_tag":[43],"class_list":{"0":"post-605","1":"product","2":"type-product","3":"status-publish","4":"has-post-thumbnail","6":"product_cat-kaevorud","7":"product_tag-kroontsakra","8":"pa_suurused-18cm","10":"first","11":"outofstock","12":"shipping-taxable","13":"purchasable","14":"product-type-variable"},"acf":[],"yoast_head":"<!-- This site is optimized with the Yoast SEO plugin v26.3 - https:\/\/yoast.com\/wordpress\/plugins\/seo\/ -->\n<title>Muutust loov k\u00e4ev\u00f5ru - Mandala ilu<\/title>\n<meta name=\"description\" content=\"Mandala ILU loodud k\u00e4ev\u00f5rud on ideaalne kingitus endale v\u00f5i s\u00f5brale. K\u00f5ik k\u00e4ev\u00f5rud on loodud puhtast armastusest ning loomisj\u00f5ust. Muutust loov k\u00e4ev\u00f5ru\" \/>\n<meta name=\"robots\" content=\"index, follow, max-snippet:-1, max-image-preview:large, max-video-preview:-1\" \/>\n<link rel=\"canonical\" href=\"https:\/\/mandalailu.ee\/en\/product\/kaevoru-7\/\" \/>\n<meta property=\"og:locale\" content=\"en_US\" \/>\n<meta property=\"og:type\" content=\"article\" \/>\n<meta property=\"og:title\" content=\"Muutust loov k\u00e4ev\u00f5ru - Mandala ilu\" \/>\n<meta property=\"og:description\" content=\"Mandala ILU loodud k\u00e4ev\u00f5rud on ideaalne kingitus endale v\u00f5i s\u00f5brale. K\u00f5ik k\u00e4ev\u00f5rud on loodud puhtast armastusest ning loomisj\u00f5ust. Muutust loov k\u00e4ev\u00f5ru\" \/>\n<meta property=\"og:url\" content=\"https:\/\/mandalailu.ee\/en\/product\/kaevoru-7\/\" \/>\n<meta property=\"og:site_name\" content=\"Mandala ilu\" \/>\n<meta property=\"article:publisher\" content=\"https:\/\/www.facebook.com\/MandalaILU\" \/>\n<meta property=\"article:modified_time\" content=\"2024-11-27T17:44:56+00:00\" \/>\n<meta property=\"og:image\" content=\"https:\/\/mandalailu.ee\/wp-content\/uploads\/2022\/04\/KV0029-Mandala-ILU-vaeehted-Maekristall-Kvarts-Tiigrisilm-Kaltsedon-PitsAhhaat-kaevoru-4.jpg\" \/>\n\t<meta property=\"og:image:width\" content=\"750\" \/>\n\t<meta property=\"og:image:height\" content=\"750\" \/>\n\t<meta property=\"og:image:type\" content=\"image\/jpeg\" \/>\n<meta name=\"twitter:card\" content=\"summary_large_image\" \/>\n<meta name=\"twitter:label1\" content=\"Est. reading time\" \/>\n\t<meta name=\"twitter:data1\" content=\"2 minutes\" \/>\n<script type=\"application\/ld+json\" class=\"yoast-schema-graph\">{\"@context\":\"https:\/\/schema.org\",\"@graph\":[{\"@type\":\"WebPage\",\"@id\":\"https:\/\/mandalailu.ee\/toode\/kaevoru-7\/\",\"url\":\"https:\/\/mandalailu.ee\/toode\/kaevoru-7\/\",\"name\":\"Muutust loov k\u00e4ev\u00f5ru - Mandala ilu\",\"isPartOf\":{\"@id\":\"https:\/\/mandalailu.ee\/#website\"},\"primaryImageOfPage\":{\"@id\":\"https:\/\/mandalailu.ee\/toode\/kaevoru-7\/#primaryimage\"},\"image\":{\"@id\":\"https:\/\/mandalailu.ee\/toode\/kaevoru-7\/#primaryimage\"},\"thumbnailUrl\":\"https:\/\/mandalailu.ee\/wp-content\/uploads\/2022\/04\/KV0029-Mandala-ILU-vaeehted-Maekristall-Kvarts-Tiigrisilm-Kaltsedon-PitsAhhaat-kaevoru-4.jpg\",\"datePublished\":\"2022-05-10T09:48:23+00:00\",\"dateModified\":\"2024-11-27T17:44:56+00:00\",\"description\":\"Mandala ILU loodud k\u00e4ev\u00f5rud on ideaalne kingitus endale v\u00f5i s\u00f5brale. K\u00f5ik k\u00e4ev\u00f5rud on loodud puhtast armastusest ning loomisj\u00f5ust. Muutust loov k\u00e4ev\u00f5ru\",\"breadcrumb\":{\"@id\":\"https:\/\/mandalailu.ee\/toode\/kaevoru-7\/#breadcrumb\"},\"inLanguage\":\"en-US\",\"potentialAction\":[{\"@type\":\"ReadAction\",\"target\":[\"https:\/\/mandalailu.ee\/toode\/kaevoru-7\/\"]}]},{\"@type\":\"ImageObject\",\"inLanguage\":\"en-US\",\"@id\":\"https:\/\/mandalailu.ee\/toode\/kaevoru-7\/#primaryimage\",\"url\":\"https:\/\/mandalailu.ee\/wp-content\/uploads\/2022\/04\/KV0029-Mandala-ILU-vaeehted-Maekristall-Kvarts-Tiigrisilm-Kaltsedon-PitsAhhaat-kaevoru-4.jpg\",\"contentUrl\":\"https:\/\/mandalailu.ee\/wp-content\/uploads\/2022\/04\/KV0029-Mandala-ILU-vaeehted-Maekristall-Kvarts-Tiigrisilm-Kaltsedon-PitsAhhaat-kaevoru-4.jpg\",\"width\":750,\"height\":750,\"caption\":\"Mandala ILU v\u00e4eehted \/ Muutust loov k\u00e4ev\u00f5ru \/ M\u00e4ekristall Kvarts Tiigrisilm Kaltsedoon Botswana Ahhaat\"},{\"@type\":\"BreadcrumbList\",\"@id\":\"https:\/\/mandalailu.ee\/toode\/kaevoru-7\/#breadcrumb\",\"itemListElement\":[{\"@type\":\"ListItem\",\"position\":1,\"name\":\"Home\",\"item\":\"https:\/\/mandalailu.ee\/\"},{\"@type\":\"ListItem\",\"position\":2,\"name\":\"Muutust loov k\u00e4ev\u00f5ru\"}]},{\"@type\":\"WebSite\",\"@id\":\"https:\/\/mandalailu.ee\/#website\",\"url\":\"https:\/\/mandalailu.ee\/\",\"name\":\"Mandala ilu\",\"description\":\"Unikaalsed k&auml;sit&ouml;&ouml;na valminud ehted\",\"publisher\":{\"@id\":\"https:\/\/mandalailu.ee\/#organization\"},\"potentialAction\":[{\"@type\":\"SearchAction\",\"target\":{\"@type\":\"EntryPoint\",\"urlTemplate\":\"https:\/\/mandalailu.ee\/?s={search_term_string}\"},\"query-input\":{\"@type\":\"PropertyValueSpecification\",\"valueRequired\":true,\"valueName\":\"search_term_string\"}}],\"inLanguage\":\"en-US\"},{\"@type\":\"Organization\",\"@id\":\"https:\/\/mandalailu.ee\/#organization\",\"name\":\"Mandala ILU\",\"url\":\"https:\/\/mandalailu.ee\/\",\"logo\":{\"@type\":\"ImageObject\",\"inLanguage\":\"en-US\",\"@id\":\"https:\/\/mandalailu.ee\/#\/schema\/logo\/image\/\",\"url\":\"https:\/\/mandalailu.ee\/wp-content\/uploads\/2022\/04\/cropped-Mandala-ILU-lill_block.jpg\",\"contentUrl\":\"https:\/\/mandalailu.ee\/wp-content\/uploads\/2022\/04\/cropped-Mandala-ILU-lill_block.jpg\",\"width\":512,\"height\":512,\"caption\":\"Mandala ILU\"},\"image\":{\"@id\":\"https:\/\/mandalailu.ee\/#\/schema\/logo\/image\/\"},\"sameAs\":[\"https:\/\/www.facebook.com\/MandalaILU\",\"https:\/\/www.instagram.com\/mandala.ilu.mala.ehted\/\"]}]}<\/script>\n<!-- \/ Yoast SEO plugin. -->","yoast_head_json":{"title":"Muutust loov k\u00e4ev\u00f5ru - Mandala ilu","description":"Mandala ILU loodud k\u00e4ev\u00f5rud on ideaalne kingitus endale v\u00f5i s\u00f5brale. K\u00f5ik k\u00e4ev\u00f5rud on loodud puhtast armastusest ning loomisj\u00f5ust. Muutust loov k\u00e4ev\u00f5ru","robots":{"index":"index","follow":"follow","max-snippet":"max-snippet:-1","max-image-preview":"max-image-preview:large","max-video-preview":"max-video-preview:-1"},"canonical":"https:\/\/mandalailu.ee\/en\/product\/kaevoru-7\/","og_locale":"en_US","og_type":"article","og_title":"Muutust loov k\u00e4ev\u00f5ru - Mandala ilu","og_description":"Mandala ILU loodud k\u00e4ev\u00f5rud on ideaalne kingitus endale v\u00f5i s\u00f5brale. K\u00f5ik k\u00e4ev\u00f5rud on loodud puhtast armastusest ning loomisj\u00f5ust. Muutust loov k\u00e4ev\u00f5ru","og_url":"https:\/\/mandalailu.ee\/en\/product\/kaevoru-7\/","og_site_name":"Mandala ilu","article_publisher":"https:\/\/www.facebook.com\/MandalaILU","article_modified_time":"2024-11-27T17:44:56+00:00","og_image":[{"width":750,"height":750,"url":"https:\/\/mandalailu.ee\/wp-content\/uploads\/2022\/04\/KV0029-Mandala-ILU-vaeehted-Maekristall-Kvarts-Tiigrisilm-Kaltsedon-PitsAhhaat-kaevoru-4.jpg","type":"image\/jpeg"}],"twitter_card":"summary_large_image","twitter_misc":{"Est. reading time":"2 minutes"},"schema":{"@context":"https:\/\/schema.org","@graph":[{"@type":"WebPage","@id":"https:\/\/mandalailu.ee\/toode\/kaevoru-7\/","url":"https:\/\/mandalailu.ee\/toode\/kaevoru-7\/","name":"Muutust loov k\u00e4ev\u00f5ru - Mandala ilu","isPartOf":{"@id":"https:\/\/mandalailu.ee\/#website"},"primaryImageOfPage":{"@id":"https:\/\/mandalailu.ee\/toode\/kaevoru-7\/#primaryimage"},"image":{"@id":"https:\/\/mandalailu.ee\/toode\/kaevoru-7\/#primaryimage"},"thumbnailUrl":"https:\/\/mandalailu.ee\/wp-content\/uploads\/2022\/04\/KV0029-Mandala-ILU-vaeehted-Maekristall-Kvarts-Tiigrisilm-Kaltsedon-PitsAhhaat-kaevoru-4.jpg","datePublished":"2022-05-10T09:48:23+00:00","dateModified":"2024-11-27T17:44:56+00:00","description":"Mandala ILU loodud k\u00e4ev\u00f5rud on ideaalne kingitus endale v\u00f5i s\u00f5brale. K\u00f5ik k\u00e4ev\u00f5rud on loodud puhtast armastusest ning loomisj\u00f5ust. Muutust loov k\u00e4ev\u00f5ru","breadcrumb":{"@id":"https:\/\/mandalailu.ee\/toode\/kaevoru-7\/#breadcrumb"},"inLanguage":"en-US","potentialAction":[{"@type":"ReadAction","target":["https:\/\/mandalailu.ee\/toode\/kaevoru-7\/"]}]},{"@type":"ImageObject","inLanguage":"en-US","@id":"https:\/\/mandalailu.ee\/toode\/kaevoru-7\/#primaryimage","url":"https:\/\/mandalailu.ee\/wp-content\/uploads\/2022\/04\/KV0029-Mandala-ILU-vaeehted-Maekristall-Kvarts-Tiigrisilm-Kaltsedon-PitsAhhaat-kaevoru-4.jpg","contentUrl":"https:\/\/mandalailu.ee\/wp-content\/uploads\/2022\/04\/KV0029-Mandala-ILU-vaeehted-Maekristall-Kvarts-Tiigrisilm-Kaltsedon-PitsAhhaat-kaevoru-4.jpg","width":750,"height":750,"caption":"Mandala ILU v\u00e4eehted \/ Muutust loov k\u00e4ev\u00f5ru \/ M\u00e4ekristall Kvarts Tiigrisilm Kaltsedoon Botswana Ahhaat"},{"@type":"BreadcrumbList","@id":"https:\/\/mandalailu.ee\/toode\/kaevoru-7\/#breadcrumb","itemListElement":[{"@type":"ListItem","position":1,"name":"Home","item":"https:\/\/mandalailu.ee\/"},{"@type":"ListItem","position":2,"name":"Muutust loov k\u00e4ev\u00f5ru"}]},{"@type":"WebSite","@id":"https:\/\/mandalailu.ee\/#website","url":"https:\/\/mandalailu.ee\/","name":"Mandala ilu","description":"Unikaalsed k&auml;sit&ouml;&ouml;na valminud ehted","publisher":{"@id":"https:\/\/mandalailu.ee\/#organization"},"potentialAction":[{"@type":"SearchAction","target":{"@type":"EntryPoint","urlTemplate":"https:\/\/mandalailu.ee\/?s={search_term_string}"},"query-input":{"@type":"PropertyValueSpecification","valueRequired":true,"valueName":"search_term_string"}}],"inLanguage":"en-US"},{"@type":"Organization","@id":"https:\/\/mandalailu.ee\/#organization","name":"Mandala ILU","url":"https:\/\/mandalailu.ee\/","logo":{"@type":"ImageObject","inLanguage":"en-US","@id":"https:\/\/mandalailu.ee\/#\/schema\/logo\/image\/","url":"https:\/\/mandalailu.ee\/wp-content\/uploads\/2022\/04\/cropped-Mandala-ILU-lill_block.jpg","contentUrl":"https:\/\/mandalailu.ee\/wp-content\/uploads\/2022\/04\/cropped-Mandala-ILU-lill_block.jpg","width":512,"height":512,"caption":"Mandala ILU"},"image":{"@id":"https:\/\/mandalailu.ee\/#\/schema\/logo\/image\/"},"sameAs":["https:\/\/www.facebook.com\/MandalaILU","https:\/\/www.instagram.com\/mandala.ilu.mala.ehted\/"]}]}},"_links":{"self":[{"href":"https:\/\/mandalailu.ee\/en\/wp-json\/wp\/v2\/product\/605","targetHints":{"allow":["GET"]}}],"collection":[{"href":"https:\/\/mandalailu.ee\/en\/wp-json\/wp\/v2\/product"}],"about":[{"href":"https:\/\/mandalailu.ee\/en\/wp-json\/wp\/v2\/types\/product"}],"wp:featuredmedia":[{"embeddable":true,"href":"https:\/\/mandalailu.ee\/en\/wp-json\/wp\/v2\/media\/1691"}],"wp:attachment":[{"href":"https:\/\/mandalailu.ee\/en\/wp-json\/wp\/v2\/media?parent=605"}],"wp:term":[{"taxonomy":"product_brand","embeddable":true,"href":"https:\/\/mandalailu.ee\/en\/wp-json\/wp\/v2\/product_brand?post=605"},{"taxonomy":"product_cat","embeddable":true,"href":"https:\/\/mandalailu.ee\/en\/wp-json\/wp\/v2\/product_cat?post=605"},{"taxonomy":"product_tag","embeddable":true,"href":"https:\/\/mandalailu.ee\/en\/wp-json\/wp\/v2\/product_tag?post=605"}],"curies":[{"name":"wp","href":"https:\/\/api.w.org\/{rel}","templated":true}]}}