{"id":606,"date":"2022-05-10T10:00:02","date_gmt":"2022-05-10T10:00:02","guid":{"rendered":"https:\/\/mandalailu.ee\/?post_type=product&#038;p=606"},"modified":"2024-11-27T17:46:18","modified_gmt":"2024-11-27T17:46:18","slug":"kaevoru-8","status":"publish","type":"product","link":"https:\/\/mandalailu.ee\/en\/product\/kaevoru-8\/","title":{"rendered":"K\u00e4ev\u00f5ru M\u00e4ekristalliga"},"content":{"rendered":"<h2>K\u00e4ev\u00f5ru M\u00e4ekristalliga<\/h2>\n<p><b>M\u00c4EKRISTALL<\/b><b>i<\/b> peetakse meistertervendajaks, millel on tasakaalustavad ning energiav\u00f5imendavad omadused. See on suurep\u00e4rane kristall seisva energia taas liikumisse suunamiseks. M\u00e4ekristall on vaimse ja emotsionaalse selguse toojaks ning hea abiline keskendumisel. Ta t\u00f6\u00f6tab mitmem\u00f5\u00f5tmelistel tasandil. M\u00e4ekristalli peetakse hinge s\u00fcgavpuhastajaks. \u00d6eldakse, et see n\u00e4itab ja ravib f\u00fc\u00fcsilise keha ja\/v\u00f5i aura ummistusi v\u00f5i n\u00f5rkusi.<\/p>\n<p><b>Kui antud k\u00e4ev\u00f5ru Sind k\u00f5netab, on selle s\u00f5num m\u00f5eldud just Sulle. See on Sinu ehe. Tunne ta \u00e4ra. L\u00e4bi oma s\u00fcdame.<\/b><\/p>\n<ul>\n<li>K\u00f5ik Minu ehted on 100% k\u00e4sit\u00f6\u00f6 ning ainueksemplarid, loodud puhtast armastusest ning loomisj\u00f5ust, l\u00e4bi kanalduse, Tema kandjale.<\/li>\n<li>Minu ehted kannavad endas naiselikku ilu, poolv\u00e4\u00e4riskivide toetust ning p\u00fchitsetud v\u00e4ge<\/li>\n<li>Enne uude koju j\u00f5udmist on ehe energeetiliselt puhastatud ja laetud<\/li>\n<\/ul>\n<p>K\u00e4ev\u00f5ru M\u00e4ekristalliga autor: K\u00e4rt Lumiste<\/p>\n<p><b>Ole hoitud, l\u00e4bi armastuse<\/b><\/p>","protected":false},"excerpt":{"rendered":"<p>Selgust toovas k\u00e4ev\u00f5rus osalesid: <strong>M\u00e4ekristall ja Ahhaat, lisaks veel metallsed inglitiivad<\/strong><\/p>\n<p>P\u00e4rlite suurus on 8-10 mm<\/p>\n<p>Oma ehteid luues on mul kindel teadmine, et igal valmival ehtel on tegelikult juba loomise ajal omanik olemas. Ta lihtsalt ei tea veel, et tema soovide ja taotlustega ehe on just sel hetkel kuskil end loomas. See on kanaldus. See on usaldus. See on energia. Mina k\u00fcsin universumilt juhiseid ja tema saadab need. Mispeale loon Sinu ehte siia ellu just Sulle vajalike kristallide ja taotlustega. Nii lihtne see ongi.<\/p>\n<p>Sinu \u00fclesanne on vaid oma ehe \u00e4ra tunda. L\u00e4bi oma s\u00fcdame.<\/p>\n<p>&nbsp;<\/p>","protected":false},"featured_media":1667,"template":"","meta":{"_acf_changed":false},"product_brand":[],"product_cat":[32],"product_tag":[43,39],"class_list":{"0":"post-606","1":"product","2":"type-product","3":"status-publish","4":"has-post-thumbnail","6":"product_cat-kaevorud","7":"product_tag-kroontsakra","8":"product_tag-paikesepoimik","9":"pa_suurused-18cm","10":"pa_suurused-19cm","12":"first","13":"outofstock","14":"shipping-taxable","15":"purchasable","16":"product-type-variable"},"acf":[],"yoast_head":"<!-- This site is optimized with the Yoast SEO plugin v26.3 - https:\/\/yoast.com\/wordpress\/plugins\/seo\/ -->\n<title>K\u00e4ev\u00f5ru M\u00e4ekristalliga - Mandala ilu<\/title>\n<meta name=\"description\" content=\"Mandala ILU poolt loodud k\u00e4ev\u00f5rud on ideaalne kingitus endale v\u00f5i s\u00f5brale. K\u00f5ik k\u00e4ev\u00f5rud on loodud puhtast armastusest ning loomisj\u00f5ust.\" \/>\n<meta name=\"robots\" content=\"index, follow, max-snippet:-1, max-image-preview:large, max-video-preview:-1\" \/>\n<link rel=\"canonical\" href=\"https:\/\/mandalailu.ee\/en\/product\/kaevoru-8\/\" \/>\n<meta property=\"og:locale\" content=\"en_US\" \/>\n<meta property=\"og:type\" content=\"article\" \/>\n<meta property=\"og:title\" content=\"K\u00e4ev\u00f5ru M\u00e4ekristalliga - Mandala ilu\" \/>\n<meta property=\"og:description\" content=\"Mandala ILU poolt loodud k\u00e4ev\u00f5rud on ideaalne kingitus endale v\u00f5i s\u00f5brale. K\u00f5ik k\u00e4ev\u00f5rud on loodud puhtast armastusest ning loomisj\u00f5ust.\" \/>\n<meta property=\"og:url\" content=\"https:\/\/mandalailu.ee\/en\/product\/kaevoru-8\/\" \/>\n<meta property=\"og:site_name\" content=\"Mandala ilu\" \/>\n<meta property=\"article:publisher\" content=\"https:\/\/www.facebook.com\/MandalaILU\" \/>\n<meta property=\"article:modified_time\" content=\"2024-11-27T17:46:18+00:00\" \/>\n<meta property=\"og:image\" content=\"https:\/\/mandalailu.ee\/wp-content\/uploads\/2022\/05\/KV0036-Mandala-ILU-vaeehte-Maekristall-Ahhaat-4.jpg\" \/>\n\t<meta property=\"og:image:width\" content=\"750\" \/>\n\t<meta property=\"og:image:height\" content=\"750\" \/>\n\t<meta property=\"og:image:type\" content=\"image\/jpeg\" \/>\n<meta name=\"twitter:card\" content=\"summary_large_image\" \/>\n<meta name=\"twitter:label1\" content=\"Est. reading time\" \/>\n\t<meta name=\"twitter:data1\" content=\"1 minute\" \/>\n<script type=\"application\/ld+json\" class=\"yoast-schema-graph\">{\"@context\":\"https:\/\/schema.org\",\"@graph\":[{\"@type\":\"WebPage\",\"@id\":\"https:\/\/mandalailu.ee\/toode\/kaevoru-8\/\",\"url\":\"https:\/\/mandalailu.ee\/toode\/kaevoru-8\/\",\"name\":\"K\u00e4ev\u00f5ru M\u00e4ekristalliga - Mandala ilu\",\"isPartOf\":{\"@id\":\"https:\/\/mandalailu.ee\/#website\"},\"primaryImageOfPage\":{\"@id\":\"https:\/\/mandalailu.ee\/toode\/kaevoru-8\/#primaryimage\"},\"image\":{\"@id\":\"https:\/\/mandalailu.ee\/toode\/kaevoru-8\/#primaryimage\"},\"thumbnailUrl\":\"https:\/\/mandalailu.ee\/wp-content\/uploads\/2022\/05\/KV0036-Mandala-ILU-vaeehte-Maekristall-Ahhaat-4.jpg\",\"datePublished\":\"2022-05-10T10:00:02+00:00\",\"dateModified\":\"2024-11-27T17:46:18+00:00\",\"description\":\"Mandala ILU poolt loodud k\u00e4ev\u00f5rud on ideaalne kingitus endale v\u00f5i s\u00f5brale. K\u00f5ik k\u00e4ev\u00f5rud on loodud puhtast armastusest ning loomisj\u00f5ust.\",\"breadcrumb\":{\"@id\":\"https:\/\/mandalailu.ee\/toode\/kaevoru-8\/#breadcrumb\"},\"inLanguage\":\"en-US\",\"potentialAction\":[{\"@type\":\"ReadAction\",\"target\":[\"https:\/\/mandalailu.ee\/toode\/kaevoru-8\/\"]}]},{\"@type\":\"ImageObject\",\"inLanguage\":\"en-US\",\"@id\":\"https:\/\/mandalailu.ee\/toode\/kaevoru-8\/#primaryimage\",\"url\":\"https:\/\/mandalailu.ee\/wp-content\/uploads\/2022\/05\/KV0036-Mandala-ILU-vaeehte-Maekristall-Ahhaat-4.jpg\",\"contentUrl\":\"https:\/\/mandalailu.ee\/wp-content\/uploads\/2022\/05\/KV0036-Mandala-ILU-vaeehte-Maekristall-Ahhaat-4.jpg\",\"width\":750,\"height\":750,\"caption\":\"Mandala ILU v\u00e4eehte M\u00e4ekristalli k\u00e4ev\u00f5ru\"},{\"@type\":\"BreadcrumbList\",\"@id\":\"https:\/\/mandalailu.ee\/toode\/kaevoru-8\/#breadcrumb\",\"itemListElement\":[{\"@type\":\"ListItem\",\"position\":1,\"name\":\"Home\",\"item\":\"https:\/\/mandalailu.ee\/\"},{\"@type\":\"ListItem\",\"position\":2,\"name\":\"K\u00e4ev\u00f5ru M\u00e4ekristalliga\"}]},{\"@type\":\"WebSite\",\"@id\":\"https:\/\/mandalailu.ee\/#website\",\"url\":\"https:\/\/mandalailu.ee\/\",\"name\":\"Mandala ilu\",\"description\":\"Unikaalsed k&auml;sit&ouml;&ouml;na valminud ehted\",\"publisher\":{\"@id\":\"https:\/\/mandalailu.ee\/#organization\"},\"potentialAction\":[{\"@type\":\"SearchAction\",\"target\":{\"@type\":\"EntryPoint\",\"urlTemplate\":\"https:\/\/mandalailu.ee\/?s={search_term_string}\"},\"query-input\":{\"@type\":\"PropertyValueSpecification\",\"valueRequired\":true,\"valueName\":\"search_term_string\"}}],\"inLanguage\":\"en-US\"},{\"@type\":\"Organization\",\"@id\":\"https:\/\/mandalailu.ee\/#organization\",\"name\":\"Mandala ILU\",\"url\":\"https:\/\/mandalailu.ee\/\",\"logo\":{\"@type\":\"ImageObject\",\"inLanguage\":\"en-US\",\"@id\":\"https:\/\/mandalailu.ee\/#\/schema\/logo\/image\/\",\"url\":\"https:\/\/mandalailu.ee\/wp-content\/uploads\/2022\/04\/cropped-Mandala-ILU-lill_block.jpg\",\"contentUrl\":\"https:\/\/mandalailu.ee\/wp-content\/uploads\/2022\/04\/cropped-Mandala-ILU-lill_block.jpg\",\"width\":512,\"height\":512,\"caption\":\"Mandala ILU\"},\"image\":{\"@id\":\"https:\/\/mandalailu.ee\/#\/schema\/logo\/image\/\"},\"sameAs\":[\"https:\/\/www.facebook.com\/MandalaILU\",\"https:\/\/www.instagram.com\/mandala.ilu.mala.ehted\/\"]}]}<\/script>\n<!-- \/ Yoast SEO plugin. -->","yoast_head_json":{"title":"K\u00e4ev\u00f5ru M\u00e4ekristalliga - Mandala ilu","description":"Mandala ILU poolt loodud k\u00e4ev\u00f5rud on ideaalne kingitus endale v\u00f5i s\u00f5brale. K\u00f5ik k\u00e4ev\u00f5rud on loodud puhtast armastusest ning loomisj\u00f5ust.","robots":{"index":"index","follow":"follow","max-snippet":"max-snippet:-1","max-image-preview":"max-image-preview:large","max-video-preview":"max-video-preview:-1"},"canonical":"https:\/\/mandalailu.ee\/en\/product\/kaevoru-8\/","og_locale":"en_US","og_type":"article","og_title":"K\u00e4ev\u00f5ru M\u00e4ekristalliga - Mandala ilu","og_description":"Mandala ILU poolt loodud k\u00e4ev\u00f5rud on ideaalne kingitus endale v\u00f5i s\u00f5brale. K\u00f5ik k\u00e4ev\u00f5rud on loodud puhtast armastusest ning loomisj\u00f5ust.","og_url":"https:\/\/mandalailu.ee\/en\/product\/kaevoru-8\/","og_site_name":"Mandala ilu","article_publisher":"https:\/\/www.facebook.com\/MandalaILU","article_modified_time":"2024-11-27T17:46:18+00:00","og_image":[{"width":750,"height":750,"url":"https:\/\/mandalailu.ee\/wp-content\/uploads\/2022\/05\/KV0036-Mandala-ILU-vaeehte-Maekristall-Ahhaat-4.jpg","type":"image\/jpeg"}],"twitter_card":"summary_large_image","twitter_misc":{"Est. reading time":"1 minute"},"schema":{"@context":"https:\/\/schema.org","@graph":[{"@type":"WebPage","@id":"https:\/\/mandalailu.ee\/toode\/kaevoru-8\/","url":"https:\/\/mandalailu.ee\/toode\/kaevoru-8\/","name":"K\u00e4ev\u00f5ru M\u00e4ekristalliga - Mandala ilu","isPartOf":{"@id":"https:\/\/mandalailu.ee\/#website"},"primaryImageOfPage":{"@id":"https:\/\/mandalailu.ee\/toode\/kaevoru-8\/#primaryimage"},"image":{"@id":"https:\/\/mandalailu.ee\/toode\/kaevoru-8\/#primaryimage"},"thumbnailUrl":"https:\/\/mandalailu.ee\/wp-content\/uploads\/2022\/05\/KV0036-Mandala-ILU-vaeehte-Maekristall-Ahhaat-4.jpg","datePublished":"2022-05-10T10:00:02+00:00","dateModified":"2024-11-27T17:46:18+00:00","description":"Mandala ILU poolt loodud k\u00e4ev\u00f5rud on ideaalne kingitus endale v\u00f5i s\u00f5brale. K\u00f5ik k\u00e4ev\u00f5rud on loodud puhtast armastusest ning loomisj\u00f5ust.","breadcrumb":{"@id":"https:\/\/mandalailu.ee\/toode\/kaevoru-8\/#breadcrumb"},"inLanguage":"en-US","potentialAction":[{"@type":"ReadAction","target":["https:\/\/mandalailu.ee\/toode\/kaevoru-8\/"]}]},{"@type":"ImageObject","inLanguage":"en-US","@id":"https:\/\/mandalailu.ee\/toode\/kaevoru-8\/#primaryimage","url":"https:\/\/mandalailu.ee\/wp-content\/uploads\/2022\/05\/KV0036-Mandala-ILU-vaeehte-Maekristall-Ahhaat-4.jpg","contentUrl":"https:\/\/mandalailu.ee\/wp-content\/uploads\/2022\/05\/KV0036-Mandala-ILU-vaeehte-Maekristall-Ahhaat-4.jpg","width":750,"height":750,"caption":"Mandala ILU v\u00e4eehte M\u00e4ekristalli k\u00e4ev\u00f5ru"},{"@type":"BreadcrumbList","@id":"https:\/\/mandalailu.ee\/toode\/kaevoru-8\/#breadcrumb","itemListElement":[{"@type":"ListItem","position":1,"name":"Home","item":"https:\/\/mandalailu.ee\/"},{"@type":"ListItem","position":2,"name":"K\u00e4ev\u00f5ru M\u00e4ekristalliga"}]},{"@type":"WebSite","@id":"https:\/\/mandalailu.ee\/#website","url":"https:\/\/mandalailu.ee\/","name":"Mandala ilu","description":"Unikaalsed k&auml;sit&ouml;&ouml;na valminud ehted","publisher":{"@id":"https:\/\/mandalailu.ee\/#organization"},"potentialAction":[{"@type":"SearchAction","target":{"@type":"EntryPoint","urlTemplate":"https:\/\/mandalailu.ee\/?s={search_term_string}"},"query-input":{"@type":"PropertyValueSpecification","valueRequired":true,"valueName":"search_term_string"}}],"inLanguage":"en-US"},{"@type":"Organization","@id":"https:\/\/mandalailu.ee\/#organization","name":"Mandala ILU","url":"https:\/\/mandalailu.ee\/","logo":{"@type":"ImageObject","inLanguage":"en-US","@id":"https:\/\/mandalailu.ee\/#\/schema\/logo\/image\/","url":"https:\/\/mandalailu.ee\/wp-content\/uploads\/2022\/04\/cropped-Mandala-ILU-lill_block.jpg","contentUrl":"https:\/\/mandalailu.ee\/wp-content\/uploads\/2022\/04\/cropped-Mandala-ILU-lill_block.jpg","width":512,"height":512,"caption":"Mandala ILU"},"image":{"@id":"https:\/\/mandalailu.ee\/#\/schema\/logo\/image\/"},"sameAs":["https:\/\/www.facebook.com\/MandalaILU","https:\/\/www.instagram.com\/mandala.ilu.mala.ehted\/"]}]}},"_links":{"self":[{"href":"https:\/\/mandalailu.ee\/en\/wp-json\/wp\/v2\/product\/606","targetHints":{"allow":["GET"]}}],"collection":[{"href":"https:\/\/mandalailu.ee\/en\/wp-json\/wp\/v2\/product"}],"about":[{"href":"https:\/\/mandalailu.ee\/en\/wp-json\/wp\/v2\/types\/product"}],"wp:featuredmedia":[{"embeddable":true,"href":"https:\/\/mandalailu.ee\/en\/wp-json\/wp\/v2\/media\/1667"}],"wp:attachment":[{"href":"https:\/\/mandalailu.ee\/en\/wp-json\/wp\/v2\/media?parent=606"}],"wp:term":[{"taxonomy":"product_brand","embeddable":true,"href":"https:\/\/mandalailu.ee\/en\/wp-json\/wp\/v2\/product_brand?post=606"},{"taxonomy":"product_cat","embeddable":true,"href":"https:\/\/mandalailu.ee\/en\/wp-json\/wp\/v2\/product_cat?post=606"},{"taxonomy":"product_tag","embeddable":true,"href":"https:\/\/mandalailu.ee\/en\/wp-json\/wp\/v2\/product_tag?post=606"}],"curies":[{"name":"wp","href":"https:\/\/api.w.org\/{rel}","templated":true}]}}