{"id":608,"date":"2022-05-10T10:17:27","date_gmt":"2022-05-10T10:17:27","guid":{"rendered":"https:\/\/mandalailu.ee\/?post_type=product&#038;p=608"},"modified":"2024-09-04T11:52:48","modified_gmt":"2024-09-04T11:52:48","slug":"kaevoru-10","status":"publish","type":"product","link":"https:\/\/mandalailu.ee\/en\/product\/kaevoru-10\/","title":{"rendered":"Seksuaalenergia k\u00e4ev\u00f5ru kombo"},"content":{"rendered":"<h2 style=\"text-align: center;\">Seksuaalenergia k\u00e4ev\u00f5ru kombo:<\/h2>\n<h3><strong>KARNEOOL<\/strong><\/h3>\n<p>KARNEOOL aitab t\u00f5sta energiat, tugevdada enesekindlust ja \u00e4ratada kogu Sinu sakraalt\u0161akrasse peidetud kirge, s\u00e4rtsu ja loovuse. Punane Karneool h\u00f5\u00f5gub oma tulise j\u00f5u ja s\u00fcgava sensuaalsusega. Ta on siin, et aidata keskenduda meelele ning toetada Sul olla \u201ekohal\u201d. Karneool on tuntud m\u00e4ngulise ja v\u00f5imsa sakraalt\u0161akra avamise poolest. Samuti aitab ta t\u00f5sta Sinus olevat soojust ja seda l\u00e4bi keha suunata, suurendades energia taset ning t\u00f5stes Sinu loomingulisi vibratsioone.<\/p>\n<h3><strong>P\u00c4IKESEKIVI<\/strong><\/h3>\n<p>P\u00e4ikesekivi on r\u00f5\u00f5mu kristall, mis toob Sinu ellu positiivsust ja \u00f5nne. Olles P\u00e4ikesep\u00f5imu kristall, on P\u00e4ikesekivi sarnaselt p\u00e4ikesega kollakas oran\u017ei v\u00e4rvi, m\u00f5nikord ka kuldsete laikudega, mis panevad ta s\u00e4delema. P\u00e4ikesekivi on alati peetud hea \u00f5nne, k\u00fclluse ja pikaealisuse kiviks. Ta annab Sulle energiat ja j\u00f5udu, ajal kui seda k\u00f5ige enam vajate. P\u00e4ikesekivi aitab leevendada depressiooni, hirmu ja stressi. Aitab taastuda h\u00fcljatuse ja \u00e4rakasutamise tundest. \u00dcle\u00fcldse leevendab P\u00e4ikeseivi eba\u00f5nnestumise tundeid, v\u00f5imaldades Sul leppida sellega, et vead on vaid kogemused ning elu \u00f5ppimise osa.<\/p>\n<h3><strong>KULDNE LIIVAKIVI<\/strong><\/h3>\n<p>KULDNE LIIVAKIVI on inimese poolt loodud s\u00fcnteetiline kivi, millel on eriliselt s\u00e4rav ja s\u00e4tendav v\u00e4limus. Eriti kui sellega p\u00e4ikese k\u00e4tte minna. Usutakse, et Liivakivi aitab kaasa soovide t\u00e4itumisele<\/p>\n<p>&nbsp;<\/p>\n<p><b>Kui antud k\u00e4ev\u00f5ru Sind k\u00f5netab, on selle s\u00f5num m\u00f5eldud just Sulle. See on Sinu ehe. Tunne ta \u00e4ra. L\u00e4bi oma s\u00fcdame.<\/b><\/p>\n<ul>\n<li>K\u00f5ik Minu ehted on 100% k\u00e4sit\u00f6\u00f6 ning ainueksemplarid, loodud puhtast armastusest ning loomisj\u00f5ust, l\u00e4bi kanalduse, Tema kandjale.<\/li>\n<li>Minu ehted kannavad endas naiselikku ilu, poolv\u00e4\u00e4riskivide toetust ning p\u00fchitsetud v\u00e4ge<\/li>\n<li>Enne uude koju j\u00f5udmist on ehe energeetiliselt puhastatud ja laetud<\/li>\n<\/ul>\n<p>Seksuaalenergia k\u00e4ev\u00f5ru kombo looja: K\u00e4rt Lumiste<br \/>\n<strong>Ole hoitud, l\u00e4bi armastuse<\/strong><\/p>","protected":false},"excerpt":{"rendered":"<blockquote>\n<p style=\"text-align: left;\"><strong>\u00a0&#8220;Selle k\u00e4ev\u00f5rude kombo toel luban endas liikuma seksuaalenergia, mis nii kaua on oodanud vabadusse p\u00e4\u00e4semist. Ma olen ikkagi naine!&#8221;<\/strong><\/p>\n<\/blockquote>\n<p>Seksuaalenergia k\u00e4ev\u00f5ru kombos osalesid:<\/p>\n<ul>\n<li>Sensuaalsuse kristall KARNEOOL<\/li>\n<li>R\u00f5\u00f5mu kristall P\u00c4IKESEKIVI<\/li>\n<li>KULDNE LIIVAKIVI ehk s\u00fcnteetiline p\u00e4ikesekivi<\/li>\n<li>P\u00e4rlite suurus on 8 mm<\/li>\n<li>K\u00e4ev\u00f5ru j\u00f5uab Sinuni ilusas kinkekotis<\/li>\n<li>Eesti sisene\u00a0<strong>transport<\/strong>\u00a0pakiautomaati on ALATI minu kulul<\/li>\n<li><strong>Vali kohe, maksa hiljem <\/strong>v\u00f5imalus. Rohkem infot\u00a0<a href=\"https:\/\/mandalailu.ee\/en\/uld-ja-muugitingimused\/#jarelmaksu-voimalus\"><strong>SIIT<\/strong><\/a><\/li>\n<\/ul>\n<p>Oma ehteid luues on mul kindel teadmine, et igal valmival ehtel on tegelikult juba loomise ajal omanik olemas. Ta lihtsalt ei tea veel, et tema soovide ja taotlustega ehe on just sel hetkel kuskil end loomas. See on kanaldus. See on usaldus. See on energia. Mina k\u00fcsin universumilt juhiseid ja tema saadab need. Mispeale loon Sinu ehte siia ellu just Sulle vajalike kristallide ja taotlustega. Nii lihtne see ongi. Sinu \u00fclesanne on vaid oma ehe \u00e4ra tunda. L\u00e4bi oma s\u00fcdame.<\/p>","protected":false},"featured_media":3072,"template":"","meta":{"_acf_changed":false},"product_brand":[],"product_cat":[32],"product_tag":[39,38],"class_list":{"0":"post-608","1":"product","2":"type-product","3":"status-publish","4":"has-post-thumbnail","6":"product_cat-kaevorud","7":"product_tag-paikesepoimik","8":"product_tag-sakraaltsakra","9":"pa_suurused-18cm","11":"first","12":"outofstock","13":"shipping-taxable","14":"purchasable","15":"product-type-simple"},"acf":[],"yoast_head":"<!-- This site is optimized with the Yoast SEO plugin v26.3 - https:\/\/yoast.com\/wordpress\/plugins\/seo\/ -->\n<title>Seksuaalenergia k\u00e4ev\u00f5ru kombo - Mandala ilu<\/title>\n<meta name=\"description\" content=\"Mandala ILU poolt loodud k\u00e4ev\u00f5rud on ideaalne kingitus endale v\u00f5i s\u00f5brale. K\u00f5ik k\u00e4ev\u00f5rud on loodud puhtast armastusest ning loomisj\u00f5ust. Seksuaalenergia.\" \/>\n<meta name=\"robots\" content=\"index, follow, max-snippet:-1, max-image-preview:large, max-video-preview:-1\" \/>\n<link rel=\"canonical\" href=\"https:\/\/mandalailu.ee\/en\/product\/kaevoru-10\/\" \/>\n<meta property=\"og:locale\" content=\"en_US\" \/>\n<meta property=\"og:type\" content=\"article\" \/>\n<meta property=\"og:title\" content=\"Seksuaalenergia k\u00e4ev\u00f5ru kombo - Mandala ilu\" \/>\n<meta property=\"og:description\" content=\"Mandala ILU poolt loodud k\u00e4ev\u00f5rud on ideaalne kingitus endale v\u00f5i s\u00f5brale. K\u00f5ik k\u00e4ev\u00f5rud on loodud puhtast armastusest ning loomisj\u00f5ust. Seksuaalenergia.\" \/>\n<meta property=\"og:url\" content=\"https:\/\/mandalailu.ee\/en\/product\/kaevoru-10\/\" \/>\n<meta property=\"og:site_name\" content=\"Mandala ilu\" \/>\n<meta property=\"article:publisher\" content=\"https:\/\/www.facebook.com\/MandalaILU\" \/>\n<meta property=\"article:modified_time\" content=\"2024-09-04T11:52:48+00:00\" \/>\n<meta property=\"og:image\" content=\"https:\/\/mandalailu.ee\/wp-content\/uploads\/2023\/11\/KV0056-Mandala-ILU-vaeeheted-Karneool-Paikesekivi-Liivakivi-2.jpg\" \/>\n\t<meta property=\"og:image:width\" content=\"750\" \/>\n\t<meta property=\"og:image:height\" content=\"750\" \/>\n\t<meta property=\"og:image:type\" content=\"image\/jpeg\" \/>\n<meta name=\"twitter:card\" content=\"summary_large_image\" \/>\n<meta name=\"twitter:label1\" content=\"Est. reading time\" \/>\n\t<meta name=\"twitter:data1\" content=\"2 minutes\" \/>\n<script type=\"application\/ld+json\" class=\"yoast-schema-graph\">{\"@context\":\"https:\/\/schema.org\",\"@graph\":[{\"@type\":\"WebPage\",\"@id\":\"https:\/\/mandalailu.ee\/toode\/kaevoru-10\/\",\"url\":\"https:\/\/mandalailu.ee\/toode\/kaevoru-10\/\",\"name\":\"Seksuaalenergia k\u00e4ev\u00f5ru kombo - Mandala ilu\",\"isPartOf\":{\"@id\":\"https:\/\/mandalailu.ee\/#website\"},\"primaryImageOfPage\":{\"@id\":\"https:\/\/mandalailu.ee\/toode\/kaevoru-10\/#primaryimage\"},\"image\":{\"@id\":\"https:\/\/mandalailu.ee\/toode\/kaevoru-10\/#primaryimage\"},\"thumbnailUrl\":\"https:\/\/mandalailu.ee\/wp-content\/uploads\/2023\/11\/KV0056-Mandala-ILU-vaeeheted-Karneool-Paikesekivi-Liivakivi-2.jpg\",\"datePublished\":\"2022-05-10T10:17:27+00:00\",\"dateModified\":\"2024-09-04T11:52:48+00:00\",\"description\":\"Mandala ILU poolt loodud k\u00e4ev\u00f5rud on ideaalne kingitus endale v\u00f5i s\u00f5brale. K\u00f5ik k\u00e4ev\u00f5rud on loodud puhtast armastusest ning loomisj\u00f5ust. Seksuaalenergia.\",\"breadcrumb\":{\"@id\":\"https:\/\/mandalailu.ee\/toode\/kaevoru-10\/#breadcrumb\"},\"inLanguage\":\"en-US\",\"potentialAction\":[{\"@type\":\"ReadAction\",\"target\":[\"https:\/\/mandalailu.ee\/toode\/kaevoru-10\/\"]}]},{\"@type\":\"ImageObject\",\"inLanguage\":\"en-US\",\"@id\":\"https:\/\/mandalailu.ee\/toode\/kaevoru-10\/#primaryimage\",\"url\":\"https:\/\/mandalailu.ee\/wp-content\/uploads\/2023\/11\/KV0056-Mandala-ILU-vaeeheted-Karneool-Paikesekivi-Liivakivi-2.jpg\",\"contentUrl\":\"https:\/\/mandalailu.ee\/wp-content\/uploads\/2023\/11\/KV0056-Mandala-ILU-vaeeheted-Karneool-Paikesekivi-Liivakivi-2.jpg\",\"width\":750,\"height\":750,\"caption\":\"Mandala ILU v\u00e4eeheted \/ Seksuaalenergia k\u00e4ev\u00f5ru kombo \/ Karneool, P\u00e4ikesekivi, Liivakivi\"},{\"@type\":\"BreadcrumbList\",\"@id\":\"https:\/\/mandalailu.ee\/toode\/kaevoru-10\/#breadcrumb\",\"itemListElement\":[{\"@type\":\"ListItem\",\"position\":1,\"name\":\"Home\",\"item\":\"https:\/\/mandalailu.ee\/\"},{\"@type\":\"ListItem\",\"position\":2,\"name\":\"Seksuaalenergia k\u00e4ev\u00f5ru kombo\"}]},{\"@type\":\"WebSite\",\"@id\":\"https:\/\/mandalailu.ee\/#website\",\"url\":\"https:\/\/mandalailu.ee\/\",\"name\":\"Mandala ilu\",\"description\":\"Unikaalsed k&auml;sit&ouml;&ouml;na valminud ehted\",\"publisher\":{\"@id\":\"https:\/\/mandalailu.ee\/#organization\"},\"potentialAction\":[{\"@type\":\"SearchAction\",\"target\":{\"@type\":\"EntryPoint\",\"urlTemplate\":\"https:\/\/mandalailu.ee\/?s={search_term_string}\"},\"query-input\":{\"@type\":\"PropertyValueSpecification\",\"valueRequired\":true,\"valueName\":\"search_term_string\"}}],\"inLanguage\":\"en-US\"},{\"@type\":\"Organization\",\"@id\":\"https:\/\/mandalailu.ee\/#organization\",\"name\":\"Mandala ILU\",\"url\":\"https:\/\/mandalailu.ee\/\",\"logo\":{\"@type\":\"ImageObject\",\"inLanguage\":\"en-US\",\"@id\":\"https:\/\/mandalailu.ee\/#\/schema\/logo\/image\/\",\"url\":\"https:\/\/mandalailu.ee\/wp-content\/uploads\/2022\/04\/cropped-Mandala-ILU-lill_block.jpg\",\"contentUrl\":\"https:\/\/mandalailu.ee\/wp-content\/uploads\/2022\/04\/cropped-Mandala-ILU-lill_block.jpg\",\"width\":512,\"height\":512,\"caption\":\"Mandala ILU\"},\"image\":{\"@id\":\"https:\/\/mandalailu.ee\/#\/schema\/logo\/image\/\"},\"sameAs\":[\"https:\/\/www.facebook.com\/MandalaILU\",\"https:\/\/www.instagram.com\/mandala.ilu.mala.ehted\/\"]}]}<\/script>\n<!-- \/ Yoast SEO plugin. -->","yoast_head_json":{"title":"Seksuaalenergia k\u00e4ev\u00f5ru kombo - Mandala ilu","description":"Mandala ILU poolt loodud k\u00e4ev\u00f5rud on ideaalne kingitus endale v\u00f5i s\u00f5brale. K\u00f5ik k\u00e4ev\u00f5rud on loodud puhtast armastusest ning loomisj\u00f5ust. Seksuaalenergia.","robots":{"index":"index","follow":"follow","max-snippet":"max-snippet:-1","max-image-preview":"max-image-preview:large","max-video-preview":"max-video-preview:-1"},"canonical":"https:\/\/mandalailu.ee\/en\/product\/kaevoru-10\/","og_locale":"en_US","og_type":"article","og_title":"Seksuaalenergia k\u00e4ev\u00f5ru kombo - Mandala ilu","og_description":"Mandala ILU poolt loodud k\u00e4ev\u00f5rud on ideaalne kingitus endale v\u00f5i s\u00f5brale. K\u00f5ik k\u00e4ev\u00f5rud on loodud puhtast armastusest ning loomisj\u00f5ust. Seksuaalenergia.","og_url":"https:\/\/mandalailu.ee\/en\/product\/kaevoru-10\/","og_site_name":"Mandala ilu","article_publisher":"https:\/\/www.facebook.com\/MandalaILU","article_modified_time":"2024-09-04T11:52:48+00:00","og_image":[{"width":750,"height":750,"url":"https:\/\/mandalailu.ee\/wp-content\/uploads\/2023\/11\/KV0056-Mandala-ILU-vaeeheted-Karneool-Paikesekivi-Liivakivi-2.jpg","type":"image\/jpeg"}],"twitter_card":"summary_large_image","twitter_misc":{"Est. reading time":"2 minutes"},"schema":{"@context":"https:\/\/schema.org","@graph":[{"@type":"WebPage","@id":"https:\/\/mandalailu.ee\/toode\/kaevoru-10\/","url":"https:\/\/mandalailu.ee\/toode\/kaevoru-10\/","name":"Seksuaalenergia k\u00e4ev\u00f5ru kombo - Mandala ilu","isPartOf":{"@id":"https:\/\/mandalailu.ee\/#website"},"primaryImageOfPage":{"@id":"https:\/\/mandalailu.ee\/toode\/kaevoru-10\/#primaryimage"},"image":{"@id":"https:\/\/mandalailu.ee\/toode\/kaevoru-10\/#primaryimage"},"thumbnailUrl":"https:\/\/mandalailu.ee\/wp-content\/uploads\/2023\/11\/KV0056-Mandala-ILU-vaeeheted-Karneool-Paikesekivi-Liivakivi-2.jpg","datePublished":"2022-05-10T10:17:27+00:00","dateModified":"2024-09-04T11:52:48+00:00","description":"Mandala ILU poolt loodud k\u00e4ev\u00f5rud on ideaalne kingitus endale v\u00f5i s\u00f5brale. K\u00f5ik k\u00e4ev\u00f5rud on loodud puhtast armastusest ning loomisj\u00f5ust. Seksuaalenergia.","breadcrumb":{"@id":"https:\/\/mandalailu.ee\/toode\/kaevoru-10\/#breadcrumb"},"inLanguage":"en-US","potentialAction":[{"@type":"ReadAction","target":["https:\/\/mandalailu.ee\/toode\/kaevoru-10\/"]}]},{"@type":"ImageObject","inLanguage":"en-US","@id":"https:\/\/mandalailu.ee\/toode\/kaevoru-10\/#primaryimage","url":"https:\/\/mandalailu.ee\/wp-content\/uploads\/2023\/11\/KV0056-Mandala-ILU-vaeeheted-Karneool-Paikesekivi-Liivakivi-2.jpg","contentUrl":"https:\/\/mandalailu.ee\/wp-content\/uploads\/2023\/11\/KV0056-Mandala-ILU-vaeeheted-Karneool-Paikesekivi-Liivakivi-2.jpg","width":750,"height":750,"caption":"Mandala ILU v\u00e4eeheted \/ Seksuaalenergia k\u00e4ev\u00f5ru kombo \/ Karneool, P\u00e4ikesekivi, Liivakivi"},{"@type":"BreadcrumbList","@id":"https:\/\/mandalailu.ee\/toode\/kaevoru-10\/#breadcrumb","itemListElement":[{"@type":"ListItem","position":1,"name":"Home","item":"https:\/\/mandalailu.ee\/"},{"@type":"ListItem","position":2,"name":"Seksuaalenergia k\u00e4ev\u00f5ru kombo"}]},{"@type":"WebSite","@id":"https:\/\/mandalailu.ee\/#website","url":"https:\/\/mandalailu.ee\/","name":"Mandala ilu","description":"Unikaalsed k&auml;sit&ouml;&ouml;na valminud ehted","publisher":{"@id":"https:\/\/mandalailu.ee\/#organization"},"potentialAction":[{"@type":"SearchAction","target":{"@type":"EntryPoint","urlTemplate":"https:\/\/mandalailu.ee\/?s={search_term_string}"},"query-input":{"@type":"PropertyValueSpecification","valueRequired":true,"valueName":"search_term_string"}}],"inLanguage":"en-US"},{"@type":"Organization","@id":"https:\/\/mandalailu.ee\/#organization","name":"Mandala ILU","url":"https:\/\/mandalailu.ee\/","logo":{"@type":"ImageObject","inLanguage":"en-US","@id":"https:\/\/mandalailu.ee\/#\/schema\/logo\/image\/","url":"https:\/\/mandalailu.ee\/wp-content\/uploads\/2022\/04\/cropped-Mandala-ILU-lill_block.jpg","contentUrl":"https:\/\/mandalailu.ee\/wp-content\/uploads\/2022\/04\/cropped-Mandala-ILU-lill_block.jpg","width":512,"height":512,"caption":"Mandala ILU"},"image":{"@id":"https:\/\/mandalailu.ee\/#\/schema\/logo\/image\/"},"sameAs":["https:\/\/www.facebook.com\/MandalaILU","https:\/\/www.instagram.com\/mandala.ilu.mala.ehted\/"]}]}},"_links":{"self":[{"href":"https:\/\/mandalailu.ee\/en\/wp-json\/wp\/v2\/product\/608","targetHints":{"allow":["GET"]}}],"collection":[{"href":"https:\/\/mandalailu.ee\/en\/wp-json\/wp\/v2\/product"}],"about":[{"href":"https:\/\/mandalailu.ee\/en\/wp-json\/wp\/v2\/types\/product"}],"wp:featuredmedia":[{"embeddable":true,"href":"https:\/\/mandalailu.ee\/en\/wp-json\/wp\/v2\/media\/3072"}],"wp:attachment":[{"href":"https:\/\/mandalailu.ee\/en\/wp-json\/wp\/v2\/media?parent=608"}],"wp:term":[{"taxonomy":"product_brand","embeddable":true,"href":"https:\/\/mandalailu.ee\/en\/wp-json\/wp\/v2\/product_brand?post=608"},{"taxonomy":"product_cat","embeddable":true,"href":"https:\/\/mandalailu.ee\/en\/wp-json\/wp\/v2\/product_cat?post=608"},{"taxonomy":"product_tag","embeddable":true,"href":"https:\/\/mandalailu.ee\/en\/wp-json\/wp\/v2\/product_tag?post=608"}],"curies":[{"name":"wp","href":"https:\/\/api.w.org\/{rel}","templated":true}]}}