{"id":611,"date":"2022-05-10T10:36:22","date_gmt":"2022-05-10T10:36:22","guid":{"rendered":"https:\/\/mandalailu.ee\/?post_type=product&#038;p=611"},"modified":"2025-09-24T09:34:44","modified_gmt":"2025-09-24T09:34:44","slug":"kaevoru-12","status":"publish","type":"product","link":"https:\/\/mandalailu.ee\/en\/product\/kaevoru-12\/","title":{"rendered":"Selguse ja julguse k\u00e4ev\u00f5ru"},"content":{"rendered":"<h2 style=\"text-align: center;\">Selguse ja julguse k\u00e4ev\u00f5ru:<\/h2>\n<h3><strong>APATIIT<\/strong><\/h3>\n<p>Apatiit on kristall, mis toob selgust ja avardab m\u00f5tlemist. Ta aitab Sul v\u00e4ljendada oma t\u00f5de ja seista enda eest. Apatiit avab suhtlemise voolu, toetades eriti <a href=\"https:\/\/mandalailu.ee\/en\/blogi\/kurgutsakra-tsakrate-koneisik-kes-ei-karda-tode\/\"><strong>kurgut\u0161akrat<\/strong><\/a>. See kristall suurendab loovust ja julgust astuda uusi samme. Apatiit puhastab segadust ning toob m\u00f5tetesse v\u00e4rskust. Ta aitab Sul paremini m\u00f5ista oma eesm\u00e4rke ja neid j\u00e4rgida. Kristall annab inspiratsiooni ja t\u00f5stab teotahet. Apatiit toetab sisemist rahu, aidates hoida vaimset tasakaalu. Ta soodustab ausat enesev\u00e4ljendust ja sisemist selgust. Apatiit on kui selge allikas, mis toob Sinu ellu avarust ja usaldust.<\/p>\n<h3><strong>KULDNE TIIGRISILM<\/strong><\/h3>\n<p>Kuldne Tiigrisilm on julgust ja enesekindlust loov kristall. Ta aitab Sul p\u00fcsida kindlalt oma teel. Tiigrisilm toob ellu j\u00f5udu ja tugevdab tahtej\u00f5udu. Ta kaitseb negatiivsete energiate ja liigsete hirmude eest. See kristall aitab Sul n\u00e4ha olukordi selgemalt ja teha julgeid otsuseid. Tiigrisilm aktiveerib <a href=\"https:\/\/mandalailu.ee\/en\/blogi\/paikesepoimik\/\"><strong>p\u00e4ikesep\u00f5imiku t\u0161akra<\/strong><\/a>, suurendades isiklikku v\u00e4ge. Samuti toob ta tasakaalu kehasse ja meeltesse. Tiigrisilm \u00f5petab Sind usaldama oma sisemist j\u00f5udu. Ta toetab Sind hetkedel, kui vajad enesekindlust ja julgust. Kuldne Tiigrisilm on kui soe p\u00e4ike, mis annab Sulle valgust ja v\u00e4ge.<\/p>\n<h3><strong>HEMATIIT<\/strong><\/h3>\n<p>Hematiit on maandav ja kaitsev kristall. Ta loob tugeva sideme Maa energiaga. Hematiit aitab Sul p\u00fcsida rahulikuna ja tasakaalus. See kristall suurendab keskendumisv\u00f5imet ja tahtej\u00f5udu. Ta hoiab Sind stabiilsena ka muutuste ajal. Hematiit toetab eriti <a href=\"https:\/\/mandalailu.ee\/en\/blogi\/tsakrad\/\"><strong>juurt\u0161akra<\/strong><\/a>t, andes turvatunnet ja tugevust. Ta aitab lahti lasta ebavajalikest muredest. Kristall toob ellu enesekindlust ja sisemist rahu. Hematiit kaitseb Sind stressi ja hajevil energia eest. Ta on kui kalju, mis annab Sulle j\u00f5udu ja stabiilsust.<\/p>\n<h3><strong>OM S\u00dcMBOL<\/strong><\/h3>\n<p>OM s\u00fcmbol on \u00fcks vanimaid ja p\u00fchamat mantrat, mis s\u00fcmboliseerib universumi algheli. Ta esindab algust, l\u00f5ppu ja igavest ts\u00fcklit. OM \u00fchendab Sinu keha, meele ja hinge. See s\u00fcmbol toob kandjale rahu ja sisemist vaikust. Ta meenutab, et k\u00f5ik on \u00fcks ja k\u00f5ik on omavahel seotud. OM aitab avada k\u00f5rgema teadvuse tasandeid. Ta toetab meditatsiooni ja sisemist rahu. S\u00fcmbol v\u00f5imendab k\u00e4ev\u00f5ru kristallide energiat. OM avab tee s\u00fcgavamale vaimsele \u00fchendusele. Ta on kui igavene heli, mis hoiab Sind universumi r\u00fctmiga koosk\u00f5las.<\/p>\n<p>&nbsp;<\/p>\n<p><b>Kui antud k\u00e4ev\u00f5ru Sind k\u00f5netab, on selle s\u00f5num m\u00f5eldud just Sulle. See on Sinu ehe. Tunne ta \u00e4ra. L\u00e4bi oma s\u00fcdame.<\/b><\/p>\n<ul>\n<li>K\u00f5ik Minu ehted on 100% k\u00e4sit\u00f6\u00f6, loodud puhtast armastusest ning loomisj\u00f5ust, l\u00e4bi kanalduse, Tema kandjale.<\/li>\n<li>Minu ehted kannavad endas ilu, poolv\u00e4\u00e4riskivide toetust ning p\u00fchitsetud v\u00e4ge<\/li>\n<li>Enne uude koju j\u00f5udmist on ehe energeetiliselt puhastatud ja laetud<\/li>\n<\/ul>\n<div>\n<div>Selguse ja julguse k\u00e4ev\u00f5ru looja: K\u00e4rt Lumiste<\/div>\n<\/div>\n<div><b>Ole hoitud, l\u00e4bi armastuse\u00a0<\/b><\/div>","protected":false},"excerpt":{"rendered":"<blockquote><p>&#8220;See k\u00e4ev\u00f5ru aitab Sul v\u00e4ljendada oma t\u00f5de, hoida fookust ja liikuda julgelt oma unistuste poole.&#8221;<\/p><\/blockquote>\n<p>Apatiit avab Sinu sisemise selguse ja toetab suhtlemist. Kuldne Tiigrisilm annab julgust ja enesekindlust, Hematiit maandab ja hoiab Sind tasakaalus. OM s\u00fcmbol lisab vaimset v\u00e4ge ja \u00fchendust Universumi energiaga.<\/p>\n<ul>\n<li>Selgust andev APATIIT<\/li>\n<li>Julgust loov KULDNE TIIGRISILM<\/li>\n<li>Maandav HEMATIIT<\/li>\n<li>Metalne OM s\u00fcmbol<\/li>\n<li>Kristallide suurus on 4-8 mm<\/li>\n<li>K\u00e4ev\u00f5ru j\u00f5uab Sinuni kinkekotis<\/li>\n<li>Eesti sisene\u00a0<strong>transport<\/strong>\u00a0pakiautomaati on ALATI minu kulul<\/li>\n<li><strong>Vali kohe, maksa hiljem <\/strong>v\u00f5imalus. Rohkem infot\u00a0<a href=\"https:\/\/mandalailu.ee\/en\/uld-ja-muugitingimused\/#jarelmaksu-voimalus\"><strong>SIIT<\/strong><\/a><\/li>\n<\/ul>\n<p>Kui antud k\u00e4ev\u00f5ru Sind k\u00f5netab, on selle s\u00f5num m\u00f5eldud just Sulle. See on Sinu oma. Tunne ta \u00e4ra. L\u00e4bi oma s\u00fcdame.<\/p>","protected":false},"featured_media":5023,"template":"","meta":{"_acf_changed":false},"product_brand":[],"product_cat":[32],"product_tag":[41],"class_list":{"0":"post-611","1":"product","2":"type-product","3":"status-publish","4":"has-post-thumbnail","6":"product_cat-kaevorud","7":"product_tag-kurgutsakra","8":"pa_suurused-18cm","9":"pa_suurused-19cm","11":"first","12":"instock","13":"shipping-taxable","14":"purchasable","15":"product-type-variable"},"acf":[],"yoast_head":"<!-- This site is optimized with the Yoast SEO plugin v26.3 - https:\/\/yoast.com\/wordpress\/plugins\/seo\/ -->\n<title>Selguse ja julguse k\u00e4ev\u00f5ru - Mandala ilu<\/title>\n<meta name=\"description\" content=\"Mandala ILU Apatiidi, Kuldse Tiigrisilma ja Hematiidi k\u00e4ev\u00f5ru OM s\u00fcmboliga toob selgust, julgust ja maandust, avades kurgut\u0161akra ja p\u00e4ikesep\u00f5imiku v\u00e4e.\" \/>\n<meta name=\"robots\" content=\"index, follow, max-snippet:-1, max-image-preview:large, max-video-preview:-1\" \/>\n<link rel=\"canonical\" href=\"https:\/\/mandalailu.ee\/en\/product\/kaevoru-12\/\" \/>\n<meta property=\"og:locale\" content=\"en_US\" \/>\n<meta property=\"og:type\" content=\"article\" \/>\n<meta property=\"og:title\" content=\"Selguse ja julguse k\u00e4ev\u00f5ru - Mandala ilu\" \/>\n<meta property=\"og:description\" content=\"Mandala ILU Apatiidi, Kuldse Tiigrisilma ja Hematiidi k\u00e4ev\u00f5ru OM s\u00fcmboliga toob selgust, julgust ja maandust, avades kurgut\u0161akra ja p\u00e4ikesep\u00f5imiku v\u00e4e.\" \/>\n<meta property=\"og:url\" content=\"https:\/\/mandalailu.ee\/en\/product\/kaevoru-12\/\" \/>\n<meta property=\"og:site_name\" content=\"Mandala ilu\" \/>\n<meta property=\"article:publisher\" content=\"https:\/\/www.facebook.com\/MandalaILU\" \/>\n<meta property=\"article:modified_time\" content=\"2025-09-24T09:34:44+00:00\" \/>\n<meta property=\"og:image\" content=\"https:\/\/mandalailu.ee\/wp-content\/uploads\/2025\/09\/KV0069-Mandala-ILU-vaeehted-kaevoru-Apatiit-Tiigrisilm-Hematiit-1.jpg\" \/>\n\t<meta property=\"og:image:width\" content=\"750\" \/>\n\t<meta property=\"og:image:height\" content=\"750\" \/>\n\t<meta property=\"og:image:type\" content=\"image\/jpeg\" \/>\n<meta name=\"twitter:card\" content=\"summary_large_image\" \/>\n<meta name=\"twitter:label1\" content=\"Est. reading time\" \/>\n\t<meta name=\"twitter:data1\" content=\"2 minutes\" \/>\n<script type=\"application\/ld+json\" class=\"yoast-schema-graph\">{\"@context\":\"https:\/\/schema.org\",\"@graph\":[{\"@type\":\"WebPage\",\"@id\":\"https:\/\/mandalailu.ee\/toode\/kaevoru-12\/\",\"url\":\"https:\/\/mandalailu.ee\/toode\/kaevoru-12\/\",\"name\":\"Selguse ja julguse k\u00e4ev\u00f5ru - Mandala ilu\",\"isPartOf\":{\"@id\":\"https:\/\/mandalailu.ee\/#website\"},\"primaryImageOfPage\":{\"@id\":\"https:\/\/mandalailu.ee\/toode\/kaevoru-12\/#primaryimage\"},\"image\":{\"@id\":\"https:\/\/mandalailu.ee\/toode\/kaevoru-12\/#primaryimage\"},\"thumbnailUrl\":\"https:\/\/mandalailu.ee\/wp-content\/uploads\/2025\/09\/KV0069-Mandala-ILU-vaeehted-kaevoru-Apatiit-Tiigrisilm-Hematiit-1.jpg\",\"datePublished\":\"2022-05-10T10:36:22+00:00\",\"dateModified\":\"2025-09-24T09:34:44+00:00\",\"description\":\"Mandala ILU Apatiidi, Kuldse Tiigrisilma ja Hematiidi k\u00e4ev\u00f5ru OM s\u00fcmboliga toob selgust, julgust ja maandust, avades kurgut\u0161akra ja p\u00e4ikesep\u00f5imiku v\u00e4e.\",\"breadcrumb\":{\"@id\":\"https:\/\/mandalailu.ee\/toode\/kaevoru-12\/#breadcrumb\"},\"inLanguage\":\"en-US\",\"potentialAction\":[{\"@type\":\"ReadAction\",\"target\":[\"https:\/\/mandalailu.ee\/toode\/kaevoru-12\/\"]}]},{\"@type\":\"ImageObject\",\"inLanguage\":\"en-US\",\"@id\":\"https:\/\/mandalailu.ee\/toode\/kaevoru-12\/#primaryimage\",\"url\":\"https:\/\/mandalailu.ee\/wp-content\/uploads\/2025\/09\/KV0069-Mandala-ILU-vaeehted-kaevoru-Apatiit-Tiigrisilm-Hematiit-1.jpg\",\"contentUrl\":\"https:\/\/mandalailu.ee\/wp-content\/uploads\/2025\/09\/KV0069-Mandala-ILU-vaeehted-kaevoru-Apatiit-Tiigrisilm-Hematiit-1.jpg\",\"width\":750,\"height\":750,\"caption\":\"Mandala ILU k\u00e4ev\u00f5ru Apatiidi, Kuldse Tiigrisilma ja Hematiidiga, mida kaunistab OM s\u00fcmbol\"},{\"@type\":\"BreadcrumbList\",\"@id\":\"https:\/\/mandalailu.ee\/toode\/kaevoru-12\/#breadcrumb\",\"itemListElement\":[{\"@type\":\"ListItem\",\"position\":1,\"name\":\"Home\",\"item\":\"https:\/\/mandalailu.ee\/\"},{\"@type\":\"ListItem\",\"position\":2,\"name\":\"Selguse ja julguse k\u00e4ev\u00f5ru\"}]},{\"@type\":\"WebSite\",\"@id\":\"https:\/\/mandalailu.ee\/#website\",\"url\":\"https:\/\/mandalailu.ee\/\",\"name\":\"Mandala ilu\",\"description\":\"Unikaalsed k&auml;sit&ouml;&ouml;na valminud ehted\",\"publisher\":{\"@id\":\"https:\/\/mandalailu.ee\/#organization\"},\"potentialAction\":[{\"@type\":\"SearchAction\",\"target\":{\"@type\":\"EntryPoint\",\"urlTemplate\":\"https:\/\/mandalailu.ee\/?s={search_term_string}\"},\"query-input\":{\"@type\":\"PropertyValueSpecification\",\"valueRequired\":true,\"valueName\":\"search_term_string\"}}],\"inLanguage\":\"en-US\"},{\"@type\":\"Organization\",\"@id\":\"https:\/\/mandalailu.ee\/#organization\",\"name\":\"Mandala ILU\",\"url\":\"https:\/\/mandalailu.ee\/\",\"logo\":{\"@type\":\"ImageObject\",\"inLanguage\":\"en-US\",\"@id\":\"https:\/\/mandalailu.ee\/#\/schema\/logo\/image\/\",\"url\":\"https:\/\/mandalailu.ee\/wp-content\/uploads\/2022\/04\/cropped-Mandala-ILU-lill_block.jpg\",\"contentUrl\":\"https:\/\/mandalailu.ee\/wp-content\/uploads\/2022\/04\/cropped-Mandala-ILU-lill_block.jpg\",\"width\":512,\"height\":512,\"caption\":\"Mandala ILU\"},\"image\":{\"@id\":\"https:\/\/mandalailu.ee\/#\/schema\/logo\/image\/\"},\"sameAs\":[\"https:\/\/www.facebook.com\/MandalaILU\",\"https:\/\/www.instagram.com\/mandala.ilu.mala.ehted\/\"]}]}<\/script>\n<!-- \/ Yoast SEO plugin. -->","yoast_head_json":{"title":"Selguse ja julguse k\u00e4ev\u00f5ru - Mandala ilu","description":"Mandala ILU Apatiidi, Kuldse Tiigrisilma ja Hematiidi k\u00e4ev\u00f5ru OM s\u00fcmboliga toob selgust, julgust ja maandust, avades kurgut\u0161akra ja p\u00e4ikesep\u00f5imiku v\u00e4e.","robots":{"index":"index","follow":"follow","max-snippet":"max-snippet:-1","max-image-preview":"max-image-preview:large","max-video-preview":"max-video-preview:-1"},"canonical":"https:\/\/mandalailu.ee\/en\/product\/kaevoru-12\/","og_locale":"en_US","og_type":"article","og_title":"Selguse ja julguse k\u00e4ev\u00f5ru - Mandala ilu","og_description":"Mandala ILU Apatiidi, Kuldse Tiigrisilma ja Hematiidi k\u00e4ev\u00f5ru OM s\u00fcmboliga toob selgust, julgust ja maandust, avades kurgut\u0161akra ja p\u00e4ikesep\u00f5imiku v\u00e4e.","og_url":"https:\/\/mandalailu.ee\/en\/product\/kaevoru-12\/","og_site_name":"Mandala ilu","article_publisher":"https:\/\/www.facebook.com\/MandalaILU","article_modified_time":"2025-09-24T09:34:44+00:00","og_image":[{"width":750,"height":750,"url":"https:\/\/mandalailu.ee\/wp-content\/uploads\/2025\/09\/KV0069-Mandala-ILU-vaeehted-kaevoru-Apatiit-Tiigrisilm-Hematiit-1.jpg","type":"image\/jpeg"}],"twitter_card":"summary_large_image","twitter_misc":{"Est. reading time":"2 minutes"},"schema":{"@context":"https:\/\/schema.org","@graph":[{"@type":"WebPage","@id":"https:\/\/mandalailu.ee\/toode\/kaevoru-12\/","url":"https:\/\/mandalailu.ee\/toode\/kaevoru-12\/","name":"Selguse ja julguse k\u00e4ev\u00f5ru - Mandala ilu","isPartOf":{"@id":"https:\/\/mandalailu.ee\/#website"},"primaryImageOfPage":{"@id":"https:\/\/mandalailu.ee\/toode\/kaevoru-12\/#primaryimage"},"image":{"@id":"https:\/\/mandalailu.ee\/toode\/kaevoru-12\/#primaryimage"},"thumbnailUrl":"https:\/\/mandalailu.ee\/wp-content\/uploads\/2025\/09\/KV0069-Mandala-ILU-vaeehted-kaevoru-Apatiit-Tiigrisilm-Hematiit-1.jpg","datePublished":"2022-05-10T10:36:22+00:00","dateModified":"2025-09-24T09:34:44+00:00","description":"Mandala ILU Apatiidi, Kuldse Tiigrisilma ja Hematiidi k\u00e4ev\u00f5ru OM s\u00fcmboliga toob selgust, julgust ja maandust, avades kurgut\u0161akra ja p\u00e4ikesep\u00f5imiku v\u00e4e.","breadcrumb":{"@id":"https:\/\/mandalailu.ee\/toode\/kaevoru-12\/#breadcrumb"},"inLanguage":"en-US","potentialAction":[{"@type":"ReadAction","target":["https:\/\/mandalailu.ee\/toode\/kaevoru-12\/"]}]},{"@type":"ImageObject","inLanguage":"en-US","@id":"https:\/\/mandalailu.ee\/toode\/kaevoru-12\/#primaryimage","url":"https:\/\/mandalailu.ee\/wp-content\/uploads\/2025\/09\/KV0069-Mandala-ILU-vaeehted-kaevoru-Apatiit-Tiigrisilm-Hematiit-1.jpg","contentUrl":"https:\/\/mandalailu.ee\/wp-content\/uploads\/2025\/09\/KV0069-Mandala-ILU-vaeehted-kaevoru-Apatiit-Tiigrisilm-Hematiit-1.jpg","width":750,"height":750,"caption":"Mandala ILU k\u00e4ev\u00f5ru Apatiidi, Kuldse Tiigrisilma ja Hematiidiga, mida kaunistab OM s\u00fcmbol"},{"@type":"BreadcrumbList","@id":"https:\/\/mandalailu.ee\/toode\/kaevoru-12\/#breadcrumb","itemListElement":[{"@type":"ListItem","position":1,"name":"Home","item":"https:\/\/mandalailu.ee\/"},{"@type":"ListItem","position":2,"name":"Selguse ja julguse k\u00e4ev\u00f5ru"}]},{"@type":"WebSite","@id":"https:\/\/mandalailu.ee\/#website","url":"https:\/\/mandalailu.ee\/","name":"Mandala ilu","description":"Unikaalsed k&auml;sit&ouml;&ouml;na valminud ehted","publisher":{"@id":"https:\/\/mandalailu.ee\/#organization"},"potentialAction":[{"@type":"SearchAction","target":{"@type":"EntryPoint","urlTemplate":"https:\/\/mandalailu.ee\/?s={search_term_string}"},"query-input":{"@type":"PropertyValueSpecification","valueRequired":true,"valueName":"search_term_string"}}],"inLanguage":"en-US"},{"@type":"Organization","@id":"https:\/\/mandalailu.ee\/#organization","name":"Mandala ILU","url":"https:\/\/mandalailu.ee\/","logo":{"@type":"ImageObject","inLanguage":"en-US","@id":"https:\/\/mandalailu.ee\/#\/schema\/logo\/image\/","url":"https:\/\/mandalailu.ee\/wp-content\/uploads\/2022\/04\/cropped-Mandala-ILU-lill_block.jpg","contentUrl":"https:\/\/mandalailu.ee\/wp-content\/uploads\/2022\/04\/cropped-Mandala-ILU-lill_block.jpg","width":512,"height":512,"caption":"Mandala ILU"},"image":{"@id":"https:\/\/mandalailu.ee\/#\/schema\/logo\/image\/"},"sameAs":["https:\/\/www.facebook.com\/MandalaILU","https:\/\/www.instagram.com\/mandala.ilu.mala.ehted\/"]}]}},"_links":{"self":[{"href":"https:\/\/mandalailu.ee\/en\/wp-json\/wp\/v2\/product\/611","targetHints":{"allow":["GET"]}}],"collection":[{"href":"https:\/\/mandalailu.ee\/en\/wp-json\/wp\/v2\/product"}],"about":[{"href":"https:\/\/mandalailu.ee\/en\/wp-json\/wp\/v2\/types\/product"}],"wp:featuredmedia":[{"embeddable":true,"href":"https:\/\/mandalailu.ee\/en\/wp-json\/wp\/v2\/media\/5023"}],"wp:attachment":[{"href":"https:\/\/mandalailu.ee\/en\/wp-json\/wp\/v2\/media?parent=611"}],"wp:term":[{"taxonomy":"product_brand","embeddable":true,"href":"https:\/\/mandalailu.ee\/en\/wp-json\/wp\/v2\/product_brand?post=611"},{"taxonomy":"product_cat","embeddable":true,"href":"https:\/\/mandalailu.ee\/en\/wp-json\/wp\/v2\/product_cat?post=611"},{"taxonomy":"product_tag","embeddable":true,"href":"https:\/\/mandalailu.ee\/en\/wp-json\/wp\/v2\/product_tag?post=611"}],"curies":[{"name":"wp","href":"https:\/\/api.w.org\/{rel}","templated":true}]}}