{"id":615,"date":"2022-05-10T11:00:41","date_gmt":"2022-05-10T11:00:41","guid":{"rendered":"https:\/\/mandalailu.ee\/?post_type=product&#038;p=615"},"modified":"2024-03-22T12:38:15","modified_gmt":"2024-03-22T12:38:15","slug":"kaevoru-15","status":"publish","type":"product","link":"https:\/\/mandalailu.ee\/en\/product\/kaevoru-15\/","title":{"rendered":"Joondumine valgusega k\u00e4ev\u00f5rude kombo"},"content":{"rendered":"<h2 style=\"text-align: center;\">Joondumine valgusega k\u00e4ev\u00f5rude kombo:<\/h2>\n<h3><strong>OON\u00dcKS<\/strong><\/h3>\n<p>Sageli amuletina, negatiivse energia vastu, kasutatav Oon\u00fcks on \u00f5nne meisterkristall. K\u00f5igil mustadel kividel on tugevad raviomadused. Oon\u00fcks on v\u00f5imsa vibratsiooniga. Must Oon\u00fcks mitte ainult ei heida Sinu \u00fcmber kaitse kilbi, vaid aktiveerib ka <a href=\"https:\/\/mandalailu.ee\/en\/blogi\/tsakrad\/\"><strong>t\u0161akrad<\/strong><\/a>, et luua kohalolu, loomingulist keskendumist ja valgustada uusi teid taipamisteni. Must oon\u00fcks on t\u00e4is suurep\u00e4rast maandavat energiat, mis aitab Sul end selles maailmas tasakaalus tunda. Neile, kel on kiired vihapursked ning kes on sageli n\u00e4rvilises segaduses, on Oon\u00fcks siin, et Sind rahustada. Maanduskivina on Oon\u00fcks <a href=\"https:\/\/mandalailu.ee\/en\/blogi\/juurtsakra\/\"><strong>juurt\u0161akra<\/strong><\/a> kivi, luues tugeva \u00fchenduse maaga. Must Oon\u00fcks kaitseb Sind ka <a href=\"https:\/\/mandalailu.ee\/en\/blogi\/tsakrad\/\"><strong>kroont\u0161akra<\/strong><\/a> avanemise, igasugu vaimsete praktikate ja ka eelmiste elude uurimise ajal, mil oled avatud ja haavatav. Nagu k\u00f5iki kristalle, tuleb ka Oon\u00fcksit regulaarselt puhastada ja laadida. Kuna must Oon\u00fcks on kaitsekivi, mis t\u00f6\u00f6tab negatiivsete vibratsioonidega, on eriti oluline teda puhastada kui tunnete, et at muutub raskeks v\u00f5i kannab endas surma energiat. \u00dcks lihtsamaid viise Oon\u00fcksi kiireks ja ohutuks puhastamiseks Salvei suits.<\/p>\n<h3><strong>KUUKUVI <\/strong><\/h3>\n<p>KUUKUVI t\u00e4hendus on naiselik energia ja uued algused. Ta on sisemise valguse kristall ning Jumaliku tarkuse abivahend, mida kasutatakse vaimses tervendamises. Kuukivist \u00f5hkav maagia v\u00f5lub Sind oma ereda naiseliku energia ja lubadusega muutusteks. Kuu on sajandeid olnud jumalanna vaimu s\u00fcmbol, mis ripub kerana meie peade kohal. Kuukivi j\u00e4\u00e4dvustab kogu selle maagia ja rohkemgi veel. Indias kasutatakse Kuukivi Jumaliku tarkuse ja selgeltn\u00e4gemise oskuste v\u00e4lja toomiseks. Kuukivi j\u00e4\u00e4dvustab noorkuu lootust ja lubadust. See kivi on suurep\u00e4rane emotsioonide v\u00f5imendaja, kuid teeb seda viisil, mis ei kahjusta tasakaalu.<\/p>\n<h3><strong>AKVAMARIIN<\/strong><\/h3>\n<p>AKVAMARIINi t\u00e4hendus on emotsionaalne selgus. Akvamariin on ookean, mis on muutunud veest kiviks, kaotamata oma s\u00e4delevaid merev\u00e4rve, rahustavat olemust ega ka raviomadusi. Arvestades, et inimkeha koosneb seitsmek\u00fcmnest protsendist veest, pole ehk \u00fcllatav, et see ookeani s\u00e4rav kristall meie k\u00e4tte on usaldatud. Akvamariin t\u00e4idab Sind elueliksiiriga, peseb \u00e4ra j\u00e4\u00e4km\u00fcrgisuse ja hoiab Sind puhtana ja alati valmis laskma voolul end kanda k\u00f5ikjale, kuhu vajame. Akvamariini nimetatakse ka julguse kiviks, avaldades austust Sinu sisemisele j\u00f5ule ja vastupidavusele. Tal on v\u00f5ime aidata astuda varjust v\u00e4lja valgusesse. Igasugune suhtlusvorm, mis tekitab Sinus hirmu &#8211; olgu see siis avalik esinemine v\u00f5i lihtsalt oma vajaduste v\u00e4ljendamine s\u00f5pradele ja perele, Akvamariin t\u00f6\u00f6tab<a href=\"https:\/\/mandalailu.ee\/en\/blogi\/tsakrad\/\"><strong> kurgut\u0161akraga<\/strong><\/a>, et hoida Sinu h\u00e4\u00e4l \u00fchtlasena ja tuua hinge j\u00f5udu. On viimane aeg \u00fclekoormus maha pesta, et saaksid astuda selge peaga suhtlemisse ja alustada elus asju, mida soovid.<\/p>\n<h3><strong>LABRADORIIT<\/strong><\/h3>\n<p>LABRADORIIT on kuulus oma seotuse poolest kujutlusv\u00f5imega. Legendi j\u00e4rgi s\u00fcndis Labradoriit virmaliste m\u00fcstilisest hiilgusest. Labradoriit t\u00f6\u00f6tab koosk\u00f5las universumiga, et tuua Sinu kehasse, vaimu ja hinge ELU toetavaid elemente. Ta on suurep\u00e4rane kivi depressiooni ja \u00e4revusega t\u00f6\u00f6tamiseks, kuna omab maandusj\u00f5udu, mis v\u00f5imaldab Sul olla metsik ning samas ka loov, ilma et kaotaksid \u00fchenduse maaga. <a href=\"https:\/\/mandalailu.ee\/en\/blogi\/tsakrad\/\"><strong>Kroont\u0161akra<\/strong><\/a> kivina aitab Labradoriit Sul p\u00fcsida loodusvaimudega \u00fchenduses. Meie maa on t\u00e4is kosmilist energiat ning s\u00e4delev Labradoriit on kui t\u00e4hetolm, kuuvalgus ja haruldane energiaj\u00f5ud, mis aitab Sul inimlikust unest \u00e4rgata.<\/p>\n<p><b>Kui antud k\u00e4ev\u00f5ru Sind k\u00f5netab, on selle s\u00f5num m\u00f5eldud just Sulle. See on Sinu ehe. Tunne ta \u00e4ra. L\u00e4bi oma s\u00fcdame.<\/b><\/p>\n<ul>\n<li>K\u00f5ik Minu ehted on 100% k\u00e4sit\u00f6\u00f6 ning ainueksemplarid, loodud puhtast armastusest ning loomisj\u00f5ust, l\u00e4bi kanalduse, Tema kandjale.<\/li>\n<li>Minu ehted kannavad endas naiselikku ilu, poolv\u00e4\u00e4riskivide toetust ning p\u00fchitsetud v\u00e4ge<\/li>\n<li>Enne uude koju j\u00f5udmist on ehe energeetiliselt puhastatud ja laetud<\/li>\n<\/ul>\n<p>Joondumine valgusega k\u00e4ev\u00f5rude kombo looja: K\u00e4rt Lumiste<br \/>\n<strong>Ole hoitud, l\u00e4bi armastuse<\/strong><\/p>","protected":false},"excerpt":{"rendered":"<blockquote>\n<p style=\"text-align: left;\"><strong>&#8220;Selle k\u00e4ev\u00f5rude kombo toel luban endal valgusega joonduda ning lubada end elul kanda&#8221;<\/strong><\/p>\n<\/blockquote>\n<p>Joondumine valgusega k\u00e4ev\u00f5rude kombos osalesid:<\/p>\n<ul>\n<li>Maandav kristall OON\u00dcKS<\/li>\n<li>Selgeltn\u00e4gemist toetav KUUKIVI<\/li>\n<li>Emotsionaalse selgus kivi AKVAMARIIN<\/li>\n<li>K\u00f5ikide v\u00f5imaluste kristall LABRADORIIT<\/li>\n<li>P\u00e4rlite suurus on 4 &amp; 6 mm<\/li>\n<li>K\u00e4ev\u00f5ru j\u00f5uab Sinuni ilusas kinkekotis<\/li>\n<li>Eesti sisene\u00a0<strong>transport<\/strong>\u00a0pakiautomaati on ALATI minu kulul<\/li>\n<li><strong>Vali kohe, maksa hiljem <\/strong>v\u00f5imalus. Rohkem infot\u00a0<a href=\"https:\/\/mandalailu.ee\/en\/uld-ja-muugitingimused\/#jarelmaksu-voimalus\"><strong>SIIT<\/strong><\/a><\/li>\n<\/ul>\n<p>Oma ehteid luues on mul kindel teadmine, et igal valmival ehtel on tegelikult juba loomise ajal omanik olemas. Ta lihtsalt ei tea veel, et tema soovide ja taotlustega ehe on just sel hetkel kuskil end loomas. See on kanaldus. See on usaldus. See on energia. Mina k\u00fcsin universumilt juhiseid ja tema saadab need. Mispeale loon Sinu ehte siia ellu just Sulle vajalike kristallide ja taotlustega. Nii lihtne see ongi. Sinu \u00fclesanne on vaid oma ehe \u00e4ra tunda. L\u00e4bi oma s\u00fcdame.<\/p>","protected":false},"featured_media":3075,"template":"","meta":{"_acf_changed":false},"product_brand":[],"product_cat":[32],"product_tag":[37,43,41],"class_list":{"0":"post-615","1":"product","2":"type-product","3":"status-publish","4":"has-post-thumbnail","6":"product_cat-kaevorud","7":"product_tag-juurtsakra","8":"product_tag-kroontsakra","9":"product_tag-kurgutsakra","10":"pa_suurused-18cm","12":"first","13":"outofstock","14":"shipping-taxable","15":"product-type-simple"},"acf":[],"yoast_head":"<!-- This site is optimized with the Yoast SEO plugin v26.3 - https:\/\/yoast.com\/wordpress\/plugins\/seo\/ -->\n<title>Joondumine valgusega k\u00e4ev\u00f5rude kombo - Mandala ilu<\/title>\n<meta name=\"description\" content=\"Mandala ILU poolt loodud k\u00e4ev\u00f5rud on ideaalne kingitus endale v\u00f5i s\u00f5brale. K\u00f5ik k\u00e4ev\u00f5rud on loodud puhtast armastusest ning loomisj\u00f5ust. Joondumise k\u00e4ev\u00f5ru\" \/>\n<meta name=\"robots\" content=\"index, follow, max-snippet:-1, max-image-preview:large, max-video-preview:-1\" \/>\n<link rel=\"canonical\" href=\"https:\/\/mandalailu.ee\/en\/product\/kaevoru-15\/\" \/>\n<meta property=\"og:locale\" content=\"en_US\" \/>\n<meta property=\"og:type\" content=\"article\" \/>\n<meta property=\"og:title\" content=\"Joondumine valgusega k\u00e4ev\u00f5rude kombo - Mandala ilu\" \/>\n<meta property=\"og:description\" content=\"Mandala ILU poolt loodud k\u00e4ev\u00f5rud on ideaalne kingitus endale v\u00f5i s\u00f5brale. K\u00f5ik k\u00e4ev\u00f5rud on loodud puhtast armastusest ning loomisj\u00f5ust. Joondumise k\u00e4ev\u00f5ru\" \/>\n<meta property=\"og:url\" content=\"https:\/\/mandalailu.ee\/en\/product\/kaevoru-15\/\" \/>\n<meta property=\"og:site_name\" content=\"Mandala ilu\" \/>\n<meta property=\"article:publisher\" content=\"https:\/\/www.facebook.com\/MandalaILU\" \/>\n<meta property=\"article:modified_time\" content=\"2024-03-22T12:38:15+00:00\" \/>\n<meta property=\"og:image\" content=\"https:\/\/mandalailu.ee\/wp-content\/uploads\/2023\/11\/KV0055-Mandala-ILU-vaeeheted-Kuukivi-Oonuks-Labradoriit-Akvamariin-2.jpg\" \/>\n\t<meta property=\"og:image:width\" content=\"750\" \/>\n\t<meta property=\"og:image:height\" content=\"750\" \/>\n\t<meta property=\"og:image:type\" content=\"image\/jpeg\" \/>\n<meta name=\"twitter:card\" content=\"summary_large_image\" \/>\n<meta name=\"twitter:label1\" content=\"Est. reading time\" \/>\n\t<meta name=\"twitter:data1\" content=\"3 minutes\" \/>\n<script type=\"application\/ld+json\" class=\"yoast-schema-graph\">{\"@context\":\"https:\/\/schema.org\",\"@graph\":[{\"@type\":\"WebPage\",\"@id\":\"https:\/\/mandalailu.ee\/toode\/kaevoru-15\/\",\"url\":\"https:\/\/mandalailu.ee\/toode\/kaevoru-15\/\",\"name\":\"Joondumine valgusega k\u00e4ev\u00f5rude kombo - Mandala ilu\",\"isPartOf\":{\"@id\":\"https:\/\/mandalailu.ee\/#website\"},\"primaryImageOfPage\":{\"@id\":\"https:\/\/mandalailu.ee\/toode\/kaevoru-15\/#primaryimage\"},\"image\":{\"@id\":\"https:\/\/mandalailu.ee\/toode\/kaevoru-15\/#primaryimage\"},\"thumbnailUrl\":\"https:\/\/mandalailu.ee\/wp-content\/uploads\/2023\/11\/KV0055-Mandala-ILU-vaeeheted-Kuukivi-Oonuks-Labradoriit-Akvamariin-2.jpg\",\"datePublished\":\"2022-05-10T11:00:41+00:00\",\"dateModified\":\"2024-03-22T12:38:15+00:00\",\"description\":\"Mandala ILU poolt loodud k\u00e4ev\u00f5rud on ideaalne kingitus endale v\u00f5i s\u00f5brale. K\u00f5ik k\u00e4ev\u00f5rud on loodud puhtast armastusest ning loomisj\u00f5ust. Joondumise k\u00e4ev\u00f5ru\",\"breadcrumb\":{\"@id\":\"https:\/\/mandalailu.ee\/toode\/kaevoru-15\/#breadcrumb\"},\"inLanguage\":\"en-US\",\"potentialAction\":[{\"@type\":\"ReadAction\",\"target\":[\"https:\/\/mandalailu.ee\/toode\/kaevoru-15\/\"]}]},{\"@type\":\"ImageObject\",\"inLanguage\":\"en-US\",\"@id\":\"https:\/\/mandalailu.ee\/toode\/kaevoru-15\/#primaryimage\",\"url\":\"https:\/\/mandalailu.ee\/wp-content\/uploads\/2023\/11\/KV0055-Mandala-ILU-vaeeheted-Kuukivi-Oonuks-Labradoriit-Akvamariin-2.jpg\",\"contentUrl\":\"https:\/\/mandalailu.ee\/wp-content\/uploads\/2023\/11\/KV0055-Mandala-ILU-vaeeheted-Kuukivi-Oonuks-Labradoriit-Akvamariin-2.jpg\",\"width\":750,\"height\":750,\"caption\":\"Mandala ILU v\u00e4eeheted \/ JOONDUMINE VALGUSEG k\u00e4ev\u00f5ru \/ Kuukivi, Oon\u00fcks, Labradoriit, Akvamariin\"},{\"@type\":\"BreadcrumbList\",\"@id\":\"https:\/\/mandalailu.ee\/toode\/kaevoru-15\/#breadcrumb\",\"itemListElement\":[{\"@type\":\"ListItem\",\"position\":1,\"name\":\"Home\",\"item\":\"https:\/\/mandalailu.ee\/\"},{\"@type\":\"ListItem\",\"position\":2,\"name\":\"Joondumine valgusega k\u00e4ev\u00f5rude kombo\"}]},{\"@type\":\"WebSite\",\"@id\":\"https:\/\/mandalailu.ee\/#website\",\"url\":\"https:\/\/mandalailu.ee\/\",\"name\":\"Mandala ilu\",\"description\":\"Unikaalsed k&auml;sit&ouml;&ouml;na valminud ehted\",\"publisher\":{\"@id\":\"https:\/\/mandalailu.ee\/#organization\"},\"potentialAction\":[{\"@type\":\"SearchAction\",\"target\":{\"@type\":\"EntryPoint\",\"urlTemplate\":\"https:\/\/mandalailu.ee\/?s={search_term_string}\"},\"query-input\":{\"@type\":\"PropertyValueSpecification\",\"valueRequired\":true,\"valueName\":\"search_term_string\"}}],\"inLanguage\":\"en-US\"},{\"@type\":\"Organization\",\"@id\":\"https:\/\/mandalailu.ee\/#organization\",\"name\":\"Mandala ILU\",\"url\":\"https:\/\/mandalailu.ee\/\",\"logo\":{\"@type\":\"ImageObject\",\"inLanguage\":\"en-US\",\"@id\":\"https:\/\/mandalailu.ee\/#\/schema\/logo\/image\/\",\"url\":\"https:\/\/mandalailu.ee\/wp-content\/uploads\/2022\/04\/cropped-Mandala-ILU-lill_block.jpg\",\"contentUrl\":\"https:\/\/mandalailu.ee\/wp-content\/uploads\/2022\/04\/cropped-Mandala-ILU-lill_block.jpg\",\"width\":512,\"height\":512,\"caption\":\"Mandala ILU\"},\"image\":{\"@id\":\"https:\/\/mandalailu.ee\/#\/schema\/logo\/image\/\"},\"sameAs\":[\"https:\/\/www.facebook.com\/MandalaILU\",\"https:\/\/www.instagram.com\/mandala.ilu.mala.ehted\/\"]}]}<\/script>\n<!-- \/ Yoast SEO plugin. -->","yoast_head_json":{"title":"Joondumine valgusega k\u00e4ev\u00f5rude kombo - Mandala ilu","description":"Mandala ILU poolt loodud k\u00e4ev\u00f5rud on ideaalne kingitus endale v\u00f5i s\u00f5brale. K\u00f5ik k\u00e4ev\u00f5rud on loodud puhtast armastusest ning loomisj\u00f5ust. Joondumise k\u00e4ev\u00f5ru","robots":{"index":"index","follow":"follow","max-snippet":"max-snippet:-1","max-image-preview":"max-image-preview:large","max-video-preview":"max-video-preview:-1"},"canonical":"https:\/\/mandalailu.ee\/en\/product\/kaevoru-15\/","og_locale":"en_US","og_type":"article","og_title":"Joondumine valgusega k\u00e4ev\u00f5rude kombo - Mandala ilu","og_description":"Mandala ILU poolt loodud k\u00e4ev\u00f5rud on ideaalne kingitus endale v\u00f5i s\u00f5brale. K\u00f5ik k\u00e4ev\u00f5rud on loodud puhtast armastusest ning loomisj\u00f5ust. Joondumise k\u00e4ev\u00f5ru","og_url":"https:\/\/mandalailu.ee\/en\/product\/kaevoru-15\/","og_site_name":"Mandala ilu","article_publisher":"https:\/\/www.facebook.com\/MandalaILU","article_modified_time":"2024-03-22T12:38:15+00:00","og_image":[{"width":750,"height":750,"url":"https:\/\/mandalailu.ee\/wp-content\/uploads\/2023\/11\/KV0055-Mandala-ILU-vaeeheted-Kuukivi-Oonuks-Labradoriit-Akvamariin-2.jpg","type":"image\/jpeg"}],"twitter_card":"summary_large_image","twitter_misc":{"Est. reading time":"3 minutes"},"schema":{"@context":"https:\/\/schema.org","@graph":[{"@type":"WebPage","@id":"https:\/\/mandalailu.ee\/toode\/kaevoru-15\/","url":"https:\/\/mandalailu.ee\/toode\/kaevoru-15\/","name":"Joondumine valgusega k\u00e4ev\u00f5rude kombo - Mandala ilu","isPartOf":{"@id":"https:\/\/mandalailu.ee\/#website"},"primaryImageOfPage":{"@id":"https:\/\/mandalailu.ee\/toode\/kaevoru-15\/#primaryimage"},"image":{"@id":"https:\/\/mandalailu.ee\/toode\/kaevoru-15\/#primaryimage"},"thumbnailUrl":"https:\/\/mandalailu.ee\/wp-content\/uploads\/2023\/11\/KV0055-Mandala-ILU-vaeeheted-Kuukivi-Oonuks-Labradoriit-Akvamariin-2.jpg","datePublished":"2022-05-10T11:00:41+00:00","dateModified":"2024-03-22T12:38:15+00:00","description":"Mandala ILU poolt loodud k\u00e4ev\u00f5rud on ideaalne kingitus endale v\u00f5i s\u00f5brale. K\u00f5ik k\u00e4ev\u00f5rud on loodud puhtast armastusest ning loomisj\u00f5ust. Joondumise k\u00e4ev\u00f5ru","breadcrumb":{"@id":"https:\/\/mandalailu.ee\/toode\/kaevoru-15\/#breadcrumb"},"inLanguage":"en-US","potentialAction":[{"@type":"ReadAction","target":["https:\/\/mandalailu.ee\/toode\/kaevoru-15\/"]}]},{"@type":"ImageObject","inLanguage":"en-US","@id":"https:\/\/mandalailu.ee\/toode\/kaevoru-15\/#primaryimage","url":"https:\/\/mandalailu.ee\/wp-content\/uploads\/2023\/11\/KV0055-Mandala-ILU-vaeeheted-Kuukivi-Oonuks-Labradoriit-Akvamariin-2.jpg","contentUrl":"https:\/\/mandalailu.ee\/wp-content\/uploads\/2023\/11\/KV0055-Mandala-ILU-vaeeheted-Kuukivi-Oonuks-Labradoriit-Akvamariin-2.jpg","width":750,"height":750,"caption":"Mandala ILU v\u00e4eeheted \/ JOONDUMINE VALGUSEG k\u00e4ev\u00f5ru \/ Kuukivi, Oon\u00fcks, Labradoriit, Akvamariin"},{"@type":"BreadcrumbList","@id":"https:\/\/mandalailu.ee\/toode\/kaevoru-15\/#breadcrumb","itemListElement":[{"@type":"ListItem","position":1,"name":"Home","item":"https:\/\/mandalailu.ee\/"},{"@type":"ListItem","position":2,"name":"Joondumine valgusega k\u00e4ev\u00f5rude kombo"}]},{"@type":"WebSite","@id":"https:\/\/mandalailu.ee\/#website","url":"https:\/\/mandalailu.ee\/","name":"Mandala ilu","description":"Unikaalsed k&auml;sit&ouml;&ouml;na valminud ehted","publisher":{"@id":"https:\/\/mandalailu.ee\/#organization"},"potentialAction":[{"@type":"SearchAction","target":{"@type":"EntryPoint","urlTemplate":"https:\/\/mandalailu.ee\/?s={search_term_string}"},"query-input":{"@type":"PropertyValueSpecification","valueRequired":true,"valueName":"search_term_string"}}],"inLanguage":"en-US"},{"@type":"Organization","@id":"https:\/\/mandalailu.ee\/#organization","name":"Mandala ILU","url":"https:\/\/mandalailu.ee\/","logo":{"@type":"ImageObject","inLanguage":"en-US","@id":"https:\/\/mandalailu.ee\/#\/schema\/logo\/image\/","url":"https:\/\/mandalailu.ee\/wp-content\/uploads\/2022\/04\/cropped-Mandala-ILU-lill_block.jpg","contentUrl":"https:\/\/mandalailu.ee\/wp-content\/uploads\/2022\/04\/cropped-Mandala-ILU-lill_block.jpg","width":512,"height":512,"caption":"Mandala ILU"},"image":{"@id":"https:\/\/mandalailu.ee\/#\/schema\/logo\/image\/"},"sameAs":["https:\/\/www.facebook.com\/MandalaILU","https:\/\/www.instagram.com\/mandala.ilu.mala.ehted\/"]}]}},"_links":{"self":[{"href":"https:\/\/mandalailu.ee\/en\/wp-json\/wp\/v2\/product\/615","targetHints":{"allow":["GET"]}}],"collection":[{"href":"https:\/\/mandalailu.ee\/en\/wp-json\/wp\/v2\/product"}],"about":[{"href":"https:\/\/mandalailu.ee\/en\/wp-json\/wp\/v2\/types\/product"}],"wp:featuredmedia":[{"embeddable":true,"href":"https:\/\/mandalailu.ee\/en\/wp-json\/wp\/v2\/media\/3075"}],"wp:attachment":[{"href":"https:\/\/mandalailu.ee\/en\/wp-json\/wp\/v2\/media?parent=615"}],"wp:term":[{"taxonomy":"product_brand","embeddable":true,"href":"https:\/\/mandalailu.ee\/en\/wp-json\/wp\/v2\/product_brand?post=615"},{"taxonomy":"product_cat","embeddable":true,"href":"https:\/\/mandalailu.ee\/en\/wp-json\/wp\/v2\/product_cat?post=615"},{"taxonomy":"product_tag","embeddable":true,"href":"https:\/\/mandalailu.ee\/en\/wp-json\/wp\/v2\/product_tag?post=615"}],"curies":[{"name":"wp","href":"https:\/\/api.w.org\/{rel}","templated":true}]}}