{"id":618,"date":"2022-05-10T11:16:21","date_gmt":"2022-05-10T11:16:21","guid":{"rendered":"https:\/\/mandalailu.ee\/?post_type=product&#038;p=618"},"modified":"2025-12-18T11:55:26","modified_gmt":"2025-12-18T11:55:26","slug":"kaevoru-17","status":"publish","type":"product","link":"https:\/\/mandalailu.ee\/en\/product\/kaevoru-17\/","title":{"rendered":"Avan oma S\u00fcdame k\u00e4ev\u00f5ru kombo"},"content":{"rendered":"<h2 style=\"text-align: center;\">Avan oma S\u00fcdame k\u00e4ev\u00f5ru kombo:<\/h2>\n<h3><strong>ROOSA KVARTS<\/strong><\/h3>\n<p>ROOSA KVARTSi suurimad m\u00e4rks\u00f5nad on armastus ja kaastunne. Roosa kvartsi imeilus \u00f5hetav toon n\u00e4ib haaravat k\u00f5igi s\u00fcdamed. Midagi on selles pehmes ja naiselikus kristallis, millest \u00f5hkub puhast armastust. Pole \u00fcllatav, et Roosa Kvartsi t\u00e4hendus on universaalne armastus. Ta on tervendavate omadustega kristall, mis on harmooniast l\u00e4bi imbunud ja nii \u00f5rn, et tahad seda alati enda l\u00e4hedal hoida. Vaimsel numbril seitse vibreeriv Roosa Kvarts h\u00f5ivab ruumi, mis j\u00e4\u00e4b puhtaks m\u00fcsteeriumiks, olles samas nii lohutav kui ka maandav j\u00f5ud Sinu elus. Roosa Kvarts r\u00e4\u00e4gib pehmelt igasugusest armastusest \u2013 alates tervendavast suhtlemisest perega kuni s\u00fcgavama sideni abikaasade ja ka s\u00f5pradega vahel ning ka enese eest hoolitsemise magusamate nootide toomiseni Sinu maailma. Roosa kvartsi soov on viia Sinu \u00f5rn s\u00fcda pehmelt, kuid energiliselt vastavusse t\u00f5elise ja armastava kaastundega. Roosa Kvarts on tuntud ka kui S\u00fcdamekivi, mis on seotud <a href=\"https:\/\/mandalailu.ee\/en\/blogi\/sudametsakra\/\"><strong>s\u00fcdamet\u0161akraga<\/strong><\/a> ja seda kristalli kasutatakse sageli paranemiseks s\u00fcgavatest emotsionaalsetest haavadest tekkinud valust v\u00f5i traumast. Roosa Kvartsi on lemmikuks neile, kes ihkavad oma ellu rohkem armastust.<\/p>\n<h3><strong>P\u00c4IKESEKIVI<\/strong><\/h3>\n<p>P\u00e4ikesekivi on r\u00f5\u00f5mu kristall, mis toob Sinu ellu positiivsust ja \u00f5nne. Olles <a href=\"https:\/\/mandalailu.ee\/en\/blogi\/paikesepoimik\/\"><strong>P\u00e4ikesep\u00f5imu<\/strong><\/a> kristall, on P\u00e4ikesekivi sarnaselt p\u00e4ikesega kollakas oran\u017ei v\u00e4rvi, m\u00f5nikord ka kuldsete laikudega, mis panevad ta s\u00e4delema. P\u00e4ikesekivi on alati peetud hea \u00f5nne, k\u00fclluse ja pikaealisuse kiviks. Ta annab Sulle energiat ja j\u00f5udu, ajal kui seda k\u00f5ige enam vajate. P\u00e4ikesekivi aitab leevendada depressiooni, hirmu ja stressi. Aitab taastuda h\u00fcljatuse ja \u00e4rakasutamise tundest. \u00dcle\u00fcldse leevendab P\u00e4ikeseivi eba\u00f5nnestumise tundeid, v\u00f5imaldades Sul leppida sellega, et vead on vaid kogemused ning elu \u00f5ppimise osa.<\/p>\n<h3><strong>Lilla JAAD<\/strong><\/h3>\n<p>Lilla JAAD on tuntud paljudes kultuurides oma tugevuse, ilu ja maagiliste j\u00f5udude poolest. Ta avab Sinu <a href=\"https:\/\/mandalailu.ee\/en\/blogi\/tsakrad\/\"><strong>kolmanda silma<\/strong><\/a> ja paneb unistama suuremalt kui kunagi varem. Lilla Jaad reguleerib energiaid, mis voolavad l\u00e4bi Sinu keha ja aura. Ta avab Sinu meeled eritamaks, mis siin elus on t\u00f5eline ja mis mitte. Jaad on tuntud oma v\u00f5ime poolest edendada loovust, leidlikkust ja praktilisust. Lilla Jaad annab t\u00f5uke ning julgustab armastuse tundel rohkem s\u00e4rada.<\/p>\n<h3><strong>Valge JAAD<\/strong><\/h3>\n<p>JAAD ehk jadeiit ehk nefriit on p\u00fcha \u00f5nnekivi. JAAD on tuntud kui rahu kristall. Valgel Jaadil on v\u00f5ime suurendada armastuse energiat Sinu elus. See muudab v\u00e4ljakutsed lihtsamaks, mis omakorda muudab Sinu rahutu meele rahumeelsemaks. Jaad on \u00fcks kuulsamaid tervendavaid kristalle, mis on tuntud selle poolest, et toob \u00f5nne k\u00f5igile, kes teda kannavad. Olgu tegemist siis tervise, armastuse v\u00f5i \u00e4rilise \u00f5nnega. Muistsed kultuurid sosistasid, et Jaad olla ka unistuste kivi. Ta on on tuntud ka selle poolest, et aitab sul meele segavatest teguritest puhastada ning hoiab asjad Sinu jaoks perspektiivis. Ta on imeline abimees ja toetaja Sulle, kui v\u00f5itled otsuste tegemisega.<\/p>\n<p>&nbsp;<\/p>\n<p><b>Kui antud k\u00e4ev\u00f5ru Sind k\u00f5netab, on selle s\u00f5num m\u00f5eldud just Sulle. See on Sinu ehe. Tunne ta \u00e4ra. L\u00e4bi oma s\u00fcdame.<\/b><\/p>\n<ul>\n<li>K\u00f5ik Minu ehted on 100% k\u00e4sit\u00f6\u00f6 ning ainueksemplarid, loodud puhtast armastusest ning loomisj\u00f5ust, l\u00e4bi kanalduse, Tema kandjale.<\/li>\n<li>Minu ehted kannavad endas naiselikku ilu, poolv\u00e4\u00e4riskivide toetust ning p\u00fchitsetud v\u00e4ge<\/li>\n<li>Enne uude koju j\u00f5udmist on ehe energeetiliselt puhastatud ja laetud<\/li>\n<\/ul>\n<p>Avan oma S\u00fcdame k\u00e4ev\u00f5ru kombo looja: K\u00e4rt Lumiste<br \/>\n<strong>Ole hoitud, l\u00e4bi armastuse<\/strong><\/p>","protected":false},"excerpt":{"rendered":"<blockquote>\n<p style=\"text-align: left;\"><strong>\u00a0&#8220;Selle k\u00e4ev\u00f5rude kombo toel avan oma s\u00fcdame universumile ja palun ta end tervedama.&#8221;<\/strong><\/p>\n<\/blockquote>\n<p>Avan oma S\u00fcdame k\u00e4ev\u00f5ru kombos osalesid:<\/p>\n<ul>\n<li>Armastus ja kaastunde kristall ROOSA KVARTS<\/li>\n<li>R\u00f5\u00f5mu kristall P\u00c4IKESEKIVI<\/li>\n<li>Maagiliste j\u00f5udude kristall lilla JAAD<\/li>\n<li>P\u00fcha \u00f5nnekivi valge JAAD<\/li>\n<li>P\u00e4rlite suurus on 6 mm<\/li>\n<li>K\u00e4ev\u00f5ru j\u00f5uab Sinuni ilusas kinkekotis<\/li>\n<li>Eesti sisene\u00a0<strong>transport<\/strong>\u00a0pakiautomaati on ALATI minu kulul<\/li>\n<li><strong>Vali kohe, maksa hiljem <\/strong>v\u00f5imalus. Rohkem infot\u00a0<a href=\"https:\/\/mandalailu.ee\/en\/uld-ja-muugitingimused\/#jarelmaksu-voimalus\"><strong>SIIT<\/strong><\/a><\/li>\n<\/ul>\n<p>Oma ehteid luues on mul kindel teadmine, et igal valmival ehtel on tegelikult juba loomise ajal omanik olemas. Ta lihtsalt ei tea veel, et tema soovide ja taotlustega ehe on just sel hetkel kuskil end loomas. See on kanaldus. See on usaldus. See on energia. Mina k\u00fcsin universumilt juhiseid ja tema saadab need. Mispeale loon Sinu ehte siia ellu just Sulle vajalike kristallide ja taotlustega. Nii lihtne see ongi. Sinu \u00fclesanne on vaid oma ehe \u00e4ra tunda. L\u00e4bi oma s\u00fcdame.<\/p>","protected":false},"featured_media":3066,"template":"","meta":{"_acf_changed":false},"product_brand":[],"product_cat":[32],"product_tag":[42,43,39,40],"class_list":{"0":"post-618","1":"product","2":"type-product","3":"status-publish","4":"has-post-thumbnail","6":"product_cat-kaevorud","7":"product_tag-kolmanda-silma-tsakra","8":"product_tag-kroontsakra","9":"product_tag-paikesepoimik","10":"product_tag-sudametsakra","11":"pa_suurused-18cm","13":"first","14":"outofstock","15":"shipping-taxable","16":"purchasable","17":"product-type-simple"},"acf":[],"yoast_head":"<!-- This site is optimized with the Yoast SEO plugin v26.3 - https:\/\/yoast.com\/wordpress\/plugins\/seo\/ -->\n<title>Avan oma S\u00fcdame k\u00e4ev\u00f5ru kombo - Mandala ilu<\/title>\n<meta name=\"description\" content=\"Mandala ILU poolt loodud k\u00e4ev\u00f5rud on ideaalne kingitus endale v\u00f5i s\u00f5brale. K\u00f5ik k\u00e4ev\u00f5rud on loodud puhtast armastusest ning loomisj\u00f5ust. Avan oma S\u00fcdame.\" \/>\n<meta name=\"robots\" content=\"index, follow, max-snippet:-1, max-image-preview:large, max-video-preview:-1\" \/>\n<link rel=\"canonical\" href=\"https:\/\/mandalailu.ee\/en\/product\/kaevoru-17\/\" \/>\n<meta property=\"og:locale\" content=\"en_US\" \/>\n<meta property=\"og:type\" content=\"article\" \/>\n<meta property=\"og:title\" content=\"Avan oma S\u00fcdame k\u00e4ev\u00f5ru kombo - Mandala ilu\" \/>\n<meta property=\"og:description\" content=\"Mandala ILU poolt loodud k\u00e4ev\u00f5rud on ideaalne kingitus endale v\u00f5i s\u00f5brale. K\u00f5ik k\u00e4ev\u00f5rud on loodud puhtast armastusest ning loomisj\u00f5ust. Avan oma S\u00fcdame.\" \/>\n<meta property=\"og:url\" content=\"https:\/\/mandalailu.ee\/en\/product\/kaevoru-17\/\" \/>\n<meta property=\"og:site_name\" content=\"Mandala ilu\" \/>\n<meta property=\"article:publisher\" content=\"https:\/\/www.facebook.com\/MandalaILU\" \/>\n<meta property=\"article:modified_time\" content=\"2025-12-18T11:55:26+00:00\" \/>\n<meta property=\"og:image\" content=\"https:\/\/mandalailu.ee\/wp-content\/uploads\/2023\/11\/KV0058-Mandala-ILU-vaeeheted-Roosa-Kvarts-lilla-Jaad-valge-Jaad-Paikesekivi-2.jpg\" \/>\n\t<meta property=\"og:image:width\" content=\"750\" \/>\n\t<meta property=\"og:image:height\" content=\"750\" \/>\n\t<meta property=\"og:image:type\" content=\"image\/jpeg\" \/>\n<meta name=\"twitter:card\" content=\"summary_large_image\" \/>\n<meta name=\"twitter:label1\" content=\"Est. reading time\" \/>\n\t<meta name=\"twitter:data1\" content=\"3 minutes\" \/>\n<script type=\"application\/ld+json\" class=\"yoast-schema-graph\">{\"@context\":\"https:\/\/schema.org\",\"@graph\":[{\"@type\":\"WebPage\",\"@id\":\"https:\/\/mandalailu.ee\/toode\/kaevoru-17\/\",\"url\":\"https:\/\/mandalailu.ee\/toode\/kaevoru-17\/\",\"name\":\"Avan oma S\u00fcdame k\u00e4ev\u00f5ru kombo - Mandala ilu\",\"isPartOf\":{\"@id\":\"https:\/\/mandalailu.ee\/#website\"},\"primaryImageOfPage\":{\"@id\":\"https:\/\/mandalailu.ee\/toode\/kaevoru-17\/#primaryimage\"},\"image\":{\"@id\":\"https:\/\/mandalailu.ee\/toode\/kaevoru-17\/#primaryimage\"},\"thumbnailUrl\":\"https:\/\/mandalailu.ee\/wp-content\/uploads\/2023\/11\/KV0058-Mandala-ILU-vaeeheted-Roosa-Kvarts-lilla-Jaad-valge-Jaad-Paikesekivi-2.jpg\",\"datePublished\":\"2022-05-10T11:16:21+00:00\",\"dateModified\":\"2025-12-18T11:55:26+00:00\",\"description\":\"Mandala ILU poolt loodud k\u00e4ev\u00f5rud on ideaalne kingitus endale v\u00f5i s\u00f5brale. K\u00f5ik k\u00e4ev\u00f5rud on loodud puhtast armastusest ning loomisj\u00f5ust. Avan oma S\u00fcdame.\",\"breadcrumb\":{\"@id\":\"https:\/\/mandalailu.ee\/toode\/kaevoru-17\/#breadcrumb\"},\"inLanguage\":\"en-US\",\"potentialAction\":[{\"@type\":\"ReadAction\",\"target\":[\"https:\/\/mandalailu.ee\/toode\/kaevoru-17\/\"]}]},{\"@type\":\"ImageObject\",\"inLanguage\":\"en-US\",\"@id\":\"https:\/\/mandalailu.ee\/toode\/kaevoru-17\/#primaryimage\",\"url\":\"https:\/\/mandalailu.ee\/wp-content\/uploads\/2023\/11\/KV0058-Mandala-ILU-vaeeheted-Roosa-Kvarts-lilla-Jaad-valge-Jaad-Paikesekivi-2.jpg\",\"contentUrl\":\"https:\/\/mandalailu.ee\/wp-content\/uploads\/2023\/11\/KV0058-Mandala-ILU-vaeeheted-Roosa-Kvarts-lilla-Jaad-valge-Jaad-Paikesekivi-2.jpg\",\"width\":750,\"height\":750,\"caption\":\"Mandala ILU v\u00e4eeheted \/ Avan oma S\u00fcdame k\u00e4ev\u00f5ru kombo \/ Roosa Kvarts, lilla Jaad, valge Jaad, P\u00e4ikesekivi\"},{\"@type\":\"BreadcrumbList\",\"@id\":\"https:\/\/mandalailu.ee\/toode\/kaevoru-17\/#breadcrumb\",\"itemListElement\":[{\"@type\":\"ListItem\",\"position\":1,\"name\":\"Home\",\"item\":\"https:\/\/mandalailu.ee\/\"},{\"@type\":\"ListItem\",\"position\":2,\"name\":\"Avan oma S\u00fcdame k\u00e4ev\u00f5ru kombo\"}]},{\"@type\":\"WebSite\",\"@id\":\"https:\/\/mandalailu.ee\/#website\",\"url\":\"https:\/\/mandalailu.ee\/\",\"name\":\"Mandala ilu\",\"description\":\"Unikaalsed k&auml;sit&ouml;&ouml;na valminud ehted\",\"publisher\":{\"@id\":\"https:\/\/mandalailu.ee\/#organization\"},\"potentialAction\":[{\"@type\":\"SearchAction\",\"target\":{\"@type\":\"EntryPoint\",\"urlTemplate\":\"https:\/\/mandalailu.ee\/?s={search_term_string}\"},\"query-input\":{\"@type\":\"PropertyValueSpecification\",\"valueRequired\":true,\"valueName\":\"search_term_string\"}}],\"inLanguage\":\"en-US\"},{\"@type\":\"Organization\",\"@id\":\"https:\/\/mandalailu.ee\/#organization\",\"name\":\"Mandala ILU\",\"url\":\"https:\/\/mandalailu.ee\/\",\"logo\":{\"@type\":\"ImageObject\",\"inLanguage\":\"en-US\",\"@id\":\"https:\/\/mandalailu.ee\/#\/schema\/logo\/image\/\",\"url\":\"https:\/\/mandalailu.ee\/wp-content\/uploads\/2022\/04\/cropped-Mandala-ILU-lill_block.jpg\",\"contentUrl\":\"https:\/\/mandalailu.ee\/wp-content\/uploads\/2022\/04\/cropped-Mandala-ILU-lill_block.jpg\",\"width\":512,\"height\":512,\"caption\":\"Mandala ILU\"},\"image\":{\"@id\":\"https:\/\/mandalailu.ee\/#\/schema\/logo\/image\/\"},\"sameAs\":[\"https:\/\/www.facebook.com\/MandalaILU\",\"https:\/\/www.instagram.com\/mandala.ilu.mala.ehted\/\"]}]}<\/script>\n<!-- \/ Yoast SEO plugin. -->","yoast_head_json":{"title":"Avan oma S\u00fcdame k\u00e4ev\u00f5ru kombo - Mandala ilu","description":"Mandala ILU poolt loodud k\u00e4ev\u00f5rud on ideaalne kingitus endale v\u00f5i s\u00f5brale. K\u00f5ik k\u00e4ev\u00f5rud on loodud puhtast armastusest ning loomisj\u00f5ust. Avan oma S\u00fcdame.","robots":{"index":"index","follow":"follow","max-snippet":"max-snippet:-1","max-image-preview":"max-image-preview:large","max-video-preview":"max-video-preview:-1"},"canonical":"https:\/\/mandalailu.ee\/en\/product\/kaevoru-17\/","og_locale":"en_US","og_type":"article","og_title":"Avan oma S\u00fcdame k\u00e4ev\u00f5ru kombo - Mandala ilu","og_description":"Mandala ILU poolt loodud k\u00e4ev\u00f5rud on ideaalne kingitus endale v\u00f5i s\u00f5brale. K\u00f5ik k\u00e4ev\u00f5rud on loodud puhtast armastusest ning loomisj\u00f5ust. Avan oma S\u00fcdame.","og_url":"https:\/\/mandalailu.ee\/en\/product\/kaevoru-17\/","og_site_name":"Mandala ilu","article_publisher":"https:\/\/www.facebook.com\/MandalaILU","article_modified_time":"2025-12-18T11:55:26+00:00","og_image":[{"width":750,"height":750,"url":"https:\/\/mandalailu.ee\/wp-content\/uploads\/2023\/11\/KV0058-Mandala-ILU-vaeeheted-Roosa-Kvarts-lilla-Jaad-valge-Jaad-Paikesekivi-2.jpg","type":"image\/jpeg"}],"twitter_card":"summary_large_image","twitter_misc":{"Est. reading time":"3 minutes"},"schema":{"@context":"https:\/\/schema.org","@graph":[{"@type":"WebPage","@id":"https:\/\/mandalailu.ee\/toode\/kaevoru-17\/","url":"https:\/\/mandalailu.ee\/toode\/kaevoru-17\/","name":"Avan oma S\u00fcdame k\u00e4ev\u00f5ru kombo - Mandala ilu","isPartOf":{"@id":"https:\/\/mandalailu.ee\/#website"},"primaryImageOfPage":{"@id":"https:\/\/mandalailu.ee\/toode\/kaevoru-17\/#primaryimage"},"image":{"@id":"https:\/\/mandalailu.ee\/toode\/kaevoru-17\/#primaryimage"},"thumbnailUrl":"https:\/\/mandalailu.ee\/wp-content\/uploads\/2023\/11\/KV0058-Mandala-ILU-vaeeheted-Roosa-Kvarts-lilla-Jaad-valge-Jaad-Paikesekivi-2.jpg","datePublished":"2022-05-10T11:16:21+00:00","dateModified":"2025-12-18T11:55:26+00:00","description":"Mandala ILU poolt loodud k\u00e4ev\u00f5rud on ideaalne kingitus endale v\u00f5i s\u00f5brale. K\u00f5ik k\u00e4ev\u00f5rud on loodud puhtast armastusest ning loomisj\u00f5ust. Avan oma S\u00fcdame.","breadcrumb":{"@id":"https:\/\/mandalailu.ee\/toode\/kaevoru-17\/#breadcrumb"},"inLanguage":"en-US","potentialAction":[{"@type":"ReadAction","target":["https:\/\/mandalailu.ee\/toode\/kaevoru-17\/"]}]},{"@type":"ImageObject","inLanguage":"en-US","@id":"https:\/\/mandalailu.ee\/toode\/kaevoru-17\/#primaryimage","url":"https:\/\/mandalailu.ee\/wp-content\/uploads\/2023\/11\/KV0058-Mandala-ILU-vaeeheted-Roosa-Kvarts-lilla-Jaad-valge-Jaad-Paikesekivi-2.jpg","contentUrl":"https:\/\/mandalailu.ee\/wp-content\/uploads\/2023\/11\/KV0058-Mandala-ILU-vaeeheted-Roosa-Kvarts-lilla-Jaad-valge-Jaad-Paikesekivi-2.jpg","width":750,"height":750,"caption":"Mandala ILU v\u00e4eeheted \/ Avan oma S\u00fcdame k\u00e4ev\u00f5ru kombo \/ Roosa Kvarts, lilla Jaad, valge Jaad, P\u00e4ikesekivi"},{"@type":"BreadcrumbList","@id":"https:\/\/mandalailu.ee\/toode\/kaevoru-17\/#breadcrumb","itemListElement":[{"@type":"ListItem","position":1,"name":"Home","item":"https:\/\/mandalailu.ee\/"},{"@type":"ListItem","position":2,"name":"Avan oma S\u00fcdame k\u00e4ev\u00f5ru kombo"}]},{"@type":"WebSite","@id":"https:\/\/mandalailu.ee\/#website","url":"https:\/\/mandalailu.ee\/","name":"Mandala ilu","description":"Unikaalsed k&auml;sit&ouml;&ouml;na valminud ehted","publisher":{"@id":"https:\/\/mandalailu.ee\/#organization"},"potentialAction":[{"@type":"SearchAction","target":{"@type":"EntryPoint","urlTemplate":"https:\/\/mandalailu.ee\/?s={search_term_string}"},"query-input":{"@type":"PropertyValueSpecification","valueRequired":true,"valueName":"search_term_string"}}],"inLanguage":"en-US"},{"@type":"Organization","@id":"https:\/\/mandalailu.ee\/#organization","name":"Mandala ILU","url":"https:\/\/mandalailu.ee\/","logo":{"@type":"ImageObject","inLanguage":"en-US","@id":"https:\/\/mandalailu.ee\/#\/schema\/logo\/image\/","url":"https:\/\/mandalailu.ee\/wp-content\/uploads\/2022\/04\/cropped-Mandala-ILU-lill_block.jpg","contentUrl":"https:\/\/mandalailu.ee\/wp-content\/uploads\/2022\/04\/cropped-Mandala-ILU-lill_block.jpg","width":512,"height":512,"caption":"Mandala ILU"},"image":{"@id":"https:\/\/mandalailu.ee\/#\/schema\/logo\/image\/"},"sameAs":["https:\/\/www.facebook.com\/MandalaILU","https:\/\/www.instagram.com\/mandala.ilu.mala.ehted\/"]}]}},"_links":{"self":[{"href":"https:\/\/mandalailu.ee\/en\/wp-json\/wp\/v2\/product\/618","targetHints":{"allow":["GET"]}}],"collection":[{"href":"https:\/\/mandalailu.ee\/en\/wp-json\/wp\/v2\/product"}],"about":[{"href":"https:\/\/mandalailu.ee\/en\/wp-json\/wp\/v2\/types\/product"}],"wp:featuredmedia":[{"embeddable":true,"href":"https:\/\/mandalailu.ee\/en\/wp-json\/wp\/v2\/media\/3066"}],"wp:attachment":[{"href":"https:\/\/mandalailu.ee\/en\/wp-json\/wp\/v2\/media?parent=618"}],"wp:term":[{"taxonomy":"product_brand","embeddable":true,"href":"https:\/\/mandalailu.ee\/en\/wp-json\/wp\/v2\/product_brand?post=618"},{"taxonomy":"product_cat","embeddable":true,"href":"https:\/\/mandalailu.ee\/en\/wp-json\/wp\/v2\/product_cat?post=618"},{"taxonomy":"product_tag","embeddable":true,"href":"https:\/\/mandalailu.ee\/en\/wp-json\/wp\/v2\/product_tag?post=618"}],"curies":[{"name":"wp","href":"https:\/\/api.w.org\/{rel}","templated":true}]}}