{"id":619,"date":"2022-05-10T11:17:44","date_gmt":"2022-05-10T11:17:44","guid":{"rendered":"https:\/\/mandalailu.ee\/?post_type=product&#038;p=619"},"modified":"2024-03-22T12:36:14","modified_gmt":"2024-03-22T12:36:14","slug":"kaevoru-18","status":"publish","type":"product","link":"https:\/\/mandalailu.ee\/en\/product\/kaevoru-18\/","title":{"rendered":"T\u0161akra k\u00e4ev\u00f5ru"},"content":{"rendered":"<p>T\u0161akra k\u00e4ev\u00f5ru:<\/p>\n<ul>\n<li><strong>OON\u00dcKS<\/strong> (matistatud). Sageli amuletina, negatiivse energia vastu, kasutatav Oon\u00fcks on \u00f5nne meisterkristall. Must Oon\u00fcks mitte ainult ei heida Sinu \u00fcmber kaitse kilbi, vaid aktiveerib ka t\u0161akrad, et luua kohalolu, loomingulist keskendumist ja valgustada uusi teid taipamisteni. Must oon\u00fcks on t\u00e4is suurep\u00e4rast maandavat energiat, mis aitab Sul end selles maailmas tasakaalus tunda. Neile, kel on kiired vihapursked ning kes on sageli n\u00e4rvilises segaduses, on Oon\u00fcks siin, et Sind rahustada. Maanduskivina on Oon\u00fcks juurt\u0161akra kivi, luues tugeva \u00fchenduse maaga. Must Oon\u00fcks\u00a0 kaitseb Sind ka kroont\u0161akra avanemise, igasugu vaimsete praktikate ja ka eelmiste elude uurimise ajal, mil oled avatud ja haavatav.<\/li>\n<li><b>KARNEOOL\u00a0<\/b>aitab t\u00f5sta energiat, tugevdada enesekindlust ja \u00e4ratada kogu Sinu sakraalt\u0161akrasse peidetud kirge, s\u00e4rtsu ja loovuse. Punane Karneool h\u00f5\u00f5gub oma tulise j\u00f5u ja s\u00fcgava sensuaalsusega. Ta on siin, et aidata keskenduda meelele ning totada Sul olla \u201ekohal\u201d. Karneool on tuntud m\u00e4ngulise ja v\u00f5imsa sakraalt\u0161akra avamise poolest. Samuti aidab ta t\u00f5sta Sinus olevat ja seda l\u00e4bi keha nuunata, suurendades energia taset ning t\u00f5stes Sinu loomingulisi vibratsioone.<\/li>\n<li>Mesiopaal ehk\u00a0<b>KOLLANE OPAAL\u00a0<\/b>on seotud unistuste, eesm\u00e4rkide ja ideaalide t\u00e4itumisega. See aitab eemaldada emotsionaalseid blokeeringuid. See on hea yin\/yani tasakaalu, m\u00e4lu ja enese rahustamise kristall. Samuti pakub kollane OPAAL suurep\u00e4rast kaitset negatiivse energia ja v\u00e4lism\u00f5jude eest. Ta on suurep\u00e4rane manifestatsioonivahend<\/li>\n<li><b>AVENTURIIN<\/b>\u00a0on t\u00e4is \u00f5nne v\u00f5lu ja rahustavat energiat. S\u00fcdamet\u0161akraga \u00fchendatud roheline Aventuriin on teadaolevalt hea \u00f5nne talisman. Ta aitab Sul l\u00e4bip\u00f5lemisest taastuda, reguleerib Sinu s\u00fcdamer\u00fctmi ning teeb ruumi empaatiale ning armastuse kasvamiseks. Aventuriin vabastab tee k\u00fclluse ja r\u00f5\u00f5mu suunas.<\/li>\n<li>K\u00fcllusteadvuse kristall\u00a0<strong>AKVAMARIIN<\/strong><\/li>\n<li><strong><strong>LASURIIT <\/strong><\/strong>aitab Sul s\u00fcvendada oma intuitsiooni ja nautida k\u00f5iki vaimseid praktikaid, mida jumaldate. Ta hoiab sinu enesev\u00e4ljenduse siira, kindla. Toob esile Sinu audentse h\u00e4\u00e4l, millega soovid maailmaga suhelda. Lasuriit on suurep\u00e4rane kristall Sinu enda hinge joondamiseks. See s\u00e4delev kuninglik sinine p\u00e4rl jagab oma v\u00e4rvi Sixtuse kabeli lagedega, tuletades meile meelde meie endi loomup\u00e4rast ilu ja elamise m\u00f5nu. Lasuriidiga saad avada kurgut\u0161akra ja luua \u00fchenduse oma sisemise tarkusega \u2013 tagades, et Sinu h\u00e4\u00e4l tuleneb s\u00fcdamest.<\/li>\n<li><strong>LEPIDOLIITi <\/strong>peetakse \u00fcheks parimaks meeleolude tasakaalustajaks maailmas. Ta v\u00e4hendab \u00e4revust ja hoiab Sind rahulikuna isegi keset kaost seistes.<\/li>\n<\/ul>\n<h4>Leia k\u00e4ev\u00f5ru juurde sobiv kaelakee <a href=\"https:\/\/mandalailu.ee\/en\/product-category\/mala-palvehelmed\/\">SIIT<\/a><\/h4>\n<ul>\n<li>K\u00f5ik Minu ehted on 100% k\u00e4sit\u00f6\u00f6 ning ainueksemplarid, loodud puhtast armastusest ning loomisj\u00f5ust, l\u00e4bi kanalduse, Tema kandjale.<\/li>\n<li>Minu ehted kannavad endas ilu, poolv\u00e4\u00e4riskivide toetust ning p\u00fchitsetud v\u00e4ge<\/li>\n<li>Enne uude koju j\u00f5udmist on ehe energeetiliselt puhastatud ja laetud<\/li>\n<\/ul>\n<div>\n<div>T\u0161akra k\u00e4ev\u00f5ru meestele looja: K\u00e4rt Lumiste<\/div>\n<\/div>\n<div><b>Ole hoitud, l\u00e4bi armastuse<\/b><\/div>","protected":false},"excerpt":{"rendered":"<p><b>T\u0161akra k\u00e4ev\u00f5ru meestele<\/b><\/p>\n<p>K\u00e4ev\u00f5rus osalesid: Oon\u00fcks, Karneool,\u00a0kollane Topaas,\u00a0Aventuriin,\u00a0Akvamariin,\u00a0Lasuriit,\u00a0Lepidoliit<\/p>\n<p>P\u00e4rlite suurus on 8 mm<\/p>\n<p>Isikliku arengu seisukohast on \u00fclimalt oluline teadvustada, tunnetada, tervendada ja tasakaalustada energiavool oma t\u0161akrates. Sageli on t\u0161akrate energiavoolu taastamine ka v\u00f5tmeks m\u00f5nest kroonilisest tervisemurest v\u00f5i korduvast elulisest mustrist vabanemiseks. Tasakaalus ja h\u00e4sti toimiv t\u0161akras\u00fcsteem toob meid taas iseenda juurde tagasi, blokeeringute eemaldamine taastab meie vitaalsuse ning v\u00f5imaldab elus edasi liikuda, n\u00e4ha sihte, armastada ning usaldada oma intuitsiooni. T\u0161akrate kohta leiad rohkem infot <a href=\"https:\/\/mandalailu.ee\/en\/blogi\/tsakrad\/\">SIIT<\/a><\/p>\n<p>Oma ehteid luues on mul kindel teadmine, et igal valmival ehtel on tegelikult juba loomise ajal omanik olemas. Ta lihtsalt ei tea veel, et tema soovide ja taotlustega ehe on just sel hetkel kuskil end loomas. See on kanaldus. See on usaldus. See on energia. Mina k\u00fcsin universumilt juhiseid ja tema saadab need. Mispeale loon Sinu ehte siia ellu just Sulle vajalike kristallide ja taotlustega. Nii lihtne see ongi. Sinu \u00fclesanne on vaid oma ehe \u00e4ra tunda. L\u00e4bi oma s\u00fcdame.<\/p>\n<p><b>Kui antud k\u00e4ev\u00f5ru Sind k\u00f5netab, on selle s\u00f5num m\u00f5eldud just Sulle. See on Sinu ehe. Tunne ta \u00e4ra. L\u00e4bi oma s\u00fcdame.<\/b><\/p>","protected":false},"featured_media":1407,"template":"","meta":{"_acf_changed":false},"product_brand":[],"product_cat":[32],"product_tag":[37,42,43,41,39,38,40],"class_list":{"0":"post-619","1":"product","2":"type-product","3":"status-publish","4":"has-post-thumbnail","6":"product_cat-kaevorud","7":"product_tag-juurtsakra","8":"product_tag-kolmanda-silma-tsakra","9":"product_tag-kroontsakra","10":"product_tag-kurgutsakra","11":"product_tag-paikesepoimik","12":"product_tag-sakraaltsakra","13":"product_tag-sudametsakra","14":"pa_suurused-18cm","15":"pa_suurused-19cm","16":"pa_suurused-20cm","17":"pa_suurused-21cm","18":"pa_suurused-22cm","20":"first","21":"outofstock","22":"shipping-taxable","23":"purchasable","24":"product-type-variable","25":"has-default-attributes"},"acf":[],"yoast_head":"<!-- This site is optimized with the Yoast SEO plugin v26.3 - https:\/\/yoast.com\/wordpress\/plugins\/seo\/ -->\n<title>T\u0161akra k\u00e4ev\u00f5ru - Mandala ilu<\/title>\n<meta name=\"description\" content=\"Mandala ILU poolt loodud k\u00e4ev\u00f5rud on ideaalne kingitus endale v\u00f5i s\u00f5brale. K\u00f5ik k\u00e4ev\u00f5rud on loodud puhtast armastusest ning loomisj\u00f5ust. Tiigrisilm &amp; Topaas\" \/>\n<meta name=\"robots\" content=\"index, follow, max-snippet:-1, max-image-preview:large, max-video-preview:-1\" \/>\n<link rel=\"canonical\" href=\"https:\/\/mandalailu.ee\/en\/product\/kaevoru-18\/\" \/>\n<meta property=\"og:locale\" content=\"en_US\" \/>\n<meta property=\"og:type\" content=\"article\" \/>\n<meta property=\"og:title\" content=\"T\u0161akra k\u00e4ev\u00f5ru - Mandala ilu\" \/>\n<meta property=\"og:description\" content=\"Mandala ILU poolt loodud k\u00e4ev\u00f5rud on ideaalne kingitus endale v\u00f5i s\u00f5brale. K\u00f5ik k\u00e4ev\u00f5rud on loodud puhtast armastusest ning loomisj\u00f5ust. Tiigrisilm &amp; Topaas\" \/>\n<meta property=\"og:url\" content=\"https:\/\/mandalailu.ee\/en\/product\/kaevoru-18\/\" \/>\n<meta property=\"og:site_name\" content=\"Mandala ilu\" \/>\n<meta property=\"article:publisher\" content=\"https:\/\/www.facebook.com\/MandalaILU\" \/>\n<meta property=\"article:modified_time\" content=\"2024-03-22T12:36:14+00:00\" \/>\n<meta property=\"og:image\" content=\"https:\/\/mandalailu.ee\/wp-content\/uploads\/2022\/06\/KV0025-Mandala-ILU-kaevorud-1-1.jpg\" \/>\n\t<meta property=\"og:image:width\" content=\"750\" \/>\n\t<meta property=\"og:image:height\" content=\"744\" \/>\n\t<meta property=\"og:image:type\" content=\"image\/jpeg\" \/>\n<meta name=\"twitter:card\" content=\"summary_large_image\" \/>\n<meta name=\"twitter:label1\" content=\"Est. reading time\" \/>\n\t<meta name=\"twitter:data1\" content=\"2 minutes\" \/>\n<script type=\"application\/ld+json\" class=\"yoast-schema-graph\">{\"@context\":\"https:\/\/schema.org\",\"@graph\":[{\"@type\":\"WebPage\",\"@id\":\"https:\/\/mandalailu.ee\/toode\/kaevoru-18\/\",\"url\":\"https:\/\/mandalailu.ee\/toode\/kaevoru-18\/\",\"name\":\"T\u0161akra k\u00e4ev\u00f5ru - Mandala ilu\",\"isPartOf\":{\"@id\":\"https:\/\/mandalailu.ee\/#website\"},\"primaryImageOfPage\":{\"@id\":\"https:\/\/mandalailu.ee\/toode\/kaevoru-18\/#primaryimage\"},\"image\":{\"@id\":\"https:\/\/mandalailu.ee\/toode\/kaevoru-18\/#primaryimage\"},\"thumbnailUrl\":\"https:\/\/mandalailu.ee\/wp-content\/uploads\/2022\/06\/KV0025-Mandala-ILU-kaevorud-1-1.jpg\",\"datePublished\":\"2022-05-10T11:17:44+00:00\",\"dateModified\":\"2024-03-22T12:36:14+00:00\",\"description\":\"Mandala ILU poolt loodud k\u00e4ev\u00f5rud on ideaalne kingitus endale v\u00f5i s\u00f5brale. K\u00f5ik k\u00e4ev\u00f5rud on loodud puhtast armastusest ning loomisj\u00f5ust. Tiigrisilm & Topaas\",\"breadcrumb\":{\"@id\":\"https:\/\/mandalailu.ee\/toode\/kaevoru-18\/#breadcrumb\"},\"inLanguage\":\"en-US\",\"potentialAction\":[{\"@type\":\"ReadAction\",\"target\":[\"https:\/\/mandalailu.ee\/toode\/kaevoru-18\/\"]}]},{\"@type\":\"ImageObject\",\"inLanguage\":\"en-US\",\"@id\":\"https:\/\/mandalailu.ee\/toode\/kaevoru-18\/#primaryimage\",\"url\":\"https:\/\/mandalailu.ee\/wp-content\/uploads\/2022\/06\/KV0025-Mandala-ILU-kaevorud-1-1.jpg\",\"contentUrl\":\"https:\/\/mandalailu.ee\/wp-content\/uploads\/2022\/06\/KV0025-Mandala-ILU-kaevorud-1-1.jpg\",\"width\":750,\"height\":744,\"caption\":\"Mandala ILU v\u00e4eehted \/ T\u0161akra k\u00e4ev\u00f5ru meestele\"},{\"@type\":\"BreadcrumbList\",\"@id\":\"https:\/\/mandalailu.ee\/toode\/kaevoru-18\/#breadcrumb\",\"itemListElement\":[{\"@type\":\"ListItem\",\"position\":1,\"name\":\"Home\",\"item\":\"https:\/\/mandalailu.ee\/\"},{\"@type\":\"ListItem\",\"position\":2,\"name\":\"T\u0161akra k\u00e4ev\u00f5ru\"}]},{\"@type\":\"WebSite\",\"@id\":\"https:\/\/mandalailu.ee\/#website\",\"url\":\"https:\/\/mandalailu.ee\/\",\"name\":\"Mandala ilu\",\"description\":\"Unikaalsed k&auml;sit&ouml;&ouml;na valminud ehted\",\"publisher\":{\"@id\":\"https:\/\/mandalailu.ee\/#organization\"},\"potentialAction\":[{\"@type\":\"SearchAction\",\"target\":{\"@type\":\"EntryPoint\",\"urlTemplate\":\"https:\/\/mandalailu.ee\/?s={search_term_string}\"},\"query-input\":{\"@type\":\"PropertyValueSpecification\",\"valueRequired\":true,\"valueName\":\"search_term_string\"}}],\"inLanguage\":\"en-US\"},{\"@type\":\"Organization\",\"@id\":\"https:\/\/mandalailu.ee\/#organization\",\"name\":\"Mandala ILU\",\"url\":\"https:\/\/mandalailu.ee\/\",\"logo\":{\"@type\":\"ImageObject\",\"inLanguage\":\"en-US\",\"@id\":\"https:\/\/mandalailu.ee\/#\/schema\/logo\/image\/\",\"url\":\"https:\/\/mandalailu.ee\/wp-content\/uploads\/2022\/04\/cropped-Mandala-ILU-lill_block.jpg\",\"contentUrl\":\"https:\/\/mandalailu.ee\/wp-content\/uploads\/2022\/04\/cropped-Mandala-ILU-lill_block.jpg\",\"width\":512,\"height\":512,\"caption\":\"Mandala ILU\"},\"image\":{\"@id\":\"https:\/\/mandalailu.ee\/#\/schema\/logo\/image\/\"},\"sameAs\":[\"https:\/\/www.facebook.com\/MandalaILU\",\"https:\/\/www.instagram.com\/mandala.ilu.mala.ehted\/\"]}]}<\/script>\n<!-- \/ Yoast SEO plugin. -->","yoast_head_json":{"title":"T\u0161akra k\u00e4ev\u00f5ru - Mandala ilu","description":"Mandala ILU poolt loodud k\u00e4ev\u00f5rud on ideaalne kingitus endale v\u00f5i s\u00f5brale. K\u00f5ik k\u00e4ev\u00f5rud on loodud puhtast armastusest ning loomisj\u00f5ust. Tiigrisilm & Topaas","robots":{"index":"index","follow":"follow","max-snippet":"max-snippet:-1","max-image-preview":"max-image-preview:large","max-video-preview":"max-video-preview:-1"},"canonical":"https:\/\/mandalailu.ee\/en\/product\/kaevoru-18\/","og_locale":"en_US","og_type":"article","og_title":"T\u0161akra k\u00e4ev\u00f5ru - Mandala ilu","og_description":"Mandala ILU poolt loodud k\u00e4ev\u00f5rud on ideaalne kingitus endale v\u00f5i s\u00f5brale. K\u00f5ik k\u00e4ev\u00f5rud on loodud puhtast armastusest ning loomisj\u00f5ust. Tiigrisilm & Topaas","og_url":"https:\/\/mandalailu.ee\/en\/product\/kaevoru-18\/","og_site_name":"Mandala ilu","article_publisher":"https:\/\/www.facebook.com\/MandalaILU","article_modified_time":"2024-03-22T12:36:14+00:00","og_image":[{"width":750,"height":744,"url":"https:\/\/mandalailu.ee\/wp-content\/uploads\/2022\/06\/KV0025-Mandala-ILU-kaevorud-1-1.jpg","type":"image\/jpeg"}],"twitter_card":"summary_large_image","twitter_misc":{"Est. reading time":"2 minutes"},"schema":{"@context":"https:\/\/schema.org","@graph":[{"@type":"WebPage","@id":"https:\/\/mandalailu.ee\/toode\/kaevoru-18\/","url":"https:\/\/mandalailu.ee\/toode\/kaevoru-18\/","name":"T\u0161akra k\u00e4ev\u00f5ru - Mandala ilu","isPartOf":{"@id":"https:\/\/mandalailu.ee\/#website"},"primaryImageOfPage":{"@id":"https:\/\/mandalailu.ee\/toode\/kaevoru-18\/#primaryimage"},"image":{"@id":"https:\/\/mandalailu.ee\/toode\/kaevoru-18\/#primaryimage"},"thumbnailUrl":"https:\/\/mandalailu.ee\/wp-content\/uploads\/2022\/06\/KV0025-Mandala-ILU-kaevorud-1-1.jpg","datePublished":"2022-05-10T11:17:44+00:00","dateModified":"2024-03-22T12:36:14+00:00","description":"Mandala ILU poolt loodud k\u00e4ev\u00f5rud on ideaalne kingitus endale v\u00f5i s\u00f5brale. K\u00f5ik k\u00e4ev\u00f5rud on loodud puhtast armastusest ning loomisj\u00f5ust. Tiigrisilm & Topaas","breadcrumb":{"@id":"https:\/\/mandalailu.ee\/toode\/kaevoru-18\/#breadcrumb"},"inLanguage":"en-US","potentialAction":[{"@type":"ReadAction","target":["https:\/\/mandalailu.ee\/toode\/kaevoru-18\/"]}]},{"@type":"ImageObject","inLanguage":"en-US","@id":"https:\/\/mandalailu.ee\/toode\/kaevoru-18\/#primaryimage","url":"https:\/\/mandalailu.ee\/wp-content\/uploads\/2022\/06\/KV0025-Mandala-ILU-kaevorud-1-1.jpg","contentUrl":"https:\/\/mandalailu.ee\/wp-content\/uploads\/2022\/06\/KV0025-Mandala-ILU-kaevorud-1-1.jpg","width":750,"height":744,"caption":"Mandala ILU v\u00e4eehted \/ T\u0161akra k\u00e4ev\u00f5ru meestele"},{"@type":"BreadcrumbList","@id":"https:\/\/mandalailu.ee\/toode\/kaevoru-18\/#breadcrumb","itemListElement":[{"@type":"ListItem","position":1,"name":"Home","item":"https:\/\/mandalailu.ee\/"},{"@type":"ListItem","position":2,"name":"T\u0161akra k\u00e4ev\u00f5ru"}]},{"@type":"WebSite","@id":"https:\/\/mandalailu.ee\/#website","url":"https:\/\/mandalailu.ee\/","name":"Mandala ilu","description":"Unikaalsed k&auml;sit&ouml;&ouml;na valminud ehted","publisher":{"@id":"https:\/\/mandalailu.ee\/#organization"},"potentialAction":[{"@type":"SearchAction","target":{"@type":"EntryPoint","urlTemplate":"https:\/\/mandalailu.ee\/?s={search_term_string}"},"query-input":{"@type":"PropertyValueSpecification","valueRequired":true,"valueName":"search_term_string"}}],"inLanguage":"en-US"},{"@type":"Organization","@id":"https:\/\/mandalailu.ee\/#organization","name":"Mandala ILU","url":"https:\/\/mandalailu.ee\/","logo":{"@type":"ImageObject","inLanguage":"en-US","@id":"https:\/\/mandalailu.ee\/#\/schema\/logo\/image\/","url":"https:\/\/mandalailu.ee\/wp-content\/uploads\/2022\/04\/cropped-Mandala-ILU-lill_block.jpg","contentUrl":"https:\/\/mandalailu.ee\/wp-content\/uploads\/2022\/04\/cropped-Mandala-ILU-lill_block.jpg","width":512,"height":512,"caption":"Mandala ILU"},"image":{"@id":"https:\/\/mandalailu.ee\/#\/schema\/logo\/image\/"},"sameAs":["https:\/\/www.facebook.com\/MandalaILU","https:\/\/www.instagram.com\/mandala.ilu.mala.ehted\/"]}]}},"_links":{"self":[{"href":"https:\/\/mandalailu.ee\/en\/wp-json\/wp\/v2\/product\/619","targetHints":{"allow":["GET"]}}],"collection":[{"href":"https:\/\/mandalailu.ee\/en\/wp-json\/wp\/v2\/product"}],"about":[{"href":"https:\/\/mandalailu.ee\/en\/wp-json\/wp\/v2\/types\/product"}],"wp:featuredmedia":[{"embeddable":true,"href":"https:\/\/mandalailu.ee\/en\/wp-json\/wp\/v2\/media\/1407"}],"wp:attachment":[{"href":"https:\/\/mandalailu.ee\/en\/wp-json\/wp\/v2\/media?parent=619"}],"wp:term":[{"taxonomy":"product_brand","embeddable":true,"href":"https:\/\/mandalailu.ee\/en\/wp-json\/wp\/v2\/product_brand?post=619"},{"taxonomy":"product_cat","embeddable":true,"href":"https:\/\/mandalailu.ee\/en\/wp-json\/wp\/v2\/product_cat?post=619"},{"taxonomy":"product_tag","embeddable":true,"href":"https:\/\/mandalailu.ee\/en\/wp-json\/wp\/v2\/product_tag?post=619"}],"curies":[{"name":"wp","href":"https:\/\/api.w.org\/{rel}","templated":true}]}}