{"id":624,"date":"2022-05-10T11:36:00","date_gmt":"2022-05-10T11:36:00","guid":{"rendered":"https:\/\/mandalailu.ee\/?post_type=product&#038;p=624"},"modified":"2024-07-19T14:36:37","modified_gmt":"2024-07-19T14:36:37","slug":"kaevoru-21","status":"publish","type":"product","link":"https:\/\/mandalailu.ee\/en\/product\/kaevoru-21\/","title":{"rendered":"K\u00e4ev\u00f5ru Granaadi, Hematiidi &#038; Rodoniidiga"},"content":{"rendered":"<p><b>Kui antud k\u00e4ev\u00f5ru Sind k\u00f5netab, on selle s\u00f5num m\u00f5eldud just Sulle. See on Sinu ehe. Tunne ta \u00e4ra. L\u00e4bi oma s\u00fcdame.<\/b><\/p>\n<ul>\n<li>K\u00f5ik Minu ehted on 100% k\u00e4sit\u00f6\u00f6 ning ainueksemplarid, loodud puhtast armastusest ning loomisj\u00f5ust, l\u00e4bi kanalduse, Tema kandjale.<\/li>\n<li>Minu ehted kannavad endas ilu, poolv\u00e4\u00e4riskivide toetust ning p\u00fchitsetud v\u00e4ge<\/li>\n<li>Enne uude koju j\u00f5udmist on ehe energeetiliselt puhastatud ja laetud<\/li>\n<\/ul>","protected":false},"excerpt":{"rendered":"<p><b>Ole hoitud, l\u00e4bi armastuse<\/b><\/p>\n<p>K\u00e4ev\u00f5rus osalesid: naiste kivi <strong>Granaat, Hematiit ja Rodoniit<\/strong><\/p>\n<p>P\u00e4rlite suurus on 6 mm<\/p>\n<p>Oma ehteid luues on mul kindel teadmine, et igal valmival ehtel on tegelikult juba loomise ajal omanik olemas. Ta lihtsalt ei tea veel, et tema soovide ja taotlustega ehe on just sel hetkel kuskil end loomas. See on kanaldus. See on usaldus. See on energia. Mina k\u00fcsin universumilt juhiseid ja tema saadab need. Mispeale loon Sinu ehte siia ellu just Sulle vajalike kristallide ja taotlustega. Nii lihtne see ongi. Sinu \u00fclesanne on vaid oma ehe \u00e4ra tunda. L\u00e4bi oma s\u00fcdame.<\/p>","protected":false},"featured_media":526,"template":"","meta":{"_acf_changed":false},"product_brand":[],"product_cat":[32],"product_tag":[37,40],"class_list":{"0":"post-624","1":"product","2":"type-product","3":"status-publish","4":"has-post-thumbnail","6":"product_cat-kaevorud","7":"product_tag-juurtsakra","8":"product_tag-sudametsakra","9":"pa_suurused-18cm","10":"pa_suurused-19cm","11":"pa_suurused-20cm","12":"pa_suurused-21cm","13":"pa_suurused-22cm","15":"first","16":"outofstock","17":"shipping-taxable","18":"product-type-variable"},"acf":[],"yoast_head":"<!-- This site is optimized with the Yoast SEO plugin v26.3 - https:\/\/yoast.com\/wordpress\/plugins\/seo\/ -->\n<title>K\u00e4ev\u00f5ru Granaadi, Hematiidi &amp; Rodoniidiga - Mandala ilu<\/title>\n<meta name=\"description\" content=\"Mandala ILU poolt loodud k\u00e4ev\u00f5rud on ideaalne kingitus endale v\u00f5i s\u00f5brale. K\u00f5ik k\u00e4ev\u00f5rud on loodud puhtast armastusest ning loomisj\u00f5ust.\" \/>\n<meta name=\"robots\" content=\"index, follow, max-snippet:-1, max-image-preview:large, max-video-preview:-1\" \/>\n<link rel=\"canonical\" href=\"https:\/\/mandalailu.ee\/en\/product\/kaevoru-21\/\" \/>\n<meta property=\"og:locale\" content=\"en_US\" \/>\n<meta property=\"og:type\" content=\"article\" \/>\n<meta property=\"og:title\" content=\"K\u00e4ev\u00f5ru Granaadi, Hematiidi &amp; Rodoniidiga - Mandala ilu\" \/>\n<meta property=\"og:description\" content=\"Mandala ILU poolt loodud k\u00e4ev\u00f5rud on ideaalne kingitus endale v\u00f5i s\u00f5brale. K\u00f5ik k\u00e4ev\u00f5rud on loodud puhtast armastusest ning loomisj\u00f5ust.\" \/>\n<meta property=\"og:url\" content=\"https:\/\/mandalailu.ee\/en\/product\/kaevoru-21\/\" \/>\n<meta property=\"og:site_name\" content=\"Mandala ilu\" \/>\n<meta property=\"article:publisher\" content=\"https:\/\/www.facebook.com\/MandalaILU\" \/>\n<meta property=\"article:modified_time\" content=\"2024-07-19T14:36:37+00:00\" \/>\n<meta property=\"og:image\" content=\"https:\/\/mandalailu.ee\/wp-content\/uploads\/2022\/05\/KV0020-Mandala-ILU-kaevorud-003.jpg\" \/>\n\t<meta property=\"og:image:width\" content=\"750\" \/>\n\t<meta property=\"og:image:height\" content=\"750\" \/>\n\t<meta property=\"og:image:type\" content=\"image\/jpeg\" \/>\n<meta name=\"twitter:card\" content=\"summary_large_image\" \/>\n<script type=\"application\/ld+json\" class=\"yoast-schema-graph\">{\"@context\":\"https:\/\/schema.org\",\"@graph\":[{\"@type\":\"WebPage\",\"@id\":\"https:\/\/mandalailu.ee\/toode\/kaevoru-21\/\",\"url\":\"https:\/\/mandalailu.ee\/toode\/kaevoru-21\/\",\"name\":\"K\u00e4ev\u00f5ru Granaadi, Hematiidi & Rodoniidiga - Mandala ilu\",\"isPartOf\":{\"@id\":\"https:\/\/mandalailu.ee\/#website\"},\"primaryImageOfPage\":{\"@id\":\"https:\/\/mandalailu.ee\/toode\/kaevoru-21\/#primaryimage\"},\"image\":{\"@id\":\"https:\/\/mandalailu.ee\/toode\/kaevoru-21\/#primaryimage\"},\"thumbnailUrl\":\"https:\/\/mandalailu.ee\/wp-content\/uploads\/2022\/05\/KV0020-Mandala-ILU-kaevorud-003.jpg\",\"datePublished\":\"2022-05-10T11:36:00+00:00\",\"dateModified\":\"2024-07-19T14:36:37+00:00\",\"description\":\"Mandala ILU poolt loodud k\u00e4ev\u00f5rud on ideaalne kingitus endale v\u00f5i s\u00f5brale. K\u00f5ik k\u00e4ev\u00f5rud on loodud puhtast armastusest ning loomisj\u00f5ust.\",\"breadcrumb\":{\"@id\":\"https:\/\/mandalailu.ee\/toode\/kaevoru-21\/#breadcrumb\"},\"inLanguage\":\"en-US\",\"potentialAction\":[{\"@type\":\"ReadAction\",\"target\":[\"https:\/\/mandalailu.ee\/toode\/kaevoru-21\/\"]}]},{\"@type\":\"ImageObject\",\"inLanguage\":\"en-US\",\"@id\":\"https:\/\/mandalailu.ee\/toode\/kaevoru-21\/#primaryimage\",\"url\":\"https:\/\/mandalailu.ee\/wp-content\/uploads\/2022\/05\/KV0020-Mandala-ILU-kaevorud-003.jpg\",\"contentUrl\":\"https:\/\/mandalailu.ee\/wp-content\/uploads\/2022\/05\/KV0020-Mandala-ILU-kaevorud-003.jpg\",\"width\":750,\"height\":750,\"caption\":\"Punaste p\u00e4rlitega ja h\u00f5bedase s\u00fcdamega k\u00e4ev\u00f5ru heledal taustal\"},{\"@type\":\"BreadcrumbList\",\"@id\":\"https:\/\/mandalailu.ee\/toode\/kaevoru-21\/#breadcrumb\",\"itemListElement\":[{\"@type\":\"ListItem\",\"position\":1,\"name\":\"Home\",\"item\":\"https:\/\/mandalailu.ee\/\"},{\"@type\":\"ListItem\",\"position\":2,\"name\":\"K\u00e4ev\u00f5ru Granaadi, Hematiidi &#038; Rodoniidiga\"}]},{\"@type\":\"WebSite\",\"@id\":\"https:\/\/mandalailu.ee\/#website\",\"url\":\"https:\/\/mandalailu.ee\/\",\"name\":\"Mandala ilu\",\"description\":\"Unikaalsed k&auml;sit&ouml;&ouml;na valminud ehted\",\"publisher\":{\"@id\":\"https:\/\/mandalailu.ee\/#organization\"},\"potentialAction\":[{\"@type\":\"SearchAction\",\"target\":{\"@type\":\"EntryPoint\",\"urlTemplate\":\"https:\/\/mandalailu.ee\/?s={search_term_string}\"},\"query-input\":{\"@type\":\"PropertyValueSpecification\",\"valueRequired\":true,\"valueName\":\"search_term_string\"}}],\"inLanguage\":\"en-US\"},{\"@type\":\"Organization\",\"@id\":\"https:\/\/mandalailu.ee\/#organization\",\"name\":\"Mandala ILU\",\"url\":\"https:\/\/mandalailu.ee\/\",\"logo\":{\"@type\":\"ImageObject\",\"inLanguage\":\"en-US\",\"@id\":\"https:\/\/mandalailu.ee\/#\/schema\/logo\/image\/\",\"url\":\"https:\/\/mandalailu.ee\/wp-content\/uploads\/2022\/04\/cropped-Mandala-ILU-lill_block.jpg\",\"contentUrl\":\"https:\/\/mandalailu.ee\/wp-content\/uploads\/2022\/04\/cropped-Mandala-ILU-lill_block.jpg\",\"width\":512,\"height\":512,\"caption\":\"Mandala ILU\"},\"image\":{\"@id\":\"https:\/\/mandalailu.ee\/#\/schema\/logo\/image\/\"},\"sameAs\":[\"https:\/\/www.facebook.com\/MandalaILU\",\"https:\/\/www.instagram.com\/mandala.ilu.mala.ehted\/\"]}]}<\/script>\n<!-- \/ Yoast SEO plugin. -->","yoast_head_json":{"title":"K\u00e4ev\u00f5ru Granaadi, Hematiidi & Rodoniidiga - Mandala ilu","description":"Mandala ILU poolt loodud k\u00e4ev\u00f5rud on ideaalne kingitus endale v\u00f5i s\u00f5brale. K\u00f5ik k\u00e4ev\u00f5rud on loodud puhtast armastusest ning loomisj\u00f5ust.","robots":{"index":"index","follow":"follow","max-snippet":"max-snippet:-1","max-image-preview":"max-image-preview:large","max-video-preview":"max-video-preview:-1"},"canonical":"https:\/\/mandalailu.ee\/en\/product\/kaevoru-21\/","og_locale":"en_US","og_type":"article","og_title":"K\u00e4ev\u00f5ru Granaadi, Hematiidi & Rodoniidiga - Mandala ilu","og_description":"Mandala ILU poolt loodud k\u00e4ev\u00f5rud on ideaalne kingitus endale v\u00f5i s\u00f5brale. K\u00f5ik k\u00e4ev\u00f5rud on loodud puhtast armastusest ning loomisj\u00f5ust.","og_url":"https:\/\/mandalailu.ee\/en\/product\/kaevoru-21\/","og_site_name":"Mandala ilu","article_publisher":"https:\/\/www.facebook.com\/MandalaILU","article_modified_time":"2024-07-19T14:36:37+00:00","og_image":[{"width":750,"height":750,"url":"https:\/\/mandalailu.ee\/wp-content\/uploads\/2022\/05\/KV0020-Mandala-ILU-kaevorud-003.jpg","type":"image\/jpeg"}],"twitter_card":"summary_large_image","schema":{"@context":"https:\/\/schema.org","@graph":[{"@type":"WebPage","@id":"https:\/\/mandalailu.ee\/toode\/kaevoru-21\/","url":"https:\/\/mandalailu.ee\/toode\/kaevoru-21\/","name":"K\u00e4ev\u00f5ru Granaadi, Hematiidi & Rodoniidiga - Mandala ilu","isPartOf":{"@id":"https:\/\/mandalailu.ee\/#website"},"primaryImageOfPage":{"@id":"https:\/\/mandalailu.ee\/toode\/kaevoru-21\/#primaryimage"},"image":{"@id":"https:\/\/mandalailu.ee\/toode\/kaevoru-21\/#primaryimage"},"thumbnailUrl":"https:\/\/mandalailu.ee\/wp-content\/uploads\/2022\/05\/KV0020-Mandala-ILU-kaevorud-003.jpg","datePublished":"2022-05-10T11:36:00+00:00","dateModified":"2024-07-19T14:36:37+00:00","description":"Mandala ILU poolt loodud k\u00e4ev\u00f5rud on ideaalne kingitus endale v\u00f5i s\u00f5brale. K\u00f5ik k\u00e4ev\u00f5rud on loodud puhtast armastusest ning loomisj\u00f5ust.","breadcrumb":{"@id":"https:\/\/mandalailu.ee\/toode\/kaevoru-21\/#breadcrumb"},"inLanguage":"en-US","potentialAction":[{"@type":"ReadAction","target":["https:\/\/mandalailu.ee\/toode\/kaevoru-21\/"]}]},{"@type":"ImageObject","inLanguage":"en-US","@id":"https:\/\/mandalailu.ee\/toode\/kaevoru-21\/#primaryimage","url":"https:\/\/mandalailu.ee\/wp-content\/uploads\/2022\/05\/KV0020-Mandala-ILU-kaevorud-003.jpg","contentUrl":"https:\/\/mandalailu.ee\/wp-content\/uploads\/2022\/05\/KV0020-Mandala-ILU-kaevorud-003.jpg","width":750,"height":750,"caption":"Punaste p\u00e4rlitega ja h\u00f5bedase s\u00fcdamega k\u00e4ev\u00f5ru heledal taustal"},{"@type":"BreadcrumbList","@id":"https:\/\/mandalailu.ee\/toode\/kaevoru-21\/#breadcrumb","itemListElement":[{"@type":"ListItem","position":1,"name":"Home","item":"https:\/\/mandalailu.ee\/"},{"@type":"ListItem","position":2,"name":"K\u00e4ev\u00f5ru Granaadi, Hematiidi &#038; Rodoniidiga"}]},{"@type":"WebSite","@id":"https:\/\/mandalailu.ee\/#website","url":"https:\/\/mandalailu.ee\/","name":"Mandala ilu","description":"Unikaalsed k&auml;sit&ouml;&ouml;na valminud ehted","publisher":{"@id":"https:\/\/mandalailu.ee\/#organization"},"potentialAction":[{"@type":"SearchAction","target":{"@type":"EntryPoint","urlTemplate":"https:\/\/mandalailu.ee\/?s={search_term_string}"},"query-input":{"@type":"PropertyValueSpecification","valueRequired":true,"valueName":"search_term_string"}}],"inLanguage":"en-US"},{"@type":"Organization","@id":"https:\/\/mandalailu.ee\/#organization","name":"Mandala ILU","url":"https:\/\/mandalailu.ee\/","logo":{"@type":"ImageObject","inLanguage":"en-US","@id":"https:\/\/mandalailu.ee\/#\/schema\/logo\/image\/","url":"https:\/\/mandalailu.ee\/wp-content\/uploads\/2022\/04\/cropped-Mandala-ILU-lill_block.jpg","contentUrl":"https:\/\/mandalailu.ee\/wp-content\/uploads\/2022\/04\/cropped-Mandala-ILU-lill_block.jpg","width":512,"height":512,"caption":"Mandala ILU"},"image":{"@id":"https:\/\/mandalailu.ee\/#\/schema\/logo\/image\/"},"sameAs":["https:\/\/www.facebook.com\/MandalaILU","https:\/\/www.instagram.com\/mandala.ilu.mala.ehted\/"]}]}},"_links":{"self":[{"href":"https:\/\/mandalailu.ee\/en\/wp-json\/wp\/v2\/product\/624","targetHints":{"allow":["GET"]}}],"collection":[{"href":"https:\/\/mandalailu.ee\/en\/wp-json\/wp\/v2\/product"}],"about":[{"href":"https:\/\/mandalailu.ee\/en\/wp-json\/wp\/v2\/types\/product"}],"wp:featuredmedia":[{"embeddable":true,"href":"https:\/\/mandalailu.ee\/en\/wp-json\/wp\/v2\/media\/526"}],"wp:attachment":[{"href":"https:\/\/mandalailu.ee\/en\/wp-json\/wp\/v2\/media?parent=624"}],"wp:term":[{"taxonomy":"product_brand","embeddable":true,"href":"https:\/\/mandalailu.ee\/en\/wp-json\/wp\/v2\/product_brand?post=624"},{"taxonomy":"product_cat","embeddable":true,"href":"https:\/\/mandalailu.ee\/en\/wp-json\/wp\/v2\/product_cat?post=624"},{"taxonomy":"product_tag","embeddable":true,"href":"https:\/\/mandalailu.ee\/en\/wp-json\/wp\/v2\/product_tag?post=624"}],"curies":[{"name":"wp","href":"https:\/\/api.w.org\/{rel}","templated":true}]}}