{"id":626,"date":"2022-05-10T11:47:57","date_gmt":"2022-05-10T11:47:57","guid":{"rendered":"https:\/\/mandalailu.ee\/?post_type=product&#038;p=626"},"modified":"2025-09-24T09:20:44","modified_gmt":"2025-09-24T09:20:44","slug":"kaevoru-1","status":"publish","type":"product","link":"https:\/\/mandalailu.ee\/en\/product\/kaevoru-1\/","title":{"rendered":"Meeleolu tasakaalustaja k\u00e4ev\u00f5ru"},"content":{"rendered":"<h2 style=\"text-align: center;\">Meeleolu tasakaalustaja k\u00e4ev\u00f5ru:<\/h2>\n<h3><b>LEPIDOLIIT\u00a0<\/b><\/h3>\n<p><b>LEPIDOLIIT<\/b><span style=\"font-weight: 400;\">i peetakse \u00fcheks parimaks meeleolude tasakaalustajaks maailmas. Ta v\u00e4hendab \u00e4revust ja hoiab Sind rahulikuna isegi keset kaost seistes. Tema nimi p\u00e4rineb s\u00f5nast &#8216;skaala&#8217;, mis on seotud Lepidoliidi kummaliste annetega,\u00a0 viia k\u00f5ik koosk\u00f5lla. See on kristall, mis stimuleerib t\u0161akraid taas kaunilt joonduma.\u00a0<\/span><span style=\"font-weight: 400;\">Lepidoliit on kui rahustav palsam rahutu negatiivse energia vastu, rahustades Sinu \u00e4revust,\u00a0 ja meeli.<\/span><\/p>\n<h3><strong>Kroont\u0161akra<\/strong><\/h3>\n<p>Seitsmest k\u00f5rgeim \u2013 kroont\u0161akra on Sinu t\u00e4iuslik olemise tipp. See on koht, kus leiad oma valgustatuse ja kus saad \u00fchenduse universumi, oma vaimu ja kogu selle kosmilise suursugususega. See on Sinu k\u00f5rgeimate vibratsioonide ja k\u00f5ige \u00fclevama seisundi allikas. Tema s\u00f5numiks on \u201eElan olevikus\u201c. Kroont\u0161akra asub peapeal ja on seotud kuldse, valge ja violetse v\u00e4rviga. Avatud kroont\u0161akra aitab Sul leida oma kohta maailmas ja n\u00e4ha laiemat pilti. Samuti aitab see leida Sinu jaoks \u00f5iged vaimsed praktikad ning avab Sind kingitustele ja s\u00f5numitele, mida universum Sulle pakub. See t\u0161akra on seotud eesm\u00e4rgitunde, Sinu vaimse heaolu ja rahulolutundega. Kroont\u0161akrale sobivad kristallid on k\u00f5rgeimate vibratsioonide anumad ja meistertervendajad. Kroont\u0161akrast v\u00f5id l\u00e4hemalt lugeda <a href=\"https:\/\/mandalailu.ee\/en\/blogi\/tsakrad\/\"><strong>SIIT<\/strong><\/a><\/p>\n<p>Leia just sellele k\u00e4ev\u00f5rule vastav kaelakee\u00a0<strong><a href=\"https:\/\/mandalailu.ee\/en\/product-category\/mala-palvehelmed\/\">SIIT<\/a><\/strong><\/p>\n<p><b>Kui antud k\u00e4ev\u00f5ru Sind k\u00f5netab, on selle s\u00f5num m\u00f5eldud just Sulle. See on Sinu ehe. Tunne ta \u00e4ra. L\u00e4bi oma s\u00fcdame.<\/b><\/p>\n<ul>\n<li>K\u00f5ik Minu ehted on 100% k\u00e4sit\u00f6\u00f6 ning ainueksemplarid, loodud puhtast armastusest ning loomisj\u00f5ust, l\u00e4bi kanalduse, Tema kandjale.<\/li>\n<li>Minu ehted kannavad endas naiselikku ilu, poolv\u00e4\u00e4riskivide toetust ning p\u00fchitsetud v\u00e4ge<\/li>\n<li>Enne uude koju j\u00f5udmist on ehe energeetiliselt puhastatud ja laetud<\/li>\n<\/ul>\n<div>\n<div>Meeleolu tasakaalustaja k\u00e4ev\u00f5ru looja: K\u00e4rt Lumiste<\/div>\n<\/div>\n<div><b>Ole hoitud, l\u00e4bi armastuse<\/b><\/div>","protected":false},"excerpt":{"rendered":"<blockquote><p>Meeleolu tasakaalustaja k\u00e4ev\u00f5ru:<\/p><\/blockquote>\n<ul>\n<li><span style=\"font-weight: 400;\">Meeleolu tasakaalustaja <\/span><b>LEPIDOLIIT<\/b><\/li>\n<li>P\u00e4rlite suurus 6mm<\/li>\n<li>K\u00e4ev\u00f5ru j\u00f5uab Sinuni ilusas kinkekotis<\/li>\n<li>Eesti sisene\u00a0<strong>transport<\/strong>\u00a0pakiautomaati on ALATI minu kulul<\/li>\n<li><strong>Vali kohe, maksa hiljem <\/strong>v\u00f5imalus. Rohkem infot\u00a0<a href=\"https:\/\/mandalailu.ee\/en\/uld-ja-muugitingimused\/#jarelmaksu-voimalus\"><strong>SIIT<\/strong><\/a><\/li>\n<\/ul>\n<p>Kui antud k\u00e4ev\u00f5ru Sind k\u00f5netab, on selle s\u00f5num m\u00f5eldud just Sulle. See on Sinu oma. Tunne ta \u00e4ra. L\u00e4bi oma s\u00fcdame.<\/p>\n<p>Oma ehteid luues on mul kindel teadmine, et igal valmival ehtel on tegelikult juba loomise ajal omanik olemas. Ta lihtsalt ei tea veel, et tema soovide ja taotlustega ehe on just sel hetkel kuskil end loomas. See on kanaldus. See on usaldus. See on energia. Mina k\u00fcsin universumilt juhiseid ja tema saadab need. Mispeale loon Sinu ehte siia ellu just Sulle vajalike kristallide ja taotlustega. Nii lihtne see ongi. Sinu \u00fclesanne on vaid oma ehe \u00e4ra tunda. L\u00e4bi oma s\u00fcdame.<\/p>\n<p><b>Ole hoitud, l\u00e4bi armastuse<\/b><\/p>","protected":false},"featured_media":3637,"template":"","meta":{"_acf_changed":false},"product_brand":[],"product_cat":[32],"product_tag":[43],"class_list":{"0":"post-626","1":"product","2":"type-product","3":"status-publish","4":"has-post-thumbnail","6":"product_cat-kaevorud","7":"product_tag-kroontsakra","8":"pa_suurused-18cm","9":"pa_suurused-19cm","11":"first","12":"instock","13":"shipping-taxable","14":"purchasable","15":"product-type-variable"},"acf":[],"yoast_head":"<!-- This site is optimized with the Yoast SEO plugin v26.3 - https:\/\/yoast.com\/wordpress\/plugins\/seo\/ -->\n<title>Meeleolu tasakaalustaja k\u00e4ev\u00f5ru - Mandala ilu<\/title>\n<meta name=\"description\" content=\"K\u00e4ev\u00f5rud on ideaalne kingitus endale v\u00f5i s\u00f5brale. K\u00f5ik k\u00e4ev\u00f5rud on loodud puhtast armastusest ning loomisj\u00f5ust. Meeleolu tasakaalustaja k\u00e4ev\u00f5ru\" \/>\n<meta name=\"robots\" content=\"index, follow, max-snippet:-1, max-image-preview:large, max-video-preview:-1\" \/>\n<link rel=\"canonical\" href=\"https:\/\/mandalailu.ee\/en\/product\/kaevoru-1\/\" \/>\n<meta property=\"og:locale\" content=\"en_US\" \/>\n<meta property=\"og:type\" content=\"article\" \/>\n<meta property=\"og:title\" content=\"Meeleolu tasakaalustaja k\u00e4ev\u00f5ru - Mandala ilu\" \/>\n<meta property=\"og:description\" content=\"K\u00e4ev\u00f5rud on ideaalne kingitus endale v\u00f5i s\u00f5brale. K\u00f5ik k\u00e4ev\u00f5rud on loodud puhtast armastusest ning loomisj\u00f5ust. Meeleolu tasakaalustaja k\u00e4ev\u00f5ru\" \/>\n<meta property=\"og:url\" content=\"https:\/\/mandalailu.ee\/en\/product\/kaevoru-1\/\" \/>\n<meta property=\"og:site_name\" content=\"Mandala ilu\" \/>\n<meta property=\"article:publisher\" content=\"https:\/\/www.facebook.com\/MandalaILU\" \/>\n<meta property=\"article:modified_time\" content=\"2025-09-24T09:20:44+00:00\" \/>\n<meta property=\"og:image\" content=\"https:\/\/mandalailu.ee\/wp-content\/uploads\/2022\/05\/KV0064-Mandala-ILU-kaevorud-1.jpg\" \/>\n\t<meta property=\"og:image:width\" content=\"750\" \/>\n\t<meta property=\"og:image:height\" content=\"750\" \/>\n\t<meta property=\"og:image:type\" content=\"image\/jpeg\" \/>\n<meta name=\"twitter:card\" content=\"summary_large_image\" \/>\n<meta name=\"twitter:label1\" content=\"Est. reading time\" \/>\n\t<meta name=\"twitter:data1\" content=\"1 minute\" \/>\n<script type=\"application\/ld+json\" class=\"yoast-schema-graph\">{\"@context\":\"https:\/\/schema.org\",\"@graph\":[{\"@type\":\"WebPage\",\"@id\":\"https:\/\/mandalailu.ee\/toode\/kaevoru-1\/\",\"url\":\"https:\/\/mandalailu.ee\/toode\/kaevoru-1\/\",\"name\":\"Meeleolu tasakaalustaja k\u00e4ev\u00f5ru - Mandala ilu\",\"isPartOf\":{\"@id\":\"https:\/\/mandalailu.ee\/#website\"},\"primaryImageOfPage\":{\"@id\":\"https:\/\/mandalailu.ee\/toode\/kaevoru-1\/#primaryimage\"},\"image\":{\"@id\":\"https:\/\/mandalailu.ee\/toode\/kaevoru-1\/#primaryimage\"},\"thumbnailUrl\":\"https:\/\/mandalailu.ee\/wp-content\/uploads\/2022\/05\/KV0064-Mandala-ILU-kaevorud-1.jpg\",\"datePublished\":\"2022-05-10T11:47:57+00:00\",\"dateModified\":\"2025-09-24T09:20:44+00:00\",\"description\":\"K\u00e4ev\u00f5rud on ideaalne kingitus endale v\u00f5i s\u00f5brale. K\u00f5ik k\u00e4ev\u00f5rud on loodud puhtast armastusest ning loomisj\u00f5ust. Meeleolu tasakaalustaja k\u00e4ev\u00f5ru\",\"breadcrumb\":{\"@id\":\"https:\/\/mandalailu.ee\/toode\/kaevoru-1\/#breadcrumb\"},\"inLanguage\":\"en-US\",\"potentialAction\":[{\"@type\":\"ReadAction\",\"target\":[\"https:\/\/mandalailu.ee\/toode\/kaevoru-1\/\"]}]},{\"@type\":\"ImageObject\",\"inLanguage\":\"en-US\",\"@id\":\"https:\/\/mandalailu.ee\/toode\/kaevoru-1\/#primaryimage\",\"url\":\"https:\/\/mandalailu.ee\/wp-content\/uploads\/2022\/05\/KV0064-Mandala-ILU-kaevorud-1.jpg\",\"contentUrl\":\"https:\/\/mandalailu.ee\/wp-content\/uploads\/2022\/05\/KV0064-Mandala-ILU-kaevorud-1.jpg\",\"width\":750,\"height\":750,\"caption\":\"Mandala ILU k\u00e4ev\u00f5rud \/ Meeleolu tasakaalustaja k\u00e4ev\u00f5ru\"},{\"@type\":\"BreadcrumbList\",\"@id\":\"https:\/\/mandalailu.ee\/toode\/kaevoru-1\/#breadcrumb\",\"itemListElement\":[{\"@type\":\"ListItem\",\"position\":1,\"name\":\"Home\",\"item\":\"https:\/\/mandalailu.ee\/\"},{\"@type\":\"ListItem\",\"position\":2,\"name\":\"Meeleolu tasakaalustaja k\u00e4ev\u00f5ru\"}]},{\"@type\":\"WebSite\",\"@id\":\"https:\/\/mandalailu.ee\/#website\",\"url\":\"https:\/\/mandalailu.ee\/\",\"name\":\"Mandala ilu\",\"description\":\"Unikaalsed k&auml;sit&ouml;&ouml;na valminud ehted\",\"publisher\":{\"@id\":\"https:\/\/mandalailu.ee\/#organization\"},\"potentialAction\":[{\"@type\":\"SearchAction\",\"target\":{\"@type\":\"EntryPoint\",\"urlTemplate\":\"https:\/\/mandalailu.ee\/?s={search_term_string}\"},\"query-input\":{\"@type\":\"PropertyValueSpecification\",\"valueRequired\":true,\"valueName\":\"search_term_string\"}}],\"inLanguage\":\"en-US\"},{\"@type\":\"Organization\",\"@id\":\"https:\/\/mandalailu.ee\/#organization\",\"name\":\"Mandala ILU\",\"url\":\"https:\/\/mandalailu.ee\/\",\"logo\":{\"@type\":\"ImageObject\",\"inLanguage\":\"en-US\",\"@id\":\"https:\/\/mandalailu.ee\/#\/schema\/logo\/image\/\",\"url\":\"https:\/\/mandalailu.ee\/wp-content\/uploads\/2022\/04\/cropped-Mandala-ILU-lill_block.jpg\",\"contentUrl\":\"https:\/\/mandalailu.ee\/wp-content\/uploads\/2022\/04\/cropped-Mandala-ILU-lill_block.jpg\",\"width\":512,\"height\":512,\"caption\":\"Mandala ILU\"},\"image\":{\"@id\":\"https:\/\/mandalailu.ee\/#\/schema\/logo\/image\/\"},\"sameAs\":[\"https:\/\/www.facebook.com\/MandalaILU\",\"https:\/\/www.instagram.com\/mandala.ilu.mala.ehted\/\"]}]}<\/script>\n<!-- \/ Yoast SEO plugin. -->","yoast_head_json":{"title":"Meeleolu tasakaalustaja k\u00e4ev\u00f5ru - Mandala ilu","description":"K\u00e4ev\u00f5rud on ideaalne kingitus endale v\u00f5i s\u00f5brale. K\u00f5ik k\u00e4ev\u00f5rud on loodud puhtast armastusest ning loomisj\u00f5ust. Meeleolu tasakaalustaja k\u00e4ev\u00f5ru","robots":{"index":"index","follow":"follow","max-snippet":"max-snippet:-1","max-image-preview":"max-image-preview:large","max-video-preview":"max-video-preview:-1"},"canonical":"https:\/\/mandalailu.ee\/en\/product\/kaevoru-1\/","og_locale":"en_US","og_type":"article","og_title":"Meeleolu tasakaalustaja k\u00e4ev\u00f5ru - Mandala ilu","og_description":"K\u00e4ev\u00f5rud on ideaalne kingitus endale v\u00f5i s\u00f5brale. K\u00f5ik k\u00e4ev\u00f5rud on loodud puhtast armastusest ning loomisj\u00f5ust. Meeleolu tasakaalustaja k\u00e4ev\u00f5ru","og_url":"https:\/\/mandalailu.ee\/en\/product\/kaevoru-1\/","og_site_name":"Mandala ilu","article_publisher":"https:\/\/www.facebook.com\/MandalaILU","article_modified_time":"2025-09-24T09:20:44+00:00","og_image":[{"width":750,"height":750,"url":"https:\/\/mandalailu.ee\/wp-content\/uploads\/2022\/05\/KV0064-Mandala-ILU-kaevorud-1.jpg","type":"image\/jpeg"}],"twitter_card":"summary_large_image","twitter_misc":{"Est. reading time":"1 minute"},"schema":{"@context":"https:\/\/schema.org","@graph":[{"@type":"WebPage","@id":"https:\/\/mandalailu.ee\/toode\/kaevoru-1\/","url":"https:\/\/mandalailu.ee\/toode\/kaevoru-1\/","name":"Meeleolu tasakaalustaja k\u00e4ev\u00f5ru - Mandala ilu","isPartOf":{"@id":"https:\/\/mandalailu.ee\/#website"},"primaryImageOfPage":{"@id":"https:\/\/mandalailu.ee\/toode\/kaevoru-1\/#primaryimage"},"image":{"@id":"https:\/\/mandalailu.ee\/toode\/kaevoru-1\/#primaryimage"},"thumbnailUrl":"https:\/\/mandalailu.ee\/wp-content\/uploads\/2022\/05\/KV0064-Mandala-ILU-kaevorud-1.jpg","datePublished":"2022-05-10T11:47:57+00:00","dateModified":"2025-09-24T09:20:44+00:00","description":"K\u00e4ev\u00f5rud on ideaalne kingitus endale v\u00f5i s\u00f5brale. K\u00f5ik k\u00e4ev\u00f5rud on loodud puhtast armastusest ning loomisj\u00f5ust. Meeleolu tasakaalustaja k\u00e4ev\u00f5ru","breadcrumb":{"@id":"https:\/\/mandalailu.ee\/toode\/kaevoru-1\/#breadcrumb"},"inLanguage":"en-US","potentialAction":[{"@type":"ReadAction","target":["https:\/\/mandalailu.ee\/toode\/kaevoru-1\/"]}]},{"@type":"ImageObject","inLanguage":"en-US","@id":"https:\/\/mandalailu.ee\/toode\/kaevoru-1\/#primaryimage","url":"https:\/\/mandalailu.ee\/wp-content\/uploads\/2022\/05\/KV0064-Mandala-ILU-kaevorud-1.jpg","contentUrl":"https:\/\/mandalailu.ee\/wp-content\/uploads\/2022\/05\/KV0064-Mandala-ILU-kaevorud-1.jpg","width":750,"height":750,"caption":"Mandala ILU k\u00e4ev\u00f5rud \/ Meeleolu tasakaalustaja k\u00e4ev\u00f5ru"},{"@type":"BreadcrumbList","@id":"https:\/\/mandalailu.ee\/toode\/kaevoru-1\/#breadcrumb","itemListElement":[{"@type":"ListItem","position":1,"name":"Home","item":"https:\/\/mandalailu.ee\/"},{"@type":"ListItem","position":2,"name":"Meeleolu tasakaalustaja k\u00e4ev\u00f5ru"}]},{"@type":"WebSite","@id":"https:\/\/mandalailu.ee\/#website","url":"https:\/\/mandalailu.ee\/","name":"Mandala ilu","description":"Unikaalsed k&auml;sit&ouml;&ouml;na valminud ehted","publisher":{"@id":"https:\/\/mandalailu.ee\/#organization"},"potentialAction":[{"@type":"SearchAction","target":{"@type":"EntryPoint","urlTemplate":"https:\/\/mandalailu.ee\/?s={search_term_string}"},"query-input":{"@type":"PropertyValueSpecification","valueRequired":true,"valueName":"search_term_string"}}],"inLanguage":"en-US"},{"@type":"Organization","@id":"https:\/\/mandalailu.ee\/#organization","name":"Mandala ILU","url":"https:\/\/mandalailu.ee\/","logo":{"@type":"ImageObject","inLanguage":"en-US","@id":"https:\/\/mandalailu.ee\/#\/schema\/logo\/image\/","url":"https:\/\/mandalailu.ee\/wp-content\/uploads\/2022\/04\/cropped-Mandala-ILU-lill_block.jpg","contentUrl":"https:\/\/mandalailu.ee\/wp-content\/uploads\/2022\/04\/cropped-Mandala-ILU-lill_block.jpg","width":512,"height":512,"caption":"Mandala ILU"},"image":{"@id":"https:\/\/mandalailu.ee\/#\/schema\/logo\/image\/"},"sameAs":["https:\/\/www.facebook.com\/MandalaILU","https:\/\/www.instagram.com\/mandala.ilu.mala.ehted\/"]}]}},"_links":{"self":[{"href":"https:\/\/mandalailu.ee\/en\/wp-json\/wp\/v2\/product\/626","targetHints":{"allow":["GET"]}}],"collection":[{"href":"https:\/\/mandalailu.ee\/en\/wp-json\/wp\/v2\/product"}],"about":[{"href":"https:\/\/mandalailu.ee\/en\/wp-json\/wp\/v2\/types\/product"}],"wp:featuredmedia":[{"embeddable":true,"href":"https:\/\/mandalailu.ee\/en\/wp-json\/wp\/v2\/media\/3637"}],"wp:attachment":[{"href":"https:\/\/mandalailu.ee\/en\/wp-json\/wp\/v2\/media?parent=626"}],"wp:term":[{"taxonomy":"product_brand","embeddable":true,"href":"https:\/\/mandalailu.ee\/en\/wp-json\/wp\/v2\/product_brand?post=626"},{"taxonomy":"product_cat","embeddable":true,"href":"https:\/\/mandalailu.ee\/en\/wp-json\/wp\/v2\/product_cat?post=626"},{"taxonomy":"product_tag","embeddable":true,"href":"https:\/\/mandalailu.ee\/en\/wp-json\/wp\/v2\/product_tag?post=626"}],"curies":[{"name":"wp","href":"https:\/\/api.w.org\/{rel}","templated":true}]}}