{"id":834,"date":"2022-05-19T09:02:00","date_gmt":"2022-05-19T09:02:00","guid":{"rendered":"https:\/\/mandalailu.ee\/?post_type=product&#038;p=834"},"modified":"2025-05-04T08:57:10","modified_gmt":"2025-05-04T08:57:10","slug":"sulised-korvarongad-2","status":"publish","type":"product","link":"https:\/\/mandalailu.ee\/en\/product\/sulised-korvarongad-2\/","title":{"rendered":"K\u00dcANIIT k\u00f5rvar\u00f5ngad"},"content":{"rendered":"<h2 style=\"text-align: center;\">K\u00dcANIIT k\u00f5rvar\u00f5ngad<\/h2>\n<h3><strong>K\u00dcANIIT<\/strong><\/h3>\n<p>K\u00dcANIIT aitab Sul luua \u00fchenduse ning toob Sind tagasi oma vaimse Mina juurde, tagades hea enesetunde. Oma pehmetes sinistes toonides, <a href=\"https:\/\/mandalailu.ee\/en\/blogi\/tsakrad\/\"><strong>kurgut\u0161akra<\/strong><\/a> kristallina on ta harmooniline, k\u00f5rge vibratsiooniga kristall, mida \u00fcmbritseb kerge ja l\u00fc\u00fcriline energia. Kunagi \u00f5nnistasid iidsed kreeklased K\u00fcaniiti teise nimega: Disthene, mis t\u00e4hendab tugevust. K\u00fcaniidi tugevus peitub selles, et ta ei ima endasse m\u00fcrgist energiat, vaid pigem p\u00fcsib tema olemus puhas ja k\u00fclluslik. Lisaks on K\u00fcaniit ka sildade ehitaja, omades v\u00f5imet siduda meile tuttav maailm, v\u00e4ljaspool meie igap\u00e4evast ruumi eksisteerivate universumitega. Oma tugeva emotsionaalse t\u00f5mbej\u00f5uga v\u00f5ib K\u00fcaniit kasvatada ka kaasas\u00fcndinud v\u00f5imeid ning tugevdada telepaatiat, mis t\u00e4hendab, et suhtlemine ja \u00fchendus keha ja vaimu kaudu muutub loomuomasemaks. Kui tunnete end maailmas eksinud ja endise minaga lahus, v\u00f5ib K\u00fcaniit selle \u00fchenduse taaselustada. K\u00fcaniit t\u00f6\u00f6tab \u00f5rnalt ka <strong><a href=\"https:\/\/mandalailu.ee\/en\/blogi\/tsakrad\/\">t\u0161akrate<\/a><\/strong> joondamisega, tuues Sinu ellu tasakaalu ning v\u00e4hendades terviseprobleeme.<\/p>\n<h3><strong>KURGUT\u0161AKRA<\/strong><\/h3>\n<p>Viies <a href=\"https:\/\/mandalailu.ee\/en\/blogi\/tsakrad\/\"><strong>t\u0161akra<\/strong><\/a> on kurgut\u0161akra \u2013 kust saavad kuuldavaks Sinu h\u00e4\u00e4l ja t\u00f5de. Siit leiad oma v\u00e4ljendusoskuse ja suhtlemise viisil, mis on koosk\u00f5las Sinu t\u00f5ega ning kus asub Sinu \u201etahte v\u00e4gi\u201c. Tema s\u00f5numiks on \u201eAllutan oma isiklik tahe Looja tahtele\u201c. Kurgut\u0161akra asub kaelal ja on seotud sinise v\u00e4rviga. Kurgut\u0161akra tegeleb artikulatsiooni ja kommunikatsiooniga ning aitab Sul k\u00f5va h\u00e4\u00e4lega v\u00e4lja \u00f6elda oma vajadused ning Sinule olulisi piirid. Avatud kurgut\u0161akra aitab Sul elada oma t\u00f5e valguses. See t\u0161akra on seotud ka f\u00fc\u00fcsiliste probleemidega, mis on seotud kurguga, samuti p\u00f5sekoopa- ja kilpn\u00e4\u00e4rmeprobleemidega. Kurgut\u0161akrale sobivad kristallid on \u00f5rna energiaga ning puhtuse ja voolavuse tunnetusega.<\/p>\n<p><b>Tasakaalustamata kurgut\u0161akra<\/b><\/p>\n<p><span style=\"font-weight: 400;\">Tasakaalustamata kurgut\u0161akra tunnusteks on suutmatus end v\u00e4ljendada, kurguvalu, suutmatus hoida\u00a0 piire, v\u00f5imetus kuulata, sageli tunne, et Sind on valesti m\u00f5istetud.<\/span><\/p>\n<p><b>Tasakaalustatud kurgut\u0161akra<\/b><\/p>\n<p><span style=\"font-weight: 400;\">Tasakaalustatud kurgut\u0161akra tunnusteks on oma t\u00f5e r\u00e4\u00e4kimine ilma hirmuta, otsustav tegutsemine, vaba suhtlus ja aktiivne kuulamisoskus.<\/span><\/p>\n<p style=\"text-align: right;\"><span style=\"font-weight: 400;\">Valiku kurgut\u0161akrat toetavaid ehteid leiad <\/span><a href=\"https:\/\/mandalailu.ee\/en\/product-tag\/kurgutsakra\/\"><b>SIIT<\/b><\/a><\/p>\n<p>Kui antud k\u00f5rvar\u00f5ngad Sind k\u00f5netavad, on nad m\u00f5eldud just Sulle. Tunne nad \u00e4ra. L\u00e4bi oma s\u00fcdame.<\/p>\n<p><strong>Ole hoitud<\/strong><\/p>\n<p>K\u00dcANIIT k\u00f5rvar\u00f5ngad autor on Katrina Klaas<\/p>","protected":false},"excerpt":{"rendered":"<ul>\n<li>\u00dchenduse looja K\u00dcANIIT<\/li>\n<li>H\u00f5bedane kinnitus<\/li>\n<li>K\u00f5rvar\u00f5ngad on unikaalsed k\u00e4sit\u00f6\u00f6na valminud ainueksemplarid<\/li>\n<li>Ehted j\u00f5uavad Sinuni imeilusas kinkekarbis<\/li>\n<li>Sobilik ka kinkimiseks<\/li>\n<li>Eesti sisene\u00a0<strong>transport<\/strong>\u00a0pakiautomaati on ALATI minu kulul<\/li>\n<li><strong>Vali kohe, maksa hiljem v\u00f5imalus<\/strong>. Rohkem infot leiad\u00a0<a href=\"https:\/\/mandalailu.ee\/en\/uld-ja-muugitingimused\/#jarelmaksu-voimalus\"><strong>SIIT<\/strong><\/a><\/li>\n<\/ul>\n<p>K\u00dcANIIT k\u00f5rvar\u00f5ngad on s\u00fcndinud \u00f5rnusest, kergusest, lustist ja r\u00f5\u00f5must just Sulle \u00e4ratundmiseks. Valminud k\u00e4sit\u00f6\u00f6na ja on ainueksemplarid.<\/p>\n<p>Kui antud k\u00f5rvar\u00f5ngad Sind k\u00f5netavad, on nad m\u00f5eldud just Sulle. Tunne nad \u00e4ra. L\u00e4bi oma s\u00fcdame.<\/p>","protected":false},"featured_media":4242,"template":"","meta":{"_acf_changed":false},"product_brand":[],"product_cat":[17,88],"product_tag":[41],"class_list":{"0":"post-834","1":"product","2":"type-product","3":"status-publish","4":"has-post-thumbnail","6":"product_cat-korvarongad","7":"product_cat-kristallidest-korvarongad","8":"product_tag-kurgutsakra","10":"first","11":"instock","12":"shipping-taxable","13":"purchasable","14":"product-type-simple"},"acf":[],"yoast_head":"<!-- This site is optimized with the Yoast SEO plugin v26.3 - https:\/\/yoast.com\/wordpress\/plugins\/seo\/ -->\n<title>K\u00dcANIIT k\u00f5rvar\u00f5ngad - Mandala ilu<\/title>\n<meta name=\"description\" content=\"Loodud k\u00f5rvar\u00f5ngad on unikaalsed k\u00e4sit\u00f6\u00f6na valminud iludused, kus kasutatud vaid kvaliteetseid kristalle ja materjale. K\u00dcANIIT k\u00f5rvar\u00f5ngad just Sulle!\" \/>\n<meta name=\"robots\" content=\"index, follow, max-snippet:-1, max-image-preview:large, max-video-preview:-1\" \/>\n<link rel=\"canonical\" href=\"https:\/\/mandalailu.ee\/en\/product\/sulised-korvarongad-2\/\" \/>\n<meta property=\"og:locale\" content=\"en_US\" \/>\n<meta property=\"og:type\" content=\"article\" \/>\n<meta property=\"og:title\" content=\"K\u00dcANIIT k\u00f5rvar\u00f5ngad - Mandala ilu\" \/>\n<meta property=\"og:description\" content=\"Loodud k\u00f5rvar\u00f5ngad on unikaalsed k\u00e4sit\u00f6\u00f6na valminud iludused, kus kasutatud vaid kvaliteetseid kristalle ja materjale. K\u00dcANIIT k\u00f5rvar\u00f5ngad just Sulle!\" \/>\n<meta property=\"og:url\" content=\"https:\/\/mandalailu.ee\/en\/product\/sulised-korvarongad-2\/\" \/>\n<meta property=\"og:site_name\" content=\"Mandala ilu\" \/>\n<meta property=\"article:publisher\" content=\"https:\/\/www.facebook.com\/MandalaILU\" \/>\n<meta property=\"article:modified_time\" content=\"2025-05-04T08:57:10+00:00\" \/>\n<meta property=\"og:image\" content=\"https:\/\/mandalailu.ee\/wp-content\/uploads\/2022\/05\/KK0007-Mandala-ILU-kristallidest-korvarongad-KUANIIT-1.jpg\" \/>\n\t<meta property=\"og:image:width\" content=\"750\" \/>\n\t<meta property=\"og:image:height\" content=\"750\" \/>\n\t<meta property=\"og:image:type\" content=\"image\/jpeg\" \/>\n<meta name=\"twitter:card\" content=\"summary_large_image\" \/>\n<meta name=\"twitter:label1\" content=\"Est. reading time\" \/>\n\t<meta name=\"twitter:data1\" content=\"2 minutes\" \/>\n<script type=\"application\/ld+json\" class=\"yoast-schema-graph\">{\"@context\":\"https:\/\/schema.org\",\"@graph\":[{\"@type\":\"WebPage\",\"@id\":\"https:\/\/mandalailu.ee\/toode\/sulised-korvarongad-2\/\",\"url\":\"https:\/\/mandalailu.ee\/toode\/sulised-korvarongad-2\/\",\"name\":\"K\u00dcANIIT k\u00f5rvar\u00f5ngad - Mandala ilu\",\"isPartOf\":{\"@id\":\"https:\/\/mandalailu.ee\/#website\"},\"primaryImageOfPage\":{\"@id\":\"https:\/\/mandalailu.ee\/toode\/sulised-korvarongad-2\/#primaryimage\"},\"image\":{\"@id\":\"https:\/\/mandalailu.ee\/toode\/sulised-korvarongad-2\/#primaryimage\"},\"thumbnailUrl\":\"https:\/\/mandalailu.ee\/wp-content\/uploads\/2022\/05\/KK0007-Mandala-ILU-kristallidest-korvarongad-KUANIIT-1.jpg\",\"datePublished\":\"2022-05-19T09:02:00+00:00\",\"dateModified\":\"2025-05-04T08:57:10+00:00\",\"description\":\"Loodud k\u00f5rvar\u00f5ngad on unikaalsed k\u00e4sit\u00f6\u00f6na valminud iludused, kus kasutatud vaid kvaliteetseid kristalle ja materjale. K\u00dcANIIT k\u00f5rvar\u00f5ngad just Sulle!\",\"breadcrumb\":{\"@id\":\"https:\/\/mandalailu.ee\/toode\/sulised-korvarongad-2\/#breadcrumb\"},\"inLanguage\":\"en-US\",\"potentialAction\":[{\"@type\":\"ReadAction\",\"target\":[\"https:\/\/mandalailu.ee\/toode\/sulised-korvarongad-2\/\"]}]},{\"@type\":\"ImageObject\",\"inLanguage\":\"en-US\",\"@id\":\"https:\/\/mandalailu.ee\/toode\/sulised-korvarongad-2\/#primaryimage\",\"url\":\"https:\/\/mandalailu.ee\/wp-content\/uploads\/2022\/05\/KK0007-Mandala-ILU-kristallidest-korvarongad-KUANIIT-1.jpg\",\"contentUrl\":\"https:\/\/mandalailu.ee\/wp-content\/uploads\/2022\/05\/KK0007-Mandala-ILU-kristallidest-korvarongad-KUANIIT-1.jpg\",\"width\":750,\"height\":750,\"caption\":\"Mandala ILU kristallidest k\u00f5rvar\u00f5ngad \/ K\u00dcANIIT k\u00f5rvar\u00f5ngad \/ K\u00dcANIIT ja h\u00f5be\"},{\"@type\":\"BreadcrumbList\",\"@id\":\"https:\/\/mandalailu.ee\/toode\/sulised-korvarongad-2\/#breadcrumb\",\"itemListElement\":[{\"@type\":\"ListItem\",\"position\":1,\"name\":\"Home\",\"item\":\"https:\/\/mandalailu.ee\/\"},{\"@type\":\"ListItem\",\"position\":2,\"name\":\"K\u00dcANIIT k\u00f5rvar\u00f5ngad\"}]},{\"@type\":\"WebSite\",\"@id\":\"https:\/\/mandalailu.ee\/#website\",\"url\":\"https:\/\/mandalailu.ee\/\",\"name\":\"Mandala ilu\",\"description\":\"Unikaalsed k&auml;sit&ouml;&ouml;na valminud ehted\",\"publisher\":{\"@id\":\"https:\/\/mandalailu.ee\/#organization\"},\"potentialAction\":[{\"@type\":\"SearchAction\",\"target\":{\"@type\":\"EntryPoint\",\"urlTemplate\":\"https:\/\/mandalailu.ee\/?s={search_term_string}\"},\"query-input\":{\"@type\":\"PropertyValueSpecification\",\"valueRequired\":true,\"valueName\":\"search_term_string\"}}],\"inLanguage\":\"en-US\"},{\"@type\":\"Organization\",\"@id\":\"https:\/\/mandalailu.ee\/#organization\",\"name\":\"Mandala ILU\",\"url\":\"https:\/\/mandalailu.ee\/\",\"logo\":{\"@type\":\"ImageObject\",\"inLanguage\":\"en-US\",\"@id\":\"https:\/\/mandalailu.ee\/#\/schema\/logo\/image\/\",\"url\":\"https:\/\/mandalailu.ee\/wp-content\/uploads\/2022\/04\/cropped-Mandala-ILU-lill_block.jpg\",\"contentUrl\":\"https:\/\/mandalailu.ee\/wp-content\/uploads\/2022\/04\/cropped-Mandala-ILU-lill_block.jpg\",\"width\":512,\"height\":512,\"caption\":\"Mandala ILU\"},\"image\":{\"@id\":\"https:\/\/mandalailu.ee\/#\/schema\/logo\/image\/\"},\"sameAs\":[\"https:\/\/www.facebook.com\/MandalaILU\",\"https:\/\/www.instagram.com\/mandala.ilu.mala.ehted\/\"]}]}<\/script>\n<!-- \/ Yoast SEO plugin. -->","yoast_head_json":{"title":"K\u00dcANIIT k\u00f5rvar\u00f5ngad - Mandala ilu","description":"Loodud k\u00f5rvar\u00f5ngad on unikaalsed k\u00e4sit\u00f6\u00f6na valminud iludused, kus kasutatud vaid kvaliteetseid kristalle ja materjale. K\u00dcANIIT k\u00f5rvar\u00f5ngad just Sulle!","robots":{"index":"index","follow":"follow","max-snippet":"max-snippet:-1","max-image-preview":"max-image-preview:large","max-video-preview":"max-video-preview:-1"},"canonical":"https:\/\/mandalailu.ee\/en\/product\/sulised-korvarongad-2\/","og_locale":"en_US","og_type":"article","og_title":"K\u00dcANIIT k\u00f5rvar\u00f5ngad - Mandala ilu","og_description":"Loodud k\u00f5rvar\u00f5ngad on unikaalsed k\u00e4sit\u00f6\u00f6na valminud iludused, kus kasutatud vaid kvaliteetseid kristalle ja materjale. K\u00dcANIIT k\u00f5rvar\u00f5ngad just Sulle!","og_url":"https:\/\/mandalailu.ee\/en\/product\/sulised-korvarongad-2\/","og_site_name":"Mandala ilu","article_publisher":"https:\/\/www.facebook.com\/MandalaILU","article_modified_time":"2025-05-04T08:57:10+00:00","og_image":[{"width":750,"height":750,"url":"https:\/\/mandalailu.ee\/wp-content\/uploads\/2022\/05\/KK0007-Mandala-ILU-kristallidest-korvarongad-KUANIIT-1.jpg","type":"image\/jpeg"}],"twitter_card":"summary_large_image","twitter_misc":{"Est. reading time":"2 minutes"},"schema":{"@context":"https:\/\/schema.org","@graph":[{"@type":"WebPage","@id":"https:\/\/mandalailu.ee\/toode\/sulised-korvarongad-2\/","url":"https:\/\/mandalailu.ee\/toode\/sulised-korvarongad-2\/","name":"K\u00dcANIIT k\u00f5rvar\u00f5ngad - Mandala ilu","isPartOf":{"@id":"https:\/\/mandalailu.ee\/#website"},"primaryImageOfPage":{"@id":"https:\/\/mandalailu.ee\/toode\/sulised-korvarongad-2\/#primaryimage"},"image":{"@id":"https:\/\/mandalailu.ee\/toode\/sulised-korvarongad-2\/#primaryimage"},"thumbnailUrl":"https:\/\/mandalailu.ee\/wp-content\/uploads\/2022\/05\/KK0007-Mandala-ILU-kristallidest-korvarongad-KUANIIT-1.jpg","datePublished":"2022-05-19T09:02:00+00:00","dateModified":"2025-05-04T08:57:10+00:00","description":"Loodud k\u00f5rvar\u00f5ngad on unikaalsed k\u00e4sit\u00f6\u00f6na valminud iludused, kus kasutatud vaid kvaliteetseid kristalle ja materjale. K\u00dcANIIT k\u00f5rvar\u00f5ngad just Sulle!","breadcrumb":{"@id":"https:\/\/mandalailu.ee\/toode\/sulised-korvarongad-2\/#breadcrumb"},"inLanguage":"en-US","potentialAction":[{"@type":"ReadAction","target":["https:\/\/mandalailu.ee\/toode\/sulised-korvarongad-2\/"]}]},{"@type":"ImageObject","inLanguage":"en-US","@id":"https:\/\/mandalailu.ee\/toode\/sulised-korvarongad-2\/#primaryimage","url":"https:\/\/mandalailu.ee\/wp-content\/uploads\/2022\/05\/KK0007-Mandala-ILU-kristallidest-korvarongad-KUANIIT-1.jpg","contentUrl":"https:\/\/mandalailu.ee\/wp-content\/uploads\/2022\/05\/KK0007-Mandala-ILU-kristallidest-korvarongad-KUANIIT-1.jpg","width":750,"height":750,"caption":"Mandala ILU kristallidest k\u00f5rvar\u00f5ngad \/ K\u00dcANIIT k\u00f5rvar\u00f5ngad \/ K\u00dcANIIT ja h\u00f5be"},{"@type":"BreadcrumbList","@id":"https:\/\/mandalailu.ee\/toode\/sulised-korvarongad-2\/#breadcrumb","itemListElement":[{"@type":"ListItem","position":1,"name":"Home","item":"https:\/\/mandalailu.ee\/"},{"@type":"ListItem","position":2,"name":"K\u00dcANIIT k\u00f5rvar\u00f5ngad"}]},{"@type":"WebSite","@id":"https:\/\/mandalailu.ee\/#website","url":"https:\/\/mandalailu.ee\/","name":"Mandala ilu","description":"Unikaalsed k&auml;sit&ouml;&ouml;na valminud ehted","publisher":{"@id":"https:\/\/mandalailu.ee\/#organization"},"potentialAction":[{"@type":"SearchAction","target":{"@type":"EntryPoint","urlTemplate":"https:\/\/mandalailu.ee\/?s={search_term_string}"},"query-input":{"@type":"PropertyValueSpecification","valueRequired":true,"valueName":"search_term_string"}}],"inLanguage":"en-US"},{"@type":"Organization","@id":"https:\/\/mandalailu.ee\/#organization","name":"Mandala ILU","url":"https:\/\/mandalailu.ee\/","logo":{"@type":"ImageObject","inLanguage":"en-US","@id":"https:\/\/mandalailu.ee\/#\/schema\/logo\/image\/","url":"https:\/\/mandalailu.ee\/wp-content\/uploads\/2022\/04\/cropped-Mandala-ILU-lill_block.jpg","contentUrl":"https:\/\/mandalailu.ee\/wp-content\/uploads\/2022\/04\/cropped-Mandala-ILU-lill_block.jpg","width":512,"height":512,"caption":"Mandala ILU"},"image":{"@id":"https:\/\/mandalailu.ee\/#\/schema\/logo\/image\/"},"sameAs":["https:\/\/www.facebook.com\/MandalaILU","https:\/\/www.instagram.com\/mandala.ilu.mala.ehted\/"]}]}},"_links":{"self":[{"href":"https:\/\/mandalailu.ee\/en\/wp-json\/wp\/v2\/product\/834","targetHints":{"allow":["GET"]}}],"collection":[{"href":"https:\/\/mandalailu.ee\/en\/wp-json\/wp\/v2\/product"}],"about":[{"href":"https:\/\/mandalailu.ee\/en\/wp-json\/wp\/v2\/types\/product"}],"wp:featuredmedia":[{"embeddable":true,"href":"https:\/\/mandalailu.ee\/en\/wp-json\/wp\/v2\/media\/4242"}],"wp:attachment":[{"href":"https:\/\/mandalailu.ee\/en\/wp-json\/wp\/v2\/media?parent=834"}],"wp:term":[{"taxonomy":"product_brand","embeddable":true,"href":"https:\/\/mandalailu.ee\/en\/wp-json\/wp\/v2\/product_brand?post=834"},{"taxonomy":"product_cat","embeddable":true,"href":"https:\/\/mandalailu.ee\/en\/wp-json\/wp\/v2\/product_cat?post=834"},{"taxonomy":"product_tag","embeddable":true,"href":"https:\/\/mandalailu.ee\/en\/wp-json\/wp\/v2\/product_tag?post=834"}],"curies":[{"name":"wp","href":"https:\/\/api.w.org\/{rel}","templated":true}]}}