{"id":836,"date":"2022-05-19T09:09:19","date_gmt":"2022-05-19T09:09:19","guid":{"rendered":"https:\/\/mandalailu.ee\/?post_type=product&#038;p=836"},"modified":"2025-07-12T16:36:10","modified_gmt":"2025-07-12T16:36:10","slug":"sulised-korvarongad-1","status":"publish","type":"product","link":"https:\/\/mandalailu.ee\/en\/product\/sulised-korvarongad-1\/","title":{"rendered":"Sulised k\u00f5rvar\u00f5ngad \u201cElu hoiab mind\u201d"},"content":{"rendered":"<p>Ehted on \u00f5rnad ning s\u00e4ilivad paremini hoiustades neid rippuvas asendis ja kreemiseid k\u00e4si nad v\u00e4ga ei armasta.<\/p>\n<p>Lase \u00f5rnusel ennast puudutada, naudi ja tunne sellest k\u00f5igest r\u00f5\u00f5mu.<\/p>\n<p>Kui antud sulised Sind k\u00f5netavad, on nende s\u00f5num m\u00f5eldud just Sulle. Need on Sinu ehted. Tunne mind \u00e4ra. L\u00e4bi oma s\u00fcdame.<\/p>\n<p>Leia k\u00f5rvar\u00f5ngaste juurde sobiv kaelakee\u00a0<a href=\"https:\/\/mandalailu.ee\/en\/product-category\/mala-palvehelmed\/\">SIIT<\/a><\/p>\n<p>Sulised k\u00f5rvar\u00f5ngad \u201cElu hoiab mind\u201d looja: Helena Hage<\/p>\n<p><strong>Hingest Hoitud<\/strong><\/p>","protected":false},"excerpt":{"rendered":"<blockquote><p>S\u00f5num Sulle:\u00a0<strong>\u201cMa saan k\u00f5igega hakkama, elu hoiab mind\u201d<\/strong><\/p><\/blockquote>\n<p>Ehetes on kasutatud nii:<\/p>\n<ul>\n<li>naturaalseid kui v\u00e4rvitud sulgi<\/li>\n<li>S\u00e4ra annavad plast-, klaas-, puu- ja keraamilised p\u00e4rlid.<\/li>\n<li>K\u00f5rvar\u00f5ngakonksud on niklivabad ja varustatud l\u00e4bipaistvate silikoonist tagustega.<\/li>\n<\/ul>\n<p>K\u00f5ik sulised k\u00f5rvar\u00f5ngad on s\u00fcndinud \u00f5rnusest, kergusest, lustist ja r\u00f5\u00f5must ja just Sulle \u00e4ratundmiseks loodud. Valminud k\u00e4sit\u00f6\u00f6na ja on ainueksemplarid.<\/p>\n<ul>\n<li>Ehted on pakendatud kahepoolsesse kaarditaskusse ning igale kaardile kirjutatud erinev s\u00f5num kandjale, mida on tore endale ehete kandmisel lausuda.<\/li>\n<li>Sobilik ka kinkimiseks.<\/li>\n<li>Eesti sisene <strong>transport<\/strong> pakiautomaati on ALATI minu kulul.<\/li>\n<li><strong>Vali kohe, maksa hiljem v\u00f5imalus<\/strong>. Rohkem infot\u00a0<a href=\"https:\/\/mandalailu.ee\/en\/uld-ja-muugitingimused\/#jarelmaksu-voimalus\"><strong>SIIT.<\/strong><\/a><\/li>\n<\/ul>\n<p>Kui antud Sulised Sind k\u00f5netavad, on nende s\u00f5num m\u00f5eldud just Sulle. Need on Sinu Sulised. Tunne nad \u00e4ra. L\u00e4bi oma s\u00fcdame.<\/p>","protected":false},"featured_media":2647,"template":"","meta":{"_acf_changed":false},"product_brand":[],"product_cat":[17,89],"product_tag":[37],"class_list":{"0":"post-836","1":"product","2":"type-product","3":"status-publish","4":"has-post-thumbnail","6":"product_cat-korvarongad","7":"product_cat-sulgedest-korvarongad","8":"product_tag-juurtsakra","10":"first","11":"outofstock","12":"shipping-taxable","13":"purchasable","14":"product-type-simple"},"acf":[],"yoast_head":"<!-- This site is optimized with the Yoast SEO plugin v26.3 - https:\/\/yoast.com\/wordpress\/plugins\/seo\/ -->\n<title>Sulised k\u00f5rvar\u00f5ngad \u201cElu hoiab mind\u201d - Mandala ilu<\/title>\n<meta name=\"description\" content=\"K\u00f5ik sulgedest k\u00f5rvar\u00f5ngad on s\u00fcndinud \u00f5rnusest, kergusest, lustist ja r\u00f5\u00f5must ja just Sulle \u00e4ratundmiseks loodud. Sulised k\u00f5rvar\u00f5ngad \u201cElu hoiab mind\u201d\" \/>\n<meta name=\"robots\" content=\"index, follow, max-snippet:-1, max-image-preview:large, max-video-preview:-1\" \/>\n<link rel=\"canonical\" href=\"https:\/\/mandalailu.ee\/en\/product\/sulised-korvarongad-1\/\" \/>\n<meta property=\"og:locale\" content=\"en_US\" \/>\n<meta property=\"og:type\" content=\"article\" \/>\n<meta property=\"og:title\" content=\"Sulised k\u00f5rvar\u00f5ngad \u201cElu hoiab mind\u201d - Mandala ilu\" \/>\n<meta property=\"og:description\" content=\"K\u00f5ik sulgedest k\u00f5rvar\u00f5ngad on s\u00fcndinud \u00f5rnusest, kergusest, lustist ja r\u00f5\u00f5must ja just Sulle \u00e4ratundmiseks loodud. Sulised k\u00f5rvar\u00f5ngad \u201cElu hoiab mind\u201d\" \/>\n<meta property=\"og:url\" content=\"https:\/\/mandalailu.ee\/en\/product\/sulised-korvarongad-1\/\" \/>\n<meta property=\"og:site_name\" content=\"Mandala ilu\" \/>\n<meta property=\"article:publisher\" content=\"https:\/\/www.facebook.com\/MandalaILU\" \/>\n<meta property=\"article:modified_time\" content=\"2025-07-12T16:36:10+00:00\" \/>\n<meta property=\"og:image\" content=\"https:\/\/mandalailu.ee\/wp-content\/uploads\/2022\/05\/HH0061-Mandala-ILU-vaeehted-Sulised-3.jpg\" \/>\n\t<meta property=\"og:image:width\" content=\"750\" \/>\n\t<meta property=\"og:image:height\" content=\"750\" \/>\n\t<meta property=\"og:image:type\" content=\"image\/jpeg\" \/>\n<meta name=\"twitter:card\" content=\"summary_large_image\" \/>\n<script type=\"application\/ld+json\" class=\"yoast-schema-graph\">{\"@context\":\"https:\/\/schema.org\",\"@graph\":[{\"@type\":\"WebPage\",\"@id\":\"https:\/\/mandalailu.ee\/toode\/sulised-korvarongad-1\/\",\"url\":\"https:\/\/mandalailu.ee\/toode\/sulised-korvarongad-1\/\",\"name\":\"Sulised k\u00f5rvar\u00f5ngad \u201cElu hoiab mind\u201d - Mandala ilu\",\"isPartOf\":{\"@id\":\"https:\/\/mandalailu.ee\/#website\"},\"primaryImageOfPage\":{\"@id\":\"https:\/\/mandalailu.ee\/toode\/sulised-korvarongad-1\/#primaryimage\"},\"image\":{\"@id\":\"https:\/\/mandalailu.ee\/toode\/sulised-korvarongad-1\/#primaryimage\"},\"thumbnailUrl\":\"https:\/\/mandalailu.ee\/wp-content\/uploads\/2022\/05\/HH0061-Mandala-ILU-vaeehted-Sulised-3.jpg\",\"datePublished\":\"2022-05-19T09:09:19+00:00\",\"dateModified\":\"2025-07-12T16:36:10+00:00\",\"description\":\"K\u00f5ik sulgedest k\u00f5rvar\u00f5ngad on s\u00fcndinud \u00f5rnusest, kergusest, lustist ja r\u00f5\u00f5must ja just Sulle \u00e4ratundmiseks loodud. Sulised k\u00f5rvar\u00f5ngad \u201cElu hoiab mind\u201d\",\"breadcrumb\":{\"@id\":\"https:\/\/mandalailu.ee\/toode\/sulised-korvarongad-1\/#breadcrumb\"},\"inLanguage\":\"en-US\",\"potentialAction\":[{\"@type\":\"ReadAction\",\"target\":[\"https:\/\/mandalailu.ee\/toode\/sulised-korvarongad-1\/\"]}]},{\"@type\":\"ImageObject\",\"inLanguage\":\"en-US\",\"@id\":\"https:\/\/mandalailu.ee\/toode\/sulised-korvarongad-1\/#primaryimage\",\"url\":\"https:\/\/mandalailu.ee\/wp-content\/uploads\/2022\/05\/HH0061-Mandala-ILU-vaeehted-Sulised-3.jpg\",\"contentUrl\":\"https:\/\/mandalailu.ee\/wp-content\/uploads\/2022\/05\/HH0061-Mandala-ILU-vaeehted-Sulised-3.jpg\",\"width\":750,\"height\":750,\"caption\":\"Mandala ILU v\u00e4eehted Sulisgedest k\u00f5rvar\u00f5ngad \/ Ma saan k\u00f5igega hakkama, elu hoiab mind\"},{\"@type\":\"BreadcrumbList\",\"@id\":\"https:\/\/mandalailu.ee\/toode\/sulised-korvarongad-1\/#breadcrumb\",\"itemListElement\":[{\"@type\":\"ListItem\",\"position\":1,\"name\":\"Home\",\"item\":\"https:\/\/mandalailu.ee\/\"},{\"@type\":\"ListItem\",\"position\":2,\"name\":\"Sulised k\u00f5rvar\u00f5ngad \u201cElu hoiab mind\u201d\"}]},{\"@type\":\"WebSite\",\"@id\":\"https:\/\/mandalailu.ee\/#website\",\"url\":\"https:\/\/mandalailu.ee\/\",\"name\":\"Mandala ilu\",\"description\":\"Unikaalsed k&auml;sit&ouml;&ouml;na valminud ehted\",\"publisher\":{\"@id\":\"https:\/\/mandalailu.ee\/#organization\"},\"potentialAction\":[{\"@type\":\"SearchAction\",\"target\":{\"@type\":\"EntryPoint\",\"urlTemplate\":\"https:\/\/mandalailu.ee\/?s={search_term_string}\"},\"query-input\":{\"@type\":\"PropertyValueSpecification\",\"valueRequired\":true,\"valueName\":\"search_term_string\"}}],\"inLanguage\":\"en-US\"},{\"@type\":\"Organization\",\"@id\":\"https:\/\/mandalailu.ee\/#organization\",\"name\":\"Mandala ILU\",\"url\":\"https:\/\/mandalailu.ee\/\",\"logo\":{\"@type\":\"ImageObject\",\"inLanguage\":\"en-US\",\"@id\":\"https:\/\/mandalailu.ee\/#\/schema\/logo\/image\/\",\"url\":\"https:\/\/mandalailu.ee\/wp-content\/uploads\/2022\/04\/cropped-Mandala-ILU-lill_block.jpg\",\"contentUrl\":\"https:\/\/mandalailu.ee\/wp-content\/uploads\/2022\/04\/cropped-Mandala-ILU-lill_block.jpg\",\"width\":512,\"height\":512,\"caption\":\"Mandala ILU\"},\"image\":{\"@id\":\"https:\/\/mandalailu.ee\/#\/schema\/logo\/image\/\"},\"sameAs\":[\"https:\/\/www.facebook.com\/MandalaILU\",\"https:\/\/www.instagram.com\/mandala.ilu.mala.ehted\/\"]}]}<\/script>\n<!-- \/ Yoast SEO plugin. -->","yoast_head_json":{"title":"Sulised k\u00f5rvar\u00f5ngad \u201cElu hoiab mind\u201d - Mandala ilu","description":"K\u00f5ik sulgedest k\u00f5rvar\u00f5ngad on s\u00fcndinud \u00f5rnusest, kergusest, lustist ja r\u00f5\u00f5must ja just Sulle \u00e4ratundmiseks loodud. Sulised k\u00f5rvar\u00f5ngad \u201cElu hoiab mind\u201d","robots":{"index":"index","follow":"follow","max-snippet":"max-snippet:-1","max-image-preview":"max-image-preview:large","max-video-preview":"max-video-preview:-1"},"canonical":"https:\/\/mandalailu.ee\/en\/product\/sulised-korvarongad-1\/","og_locale":"en_US","og_type":"article","og_title":"Sulised k\u00f5rvar\u00f5ngad \u201cElu hoiab mind\u201d - Mandala ilu","og_description":"K\u00f5ik sulgedest k\u00f5rvar\u00f5ngad on s\u00fcndinud \u00f5rnusest, kergusest, lustist ja r\u00f5\u00f5must ja just Sulle \u00e4ratundmiseks loodud. Sulised k\u00f5rvar\u00f5ngad \u201cElu hoiab mind\u201d","og_url":"https:\/\/mandalailu.ee\/en\/product\/sulised-korvarongad-1\/","og_site_name":"Mandala ilu","article_publisher":"https:\/\/www.facebook.com\/MandalaILU","article_modified_time":"2025-07-12T16:36:10+00:00","og_image":[{"width":750,"height":750,"url":"https:\/\/mandalailu.ee\/wp-content\/uploads\/2022\/05\/HH0061-Mandala-ILU-vaeehted-Sulised-3.jpg","type":"image\/jpeg"}],"twitter_card":"summary_large_image","schema":{"@context":"https:\/\/schema.org","@graph":[{"@type":"WebPage","@id":"https:\/\/mandalailu.ee\/toode\/sulised-korvarongad-1\/","url":"https:\/\/mandalailu.ee\/toode\/sulised-korvarongad-1\/","name":"Sulised k\u00f5rvar\u00f5ngad \u201cElu hoiab mind\u201d - Mandala ilu","isPartOf":{"@id":"https:\/\/mandalailu.ee\/#website"},"primaryImageOfPage":{"@id":"https:\/\/mandalailu.ee\/toode\/sulised-korvarongad-1\/#primaryimage"},"image":{"@id":"https:\/\/mandalailu.ee\/toode\/sulised-korvarongad-1\/#primaryimage"},"thumbnailUrl":"https:\/\/mandalailu.ee\/wp-content\/uploads\/2022\/05\/HH0061-Mandala-ILU-vaeehted-Sulised-3.jpg","datePublished":"2022-05-19T09:09:19+00:00","dateModified":"2025-07-12T16:36:10+00:00","description":"K\u00f5ik sulgedest k\u00f5rvar\u00f5ngad on s\u00fcndinud \u00f5rnusest, kergusest, lustist ja r\u00f5\u00f5must ja just Sulle \u00e4ratundmiseks loodud. Sulised k\u00f5rvar\u00f5ngad \u201cElu hoiab mind\u201d","breadcrumb":{"@id":"https:\/\/mandalailu.ee\/toode\/sulised-korvarongad-1\/#breadcrumb"},"inLanguage":"en-US","potentialAction":[{"@type":"ReadAction","target":["https:\/\/mandalailu.ee\/toode\/sulised-korvarongad-1\/"]}]},{"@type":"ImageObject","inLanguage":"en-US","@id":"https:\/\/mandalailu.ee\/toode\/sulised-korvarongad-1\/#primaryimage","url":"https:\/\/mandalailu.ee\/wp-content\/uploads\/2022\/05\/HH0061-Mandala-ILU-vaeehted-Sulised-3.jpg","contentUrl":"https:\/\/mandalailu.ee\/wp-content\/uploads\/2022\/05\/HH0061-Mandala-ILU-vaeehted-Sulised-3.jpg","width":750,"height":750,"caption":"Mandala ILU v\u00e4eehted Sulisgedest k\u00f5rvar\u00f5ngad \/ Ma saan k\u00f5igega hakkama, elu hoiab mind"},{"@type":"BreadcrumbList","@id":"https:\/\/mandalailu.ee\/toode\/sulised-korvarongad-1\/#breadcrumb","itemListElement":[{"@type":"ListItem","position":1,"name":"Home","item":"https:\/\/mandalailu.ee\/"},{"@type":"ListItem","position":2,"name":"Sulised k\u00f5rvar\u00f5ngad \u201cElu hoiab mind\u201d"}]},{"@type":"WebSite","@id":"https:\/\/mandalailu.ee\/#website","url":"https:\/\/mandalailu.ee\/","name":"Mandala ilu","description":"Unikaalsed k&auml;sit&ouml;&ouml;na valminud ehted","publisher":{"@id":"https:\/\/mandalailu.ee\/#organization"},"potentialAction":[{"@type":"SearchAction","target":{"@type":"EntryPoint","urlTemplate":"https:\/\/mandalailu.ee\/?s={search_term_string}"},"query-input":{"@type":"PropertyValueSpecification","valueRequired":true,"valueName":"search_term_string"}}],"inLanguage":"en-US"},{"@type":"Organization","@id":"https:\/\/mandalailu.ee\/#organization","name":"Mandala ILU","url":"https:\/\/mandalailu.ee\/","logo":{"@type":"ImageObject","inLanguage":"en-US","@id":"https:\/\/mandalailu.ee\/#\/schema\/logo\/image\/","url":"https:\/\/mandalailu.ee\/wp-content\/uploads\/2022\/04\/cropped-Mandala-ILU-lill_block.jpg","contentUrl":"https:\/\/mandalailu.ee\/wp-content\/uploads\/2022\/04\/cropped-Mandala-ILU-lill_block.jpg","width":512,"height":512,"caption":"Mandala ILU"},"image":{"@id":"https:\/\/mandalailu.ee\/#\/schema\/logo\/image\/"},"sameAs":["https:\/\/www.facebook.com\/MandalaILU","https:\/\/www.instagram.com\/mandala.ilu.mala.ehted\/"]}]}},"_links":{"self":[{"href":"https:\/\/mandalailu.ee\/en\/wp-json\/wp\/v2\/product\/836","targetHints":{"allow":["GET"]}}],"collection":[{"href":"https:\/\/mandalailu.ee\/en\/wp-json\/wp\/v2\/product"}],"about":[{"href":"https:\/\/mandalailu.ee\/en\/wp-json\/wp\/v2\/types\/product"}],"wp:featuredmedia":[{"embeddable":true,"href":"https:\/\/mandalailu.ee\/en\/wp-json\/wp\/v2\/media\/2647"}],"wp:attachment":[{"href":"https:\/\/mandalailu.ee\/en\/wp-json\/wp\/v2\/media?parent=836"}],"wp:term":[{"taxonomy":"product_brand","embeddable":true,"href":"https:\/\/mandalailu.ee\/en\/wp-json\/wp\/v2\/product_brand?post=836"},{"taxonomy":"product_cat","embeddable":true,"href":"https:\/\/mandalailu.ee\/en\/wp-json\/wp\/v2\/product_cat?post=836"},{"taxonomy":"product_tag","embeddable":true,"href":"https:\/\/mandalailu.ee\/en\/wp-json\/wp\/v2\/product_tag?post=836"}],"curies":[{"name":"wp","href":"https:\/\/api.w.org\/{rel}","templated":true}]}}