{"id":969,"date":"2022-06-09T09:28:02","date_gmt":"2022-06-09T09:28:02","guid":{"rendered":"https:\/\/mandalailu.ee\/?post_type=product&#038;p=969"},"modified":"2025-05-04T08:57:10","modified_gmt":"2025-05-04T08:57:10","slug":"sulised-korvarongad-16","status":"publish","type":"product","link":"https:\/\/mandalailu.ee\/en\/product\/sulised-korvarongad-16\/","title":{"rendered":"TSITRIIN k\u00f5rvar\u00f5ngad"},"content":{"rendered":"<h2 style=\"text-align: center;\">TSITRIIN k\u00f5rvar\u00f5ngad<\/h2>\n<h3><strong>TSITRIIN<\/strong><\/h3>\n<p>TSITRIIN on optimismi, enesekindluse ja \u00fcks suurimaid k\u00fclluse kristalle. Too imeline kollane kristall on tuntud oma positiivsuse j\u00f5u poolest, mis t\u00f5stab enesehinnangut, puhastab <a href=\"https:\/\/mandalailu.ee\/en\/blogi\/paikesepoimik\/\"><strong>p\u00e4ikesep\u00f5imikut<\/strong><\/a> ja <a href=\"https:\/\/mandalailu.ee\/en\/blogi\/paikesepoimik\/\"><strong>sakraalt\u0161akrad<\/strong><\/a> ning kutsub esile k\u00fclluse, et saaksid t\u00e4ide oma viia iga kui viimase unistuse.<\/p>\n<h3><a href=\"https:\/\/mandalailu.ee\/en\/blogi\/paikesepoimik\/\"><strong>P\u00c4IKESEP\u00d5IMIK<\/strong><\/a><\/h3>\n<p><strong><a href=\"https:\/\/mandalailu.ee\/en\/blogi\/paikesepoimik\/\">P\u00e4ikesep\u00f5imiku<\/a><\/strong> t\u0161akra on koduks sinu s\u00f5dalase vaimule ning kus asub Sinu \u201eiskilik v\u00e4gi\u201c. Siit leiad kogu selle vinge sisemise j\u00f5u ja enesekindluse, mis ootavad, et aidata Sul s\u00e4rada. Tema s\u00f5numiks on \u201eAustan iseennast\u201c. Kolmas t\u0161akra asub \u00fclak\u00f5hus vahetult rinnaluu all, keha keskel. Seda seostatakse kollase ja kuldse v\u00e4rviga. P\u00e4ikesep\u00f5imiku t\u0161akrat seostatakse meie isikliku v\u00e4e, meie intellekti, meie ambitsioonide ning sellega, kuidas Sa f\u00fc\u00fcsiliselt ja emotsionaalselt enda jaoks ruumi hoiad. Kui Sinu p\u00e4ikesep\u00f5imiku t\u0161akra on avatud, tunned, et kontrollid oma elu ja oled oma otsustes kindel. See t\u0161akra on seotud meie energiatasemetega. <a href=\"https:\/\/mandalailu.ee\/en\/blogi\/paikesepoimik\/\"><strong>P\u00e4ikesep\u00f5imiku<\/strong><\/a> t\u0161akrale sobivad kristallid on s\u00e4ravad ja p\u00e4ikeselised.<\/p>\n<p><b>Tasakaalustamata <a href=\"https:\/\/mandalailu.ee\/en\/blogi\/paikesepoimik\/\">p\u00e4ikesep\u00f5imiku<\/a><\/b> t\u0161akra tunnusteks on madal enesehinnang, halb seedimine, \u00e4revus, motivatsioonipuudus ja ebakindlus.\u00a0<b>Tasakaalustatud <a href=\"https:\/\/mandalailu.ee\/en\/blogi\/paikesepoimik\/\">p\u00e4ikesep\u00f5imiku<\/a><\/b> t\u0161akra m\u00e4rgid on enesekindel olemine, oma k\u00f5hutunde j\u00e4rgimine, terve immuuns\u00fcsteem ja motiveeritus<\/p>\n<p style=\"text-align: right;\"><span style=\"font-weight: 400;\">Valiku <a href=\"https:\/\/mandalailu.ee\/en\/blogi\/paikesepoimik\/\">p\u00e4ikesep\u00f5imikut<\/a> toetavaid ehteid leiad <\/span><a href=\"https:\/\/mandalailu.ee\/en\/product-tag\/paikesepoimik\/\"><b>SIIT<\/b><\/a><\/p>\n<h3><a href=\"https:\/\/mandalailu.ee\/en\/blogi\/sakraaltsakra\/\"><strong>SAKRAALT\u0161AKRA<\/strong><\/a><\/h3>\n<p>Teine t\u0161akra on <strong><a href=\"https:\/\/mandalailu.ee\/en\/blogi\/sakraaltsakra\/\">sakraalt\u0161akra<\/a><\/strong>, mis on Sinu naudingu- ja m\u00e4ngukeskus ja kus asub \u201esuhte v\u00e4gi\u201c. See on koht, kus asub suur osa Sinu seksuaalenergiast. See on ka loovuse ja lapseliku enesetunde kodu. Tema s\u00f5numiks on \u201e Austage \u00fcksteist\u201c. <a href=\"https:\/\/mandalailu.ee\/en\/blogi\/sakraaltsakra\/\"><strong>Sakraalt\u0161akr<\/strong><\/a>a leiad oma naba alt, k\u00f5hu keskel. Seda seostatakse kollase ja oran\u017ei v\u00e4rviga ning sellel on ka soojendav toitev energia. See on t\u0161akra, mis on seotud Sinu f\u00fc\u00fcsiliste viljakuse probleemidega, intuitsiooni ja soovide ning Sinu r\u00f5\u00f5mu ja \u00f5nne tundega. Kui Sinu <strong><a href=\"https:\/\/mandalailu.ee\/en\/blogi\/sakraaltsakra\/\">sakraalt\u0161akra<\/a><\/strong> on avatud, p\u00e4\u00e4sed ligi oma sisemisele lapsele, ei kohku tagasi kunstilise v\u00e4ljendamise ja m\u00e4ngu ees ning suudad piiridest h\u00e4sti kinni pidada. Selle t\u0161akra \u00f5ppetunnid on seotud aususega k\u00f5ikide suhtes. Kristallid, mis sobivad <a href=\"https:\/\/mandalailu.ee\/en\/blogi\/sakraaltsakra\/\"><strong>sakraalt\u0161akrale<\/strong><\/a>, on pehmed soojendavad oran\u017eid ja kollased toonid ning neil on naiselik v\u00f5i l\u00f5bus energia.<\/p>\n<p><strong>Tasakaalustamata <a href=\"https:\/\/mandalailu.ee\/en\/blogi\/sakraaltsakra\/\">sakraalt\u0161akra<\/a><\/strong> m\u00e4rgid on emotsionaalselt liigne tundlikus, pidev kontroll, endasse t\u00f5mbumine, madal v\u00f5i \u00fcliaktiivne libiido, pinged ning v\u00f5imetus lahti lasta ja r\u00f5\u00f5mu tunda. <strong>Tasakaalustatud <a href=\"https:\/\/mandalailu.ee\/en\/blogi\/sakraaltsakra\/\">sakraalt\u0161akra<\/a><\/strong> m\u00e4rgid on energilisus, kirglikus, loomingulisus, sensuaalsus ja \u00f5rnus.<\/p>\n<p style=\"text-align: right;\">Valiku <a href=\"https:\/\/mandalailu.ee\/en\/blogi\/sakraaltsakra\/\"><strong>sakraalt\u0161akra<\/strong><\/a> toetavaid ehteid leiad<a href=\"https:\/\/mandalailu.ee\/en\/product-tag\/sakraaltsakra\/\"><strong> SIIT<\/strong><\/a><\/p>\n<p>Kui antud k\u00f5rvar\u00f5ngad Sind k\u00f5netavad, on nad m\u00f5eldud just Sulle. Tunne nad \u00e4ra. L\u00e4bi oma s\u00fcdame.<\/p>\n<p><strong>Ole hoitud<\/strong><\/p>\n<p>TSITRIIN k\u00f5rvar\u00f5ngad autor on Katrina Klaas<\/p>","protected":false},"excerpt":{"rendered":"<ul>\n<li>Suurimaid k\u00fclluse kristalle TSITRIIN<\/li>\n<li>H\u00f5bedane kinnitus<\/li>\n<li>K\u00f5rvar\u00f5ngad on unikaalsed k\u00e4sit\u00f6\u00f6na valminud ainueksemplarid<\/li>\n<li>Ehted j\u00f5uavad Sinuni imeilusas kinkekarbis<\/li>\n<li>Sobilik ka kinkimiseks<\/li>\n<li>Eesti sisene\u00a0<strong>transport<\/strong>\u00a0pakiautomaati on ALATI minu kulul<\/li>\n<li><strong>Vali kohe, maksa hiljem v\u00f5imalus<\/strong>. Rohkem infot leiad\u00a0<a href=\"https:\/\/mandalailu.ee\/en\/uld-ja-muugitingimused\/#jarelmaksu-voimalus\"><strong>SIIT<\/strong><\/a><\/li>\n<\/ul>\n<p>TSITRIIN k\u00f5rvar\u00f5ngad on s\u00fcndinud \u00f5rnusest, kergusest, lustist ja r\u00f5\u00f5must just Sulle \u00e4ratundmiseks. Valminud k\u00e4sit\u00f6\u00f6na ja on ainueksemplarid.<\/p>\n<p>Kui antud k\u00f5rvar\u00f5ngad Sind k\u00f5netavad, on nad m\u00f5eldud just Sulle. Tunne nad \u00e4ra. L\u00e4bi oma s\u00fcdame.<\/p>","protected":false},"featured_media":4246,"template":"","meta":{"_acf_changed":false},"product_brand":[],"product_cat":[17,88],"product_tag":[39,38],"class_list":{"0":"post-969","1":"product","2":"type-product","3":"status-publish","4":"has-post-thumbnail","6":"product_cat-korvarongad","7":"product_cat-kristallidest-korvarongad","8":"product_tag-paikesepoimik","9":"product_tag-sakraaltsakra","11":"first","12":"instock","13":"shipping-taxable","14":"purchasable","15":"product-type-simple"},"acf":[],"yoast_head":"<!-- This site is optimized with the Yoast SEO plugin v26.3 - https:\/\/yoast.com\/wordpress\/plugins\/seo\/ -->\n<title>TSITRIIN k\u00f5rvar\u00f5ngad - Mandala ilu<\/title>\n<meta name=\"description\" content=\"Loodud k\u00f5rvar\u00f5ngad on unikaalsed k\u00e4sit\u00f6\u00f6na valminud iludused, kus kasutatud vaid kvaliteetseid kristalle ja materjale. TSITRIIN k\u00f5rvar\u00f5ngad just Sulle!\" \/>\n<meta name=\"robots\" content=\"index, follow, max-snippet:-1, max-image-preview:large, max-video-preview:-1\" \/>\n<link rel=\"canonical\" href=\"https:\/\/mandalailu.ee\/en\/product\/sulised-korvarongad-16\/\" \/>\n<meta property=\"og:locale\" content=\"en_US\" \/>\n<meta property=\"og:type\" content=\"article\" \/>\n<meta property=\"og:title\" content=\"TSITRIIN k\u00f5rvar\u00f5ngad - Mandala ilu\" \/>\n<meta property=\"og:description\" content=\"Loodud k\u00f5rvar\u00f5ngad on unikaalsed k\u00e4sit\u00f6\u00f6na valminud iludused, kus kasutatud vaid kvaliteetseid kristalle ja materjale. TSITRIIN k\u00f5rvar\u00f5ngad just Sulle!\" \/>\n<meta property=\"og:url\" content=\"https:\/\/mandalailu.ee\/en\/product\/sulised-korvarongad-16\/\" \/>\n<meta property=\"og:site_name\" content=\"Mandala ilu\" \/>\n<meta property=\"article:publisher\" content=\"https:\/\/www.facebook.com\/MandalaILU\" \/>\n<meta property=\"article:modified_time\" content=\"2025-05-04T08:57:10+00:00\" \/>\n<meta property=\"og:image\" content=\"https:\/\/mandalailu.ee\/wp-content\/uploads\/2022\/05\/KK0009-Mandala-ILU-kristallidest-korvarongad-TSITRIIN-1.jpg\" \/>\n\t<meta property=\"og:image:width\" content=\"750\" \/>\n\t<meta property=\"og:image:height\" content=\"750\" \/>\n\t<meta property=\"og:image:type\" content=\"image\/jpeg\" \/>\n<meta name=\"twitter:card\" content=\"summary_large_image\" \/>\n<meta name=\"twitter:label1\" content=\"Est. reading time\" \/>\n\t<meta name=\"twitter:data1\" content=\"1 minute\" \/>\n<script type=\"application\/ld+json\" class=\"yoast-schema-graph\">{\"@context\":\"https:\/\/schema.org\",\"@graph\":[{\"@type\":\"WebPage\",\"@id\":\"https:\/\/mandalailu.ee\/toode\/sulised-korvarongad-16\/\",\"url\":\"https:\/\/mandalailu.ee\/toode\/sulised-korvarongad-16\/\",\"name\":\"TSITRIIN k\u00f5rvar\u00f5ngad - Mandala ilu\",\"isPartOf\":{\"@id\":\"https:\/\/mandalailu.ee\/#website\"},\"primaryImageOfPage\":{\"@id\":\"https:\/\/mandalailu.ee\/toode\/sulised-korvarongad-16\/#primaryimage\"},\"image\":{\"@id\":\"https:\/\/mandalailu.ee\/toode\/sulised-korvarongad-16\/#primaryimage\"},\"thumbnailUrl\":\"https:\/\/mandalailu.ee\/wp-content\/uploads\/2022\/05\/KK0009-Mandala-ILU-kristallidest-korvarongad-TSITRIIN-1.jpg\",\"datePublished\":\"2022-06-09T09:28:02+00:00\",\"dateModified\":\"2025-05-04T08:57:10+00:00\",\"description\":\"Loodud k\u00f5rvar\u00f5ngad on unikaalsed k\u00e4sit\u00f6\u00f6na valminud iludused, kus kasutatud vaid kvaliteetseid kristalle ja materjale. TSITRIIN k\u00f5rvar\u00f5ngad just Sulle!\",\"breadcrumb\":{\"@id\":\"https:\/\/mandalailu.ee\/toode\/sulised-korvarongad-16\/#breadcrumb\"},\"inLanguage\":\"en-US\",\"potentialAction\":[{\"@type\":\"ReadAction\",\"target\":[\"https:\/\/mandalailu.ee\/toode\/sulised-korvarongad-16\/\"]}]},{\"@type\":\"ImageObject\",\"inLanguage\":\"en-US\",\"@id\":\"https:\/\/mandalailu.ee\/toode\/sulised-korvarongad-16\/#primaryimage\",\"url\":\"https:\/\/mandalailu.ee\/wp-content\/uploads\/2022\/05\/KK0009-Mandala-ILU-kristallidest-korvarongad-TSITRIIN-1.jpg\",\"contentUrl\":\"https:\/\/mandalailu.ee\/wp-content\/uploads\/2022\/05\/KK0009-Mandala-ILU-kristallidest-korvarongad-TSITRIIN-1.jpg\",\"width\":750,\"height\":750,\"caption\":\"Mandala ILU kristallidest k\u00f5rvar\u00f5ngad \/ TSITRIIN k\u00f5rvar\u00f5ngad \/ TSITRIIN ja h\u00f5be\"},{\"@type\":\"BreadcrumbList\",\"@id\":\"https:\/\/mandalailu.ee\/toode\/sulised-korvarongad-16\/#breadcrumb\",\"itemListElement\":[{\"@type\":\"ListItem\",\"position\":1,\"name\":\"Home\",\"item\":\"https:\/\/mandalailu.ee\/\"},{\"@type\":\"ListItem\",\"position\":2,\"name\":\"TSITRIIN k\u00f5rvar\u00f5ngad\"}]},{\"@type\":\"WebSite\",\"@id\":\"https:\/\/mandalailu.ee\/#website\",\"url\":\"https:\/\/mandalailu.ee\/\",\"name\":\"Mandala ilu\",\"description\":\"Unikaalsed k&auml;sit&ouml;&ouml;na valminud ehted\",\"publisher\":{\"@id\":\"https:\/\/mandalailu.ee\/#organization\"},\"potentialAction\":[{\"@type\":\"SearchAction\",\"target\":{\"@type\":\"EntryPoint\",\"urlTemplate\":\"https:\/\/mandalailu.ee\/?s={search_term_string}\"},\"query-input\":{\"@type\":\"PropertyValueSpecification\",\"valueRequired\":true,\"valueName\":\"search_term_string\"}}],\"inLanguage\":\"en-US\"},{\"@type\":\"Organization\",\"@id\":\"https:\/\/mandalailu.ee\/#organization\",\"name\":\"Mandala ILU\",\"url\":\"https:\/\/mandalailu.ee\/\",\"logo\":{\"@type\":\"ImageObject\",\"inLanguage\":\"en-US\",\"@id\":\"https:\/\/mandalailu.ee\/#\/schema\/logo\/image\/\",\"url\":\"https:\/\/mandalailu.ee\/wp-content\/uploads\/2022\/04\/cropped-Mandala-ILU-lill_block.jpg\",\"contentUrl\":\"https:\/\/mandalailu.ee\/wp-content\/uploads\/2022\/04\/cropped-Mandala-ILU-lill_block.jpg\",\"width\":512,\"height\":512,\"caption\":\"Mandala ILU\"},\"image\":{\"@id\":\"https:\/\/mandalailu.ee\/#\/schema\/logo\/image\/\"},\"sameAs\":[\"https:\/\/www.facebook.com\/MandalaILU\",\"https:\/\/www.instagram.com\/mandala.ilu.mala.ehted\/\"]}]}<\/script>\n<!-- \/ Yoast SEO plugin. -->","yoast_head_json":{"title":"TSITRIIN k\u00f5rvar\u00f5ngad - Mandala ilu","description":"Loodud k\u00f5rvar\u00f5ngad on unikaalsed k\u00e4sit\u00f6\u00f6na valminud iludused, kus kasutatud vaid kvaliteetseid kristalle ja materjale. TSITRIIN k\u00f5rvar\u00f5ngad just Sulle!","robots":{"index":"index","follow":"follow","max-snippet":"max-snippet:-1","max-image-preview":"max-image-preview:large","max-video-preview":"max-video-preview:-1"},"canonical":"https:\/\/mandalailu.ee\/en\/product\/sulised-korvarongad-16\/","og_locale":"en_US","og_type":"article","og_title":"TSITRIIN k\u00f5rvar\u00f5ngad - Mandala ilu","og_description":"Loodud k\u00f5rvar\u00f5ngad on unikaalsed k\u00e4sit\u00f6\u00f6na valminud iludused, kus kasutatud vaid kvaliteetseid kristalle ja materjale. TSITRIIN k\u00f5rvar\u00f5ngad just Sulle!","og_url":"https:\/\/mandalailu.ee\/en\/product\/sulised-korvarongad-16\/","og_site_name":"Mandala ilu","article_publisher":"https:\/\/www.facebook.com\/MandalaILU","article_modified_time":"2025-05-04T08:57:10+00:00","og_image":[{"width":750,"height":750,"url":"https:\/\/mandalailu.ee\/wp-content\/uploads\/2022\/05\/KK0009-Mandala-ILU-kristallidest-korvarongad-TSITRIIN-1.jpg","type":"image\/jpeg"}],"twitter_card":"summary_large_image","twitter_misc":{"Est. reading time":"1 minute"},"schema":{"@context":"https:\/\/schema.org","@graph":[{"@type":"WebPage","@id":"https:\/\/mandalailu.ee\/toode\/sulised-korvarongad-16\/","url":"https:\/\/mandalailu.ee\/toode\/sulised-korvarongad-16\/","name":"TSITRIIN k\u00f5rvar\u00f5ngad - Mandala ilu","isPartOf":{"@id":"https:\/\/mandalailu.ee\/#website"},"primaryImageOfPage":{"@id":"https:\/\/mandalailu.ee\/toode\/sulised-korvarongad-16\/#primaryimage"},"image":{"@id":"https:\/\/mandalailu.ee\/toode\/sulised-korvarongad-16\/#primaryimage"},"thumbnailUrl":"https:\/\/mandalailu.ee\/wp-content\/uploads\/2022\/05\/KK0009-Mandala-ILU-kristallidest-korvarongad-TSITRIIN-1.jpg","datePublished":"2022-06-09T09:28:02+00:00","dateModified":"2025-05-04T08:57:10+00:00","description":"Loodud k\u00f5rvar\u00f5ngad on unikaalsed k\u00e4sit\u00f6\u00f6na valminud iludused, kus kasutatud vaid kvaliteetseid kristalle ja materjale. TSITRIIN k\u00f5rvar\u00f5ngad just Sulle!","breadcrumb":{"@id":"https:\/\/mandalailu.ee\/toode\/sulised-korvarongad-16\/#breadcrumb"},"inLanguage":"en-US","potentialAction":[{"@type":"ReadAction","target":["https:\/\/mandalailu.ee\/toode\/sulised-korvarongad-16\/"]}]},{"@type":"ImageObject","inLanguage":"en-US","@id":"https:\/\/mandalailu.ee\/toode\/sulised-korvarongad-16\/#primaryimage","url":"https:\/\/mandalailu.ee\/wp-content\/uploads\/2022\/05\/KK0009-Mandala-ILU-kristallidest-korvarongad-TSITRIIN-1.jpg","contentUrl":"https:\/\/mandalailu.ee\/wp-content\/uploads\/2022\/05\/KK0009-Mandala-ILU-kristallidest-korvarongad-TSITRIIN-1.jpg","width":750,"height":750,"caption":"Mandala ILU kristallidest k\u00f5rvar\u00f5ngad \/ TSITRIIN k\u00f5rvar\u00f5ngad \/ TSITRIIN ja h\u00f5be"},{"@type":"BreadcrumbList","@id":"https:\/\/mandalailu.ee\/toode\/sulised-korvarongad-16\/#breadcrumb","itemListElement":[{"@type":"ListItem","position":1,"name":"Home","item":"https:\/\/mandalailu.ee\/"},{"@type":"ListItem","position":2,"name":"TSITRIIN k\u00f5rvar\u00f5ngad"}]},{"@type":"WebSite","@id":"https:\/\/mandalailu.ee\/#website","url":"https:\/\/mandalailu.ee\/","name":"Mandala ilu","description":"Unikaalsed k&auml;sit&ouml;&ouml;na valminud ehted","publisher":{"@id":"https:\/\/mandalailu.ee\/#organization"},"potentialAction":[{"@type":"SearchAction","target":{"@type":"EntryPoint","urlTemplate":"https:\/\/mandalailu.ee\/?s={search_term_string}"},"query-input":{"@type":"PropertyValueSpecification","valueRequired":true,"valueName":"search_term_string"}}],"inLanguage":"en-US"},{"@type":"Organization","@id":"https:\/\/mandalailu.ee\/#organization","name":"Mandala ILU","url":"https:\/\/mandalailu.ee\/","logo":{"@type":"ImageObject","inLanguage":"en-US","@id":"https:\/\/mandalailu.ee\/#\/schema\/logo\/image\/","url":"https:\/\/mandalailu.ee\/wp-content\/uploads\/2022\/04\/cropped-Mandala-ILU-lill_block.jpg","contentUrl":"https:\/\/mandalailu.ee\/wp-content\/uploads\/2022\/04\/cropped-Mandala-ILU-lill_block.jpg","width":512,"height":512,"caption":"Mandala ILU"},"image":{"@id":"https:\/\/mandalailu.ee\/#\/schema\/logo\/image\/"},"sameAs":["https:\/\/www.facebook.com\/MandalaILU","https:\/\/www.instagram.com\/mandala.ilu.mala.ehted\/"]}]}},"_links":{"self":[{"href":"https:\/\/mandalailu.ee\/en\/wp-json\/wp\/v2\/product\/969","targetHints":{"allow":["GET"]}}],"collection":[{"href":"https:\/\/mandalailu.ee\/en\/wp-json\/wp\/v2\/product"}],"about":[{"href":"https:\/\/mandalailu.ee\/en\/wp-json\/wp\/v2\/types\/product"}],"wp:featuredmedia":[{"embeddable":true,"href":"https:\/\/mandalailu.ee\/en\/wp-json\/wp\/v2\/media\/4246"}],"wp:attachment":[{"href":"https:\/\/mandalailu.ee\/en\/wp-json\/wp\/v2\/media?parent=969"}],"wp:term":[{"taxonomy":"product_brand","embeddable":true,"href":"https:\/\/mandalailu.ee\/en\/wp-json\/wp\/v2\/product_brand?post=969"},{"taxonomy":"product_cat","embeddable":true,"href":"https:\/\/mandalailu.ee\/en\/wp-json\/wp\/v2\/product_cat?post=969"},{"taxonomy":"product_tag","embeddable":true,"href":"https:\/\/mandalailu.ee\/en\/wp-json\/wp\/v2\/product_tag?post=969"}],"curies":[{"name":"wp","href":"https:\/\/api.w.org\/{rel}","templated":true}]}}